{"id":3194,"date":"2025-12-13T13:07:28","date_gmt":"2025-12-13T12:07:28","guid":{"rendered":"https:\/\/www.scango.ch\/?page_id=3194"},"modified":"2025-12-13T14:29:14","modified_gmt":"2025-12-13T13:29:14","slug":"einsatz-im-getraenkeladen","status":"publish","type":"page","link":"https:\/\/www.scango.ch\/de\/einsatz-im-getraenkeladen\/","title":{"rendered":"Einsatz im Getr\u00e4nkeladen"},"content":{"rendered":"\t\t<div data-elementor-type=\"wp-page\" data-elementor-id=\"3194\" class=\"elementor elementor-3194\" data-elementor-post-type=\"page\">\n\t\t\t\t<div class=\"elementor-element elementor-element-401b5b1 e-flex e-con-boxed e-con e-parent\" data-id=\"401b5b1\" data-element_type=\"container\" data-e-type=\"container\" data-settings=\"{&quot;jet_parallax_layout_list&quot;:[]}\">\n\t\t\t\t\t<div class=\"e-con-inner\">\n\t\t<div class=\"elementor-element elementor-element-29f7d9e e-con-full e-flex e-con e-child\" data-id=\"29f7d9e\" data-element_type=\"container\" data-e-type=\"container\" data-settings=\"{&quot;jet_parallax_layout_list&quot;:[]}\">\n\t\t\t\t<div class=\"elementor-element elementor-element-f3af96a elementor-widget elementor-widget-heading\" data-id=\"f3af96a\" data-element_type=\"widget\" data-e-type=\"widget\" data-widget_type=\"heading.default\">\n\t\t\t\t<div class=\"elementor-widget-container\">\n\t\t\t\t\t<h2 class=\"elementor-heading-title elementor-size-default\">Dein Bier- und Getr\u00e4nkeladen mit scango.ch<\/h2>\t\t\t\t<\/div>\n\t\t\t\t<\/div>\n\t\t\t\t<div class=\"elementor-element elementor-element-fa288fc elementor-widget elementor-widget-text-editor\" data-id=\"fa288fc\" data-element_type=\"widget\" data-e-type=\"widget\" data-widget_type=\"text-editor.default\">\n\t\t\t\t<div class=\"elementor-widget-container\">\n\t\t\t\t\t\t\t\t\t<p>Unsere L\u00f6sung ist f\u00fcr autonome und teilautonome Verkaufskonzepte vielf\u00e4ltige einsetzbar. <strong>Gerade f\u00fcr deine Getr\u00e4nkehandlung in Selbstbedienung ist scango.ch perfekt geeignet. <\/strong>Dir als Betreiberin bleibt mehr Zeit f\u00fcr deine Leidenschaften ausserhalb des Ladenbetriebs. Und deine Kundinnen und Kunden geniessen ein modernes und unabh\u00e4ngiges Einkaufserlebnis.<\/p>\t\t\t\t\t\t\t\t<\/div>\n\t\t\t\t<\/div>\n\t\t\t\t<div class=\"elementor-element elementor-element-4b06de2 elementor-widget elementor-widget-text-editor\" data-id=\"4b06de2\" data-element_type=\"widget\" data-e-type=\"widget\" data-widget_type=\"text-editor.default\">\n\t\t\t\t<div class=\"elementor-widget-container\">\n\t\t\t\t\t\t\t\t\t<p><b>F\u00fcr dich besonders spannend:<\/b><\/p><ul><li><strong>Mehrweg-Gebinde kann gekauft und zur\u00fcckgegeben werden<\/strong>. R\u00fcckgaben l\u00f6sen deine Kunden in Form von Eink\u00e4ufen direkt wieder ein und sorgen f\u00fcr mehr Umsatz.<\/li><li><strong>Lager- und Bestell-App<\/strong>, mit der du eine Lagerverwaltung und dein Bestellwesen spielend miteinander verbindest. Mit scan-click-mail sendest du deinen Lieferanten deine Bestellungen im Handumdrehen per E-Mail.<\/li><li><strong>Label-Drucker-App<\/strong>, mit der du deine Regale f\u00fcr deine Kunden sprechend beschriftest und deine Nachbestellungen einfach erledigen kannst.<\/li><li>dank unserer offenen API-Schnittstelle eignet sich unsere L\u00f6sung auch als<strong> Erg\u00e4nzung zu deinem vorhandenen Kassensystem,<\/strong> beispielsweise als zus\u00e4tzlicher Self-Checkout oder f\u00fcr einen Teilbereich mit erweiterten Einkaufszeiten ohne Personal.<\/li><\/ul>\t\t\t\t\t\t\t\t<\/div>\n\t\t\t\t<\/div>\n\t\t\t\t<div class=\"elementor-element elementor-element-7fecee2 elementor-widget elementor-widget-text-editor\" data-id=\"7fecee2\" data-element_type=\"widget\" data-e-type=\"widget\" data-widget_type=\"text-editor.default\">\n\t\t\t\t<div class=\"elementor-widget-container\">\n\t\t\t\t\t\t\t\t\t<p><strong>Mal selber Hand anlegen? <\/strong>\u00dcberzeuge dich vor Ort von unserem Selbstbedienungssystem an ausgew\u00e4hlten Standorten. Wir empfehlen dir den <a href=\"https:\/\/www.minibierladen.ch\/\" target=\"_blank\" rel=\"noopener\">Mini.Bierladen in Lichtensteig<\/a><\/p><p><b>Dein Projekt einen Schritt weiterbringen?<\/b>\u00a0<a style=\"background-color: rgba(78, 184, 206, 0.05);\" href=\"https:\/\/tally.so\/r\/3qJkok\" target=\"_blank\" rel=\"noopener\">Hier erf\u00e4hrst du in 2 Minuten<\/a>, was wir dir empfehlen und mit welchen Kosten du rechnen kannst.<\/p>\t\t\t\t\t\t\t\t<\/div>\n\t\t\t\t<\/div>\n\t\t\t\t<\/div>\n\t\t\t\t\t<\/div>\n\t\t\t\t<\/div>\n\t\t<div class=\"elementor-element elementor-element-f46909c e-flex e-con-boxed e-con e-parent\" data-id=\"f46909c\" data-element_type=\"container\" data-e-type=\"container\" data-settings=\"{&quot;jet_parallax_layout_list&quot;:[]}\">\n\t\t\t\t\t<div class=\"e-con-inner\">\n\t\t<div class=\"elementor-element elementor-element-1a3503f e-con-full e-flex e-con e-child\" data-id=\"1a3503f\" data-element_type=\"container\" data-e-type=\"container\" data-settings=\"{&quot;background_background&quot;:&quot;classic&quot;,&quot;jet_parallax_layout_list&quot;:[]}\">\n\t\t<div class=\"elementor-element elementor-element-d35afe7 e-con-full e-flex e-con e-child\" data-id=\"d35afe7\" data-element_type=\"container\" data-e-type=\"container\" data-settings=\"{&quot;jet_parallax_layout_list&quot;:[]}\">\n\t\t\t\t<div class=\"elementor-element elementor-element-e973fa4 elementor-widget elementor-widget-heading\" data-id=\"e973fa4\" data-element_type=\"widget\" data-e-type=\"widget\" data-widget_type=\"heading.default\">\n\t\t\t\t<div class=\"elementor-widget-container\">\n\t\t\t\t\t<h2 class=\"elementor-heading-title elementor-size-default\">Der Bierladen in der Kleinstadt<\/h2>\t\t\t\t<\/div>\n\t\t\t\t<\/div>\n\t\t\t\t<div class=\"elementor-element elementor-element-9b25034 elementor-widget elementor-widget-text-editor\" data-id=\"9b25034\" data-element_type=\"widget\" data-e-type=\"widget\" data-widget_type=\"text-editor.default\">\n\t\t\t\t<div class=\"elementor-widget-container\">\n\t\t\t\t\t\t\t\t\t<p><span style=\"font-weight: 400;\">Der Mini.Bierladen wurde im Fr\u00fchling 2021 er\u00f6ffnet. Er liegt an der Hauptgasse des historischen St\u00e4dtchens Lichtensteig. Das Sortiment richtet sich Bierliebhaberinnen und -Liebhaber sowie Entdeckerinnen und -Entdecker regionaler Spezialit\u00e4ten f\u00fcr sich selbst oder zum Verschenken. Ausgebildete Sommeli\u00e8re betraten die Kundinnen und Kunden zu ausgew\u00e4hlten Zeiten vor Ort und schenkten ihnen zu diesen Zeiten Getr\u00e4nke aus.<\/span><\/p><p>\u00a0<\/p><p><span style=\"font-weight: 400;\">Sortiment:<\/span> <span style=\"font-weight: 400;\">ca. 250 Artikel, davon 150 Bierspezialit\u00e4ten sowie weiter<\/span><span style=\"font-weight: 400;\"><br \/><\/span> <span style=\"font-weight: 400;\">100 regionale, kulinarische Spezialit\u00e4ten<\/span><\/p><p><span style=\"font-weight: 400;\">\u00d6ffnungszeiten:<\/span> <span style=\"font-weight: 400;\">t\u00e4glich 24h<\/span><\/p><p><span style=\"font-weight: 400;\">Betreuung:<\/span> <span style=\"font-weight: 400;\">Freitag &amp; Samstag mit Beratungszeiten, \u00fcbrige Zeit unbetreut<\/span><\/p><p>\u00a0<\/p><p><span style=\"font-weight: 400;\">POS-Terminal:<\/span> <span style=\"font-weight: 400;\">K2 Retail<\/span><\/p><p><span style=\"font-weight: 400;\">Zahlterminal:<\/span> <span style=\"font-weight: 400;\">PayTec UTP 1000F<\/span><\/p><p><span style=\"font-weight: 400;\">Zutrittssystem:<\/span> <span style=\"font-weight: 400;\">scango.identity<\/span><\/p><p><span style=\"font-weight: 400;\">weitere Infrastruktur:<\/span> <span style=\"font-weight: 400;\">Video\u00fcberwachung, Klimatisierung<\/span><\/p><p><br \/><span style=\"font-weight: 400;\">Zahlungsm\u00f6glichkeiten:<\/span> <span style=\"font-weight: 400;\">alle g\u00e4ngigen Karten sowie TWINT, Barzahlung (in K\u00e4sseli)<\/span><\/p>\t\t\t\t\t\t\t\t<\/div>\n\t\t\t\t<\/div>\n\t\t\t\t<\/div>\n\t\t<div class=\"elementor-element elementor-element-3cc91a9 e-con-full e-flex e-con e-child\" data-id=\"3cc91a9\" data-element_type=\"container\" data-e-type=\"container\" data-settings=\"{&quot;jet_parallax_layout_list&quot;:[]}\">\n\t\t\t\t<div class=\"elementor-element elementor-element-b918a03 elementor-widget elementor-widget-google_maps\" data-id=\"b918a03\" data-element_type=\"widget\" data-e-type=\"widget\" data-widget_type=\"google_maps.default\">\n\t\t\t\t<div class=\"elementor-widget-container\">\n\t\t\t\t\t\t\t<div class=\"elementor-custom-embed\">\n\t\t\t<iframe loading=\"lazy\"\n\t\t\t\t\tsrc=\"https:\/\/www.google.com\/maps\/embed\/v1\/place?key=AIzaSyDymc0oWz_-QMZgiqss5DIQya7qs8N33ts&#038;q=Mini.Bierladen%2C%209620%20LIchtensteig&#038;zoom=10\"\n\t\t\t\t\ttitle=\"Mini.Bierladen, 9620 LIchtensteig\"\n\t\t\t\t\taria-label=\"Mini.Bierladen, 9620 LIchtensteig\"\n\t\t\t><\/iframe>\n\t\t<\/div>\n\t\t\t\t\t\t<\/div>\n\t\t\t\t<\/div>\n\t\t<div class=\"elementor-element elementor-element-3c01857 e-flex e-con-boxed e-con e-child\" data-id=\"3c01857\" data-element_type=\"container\" data-e-type=\"container\" data-settings=\"{&quot;background_background&quot;:&quot;classic&quot;,&quot;jet_parallax_layout_list&quot;:[]}\">\n\t\t\t\t\t<div class=\"e-con-inner\">\n\t\t\t\t<div class=\"elementor-element elementor-element-0c81f31 elementor-widget__width-auto elementor-widget elementor-widget-heading\" data-id=\"0c81f31\" data-element_type=\"widget\" data-e-type=\"widget\" data-widget_type=\"heading.default\">\n\t\t\t\t<div class=\"elementor-widget-container\">\n\t\t\t\t\t<h2 class=\"elementor-heading-title elementor-size-default\">Mini.Bierladen<\/h2>\t\t\t\t<\/div>\n\t\t\t\t<\/div>\n\t\t\t\t<div class=\"elementor-element elementor-element-8524716 elementor-widget__width-auto elementor-widget elementor-widget-heading\" data-id=\"8524716\" data-element_type=\"widget\" data-e-type=\"widget\" data-widget_type=\"heading.default\">\n\t\t\t\t<div class=\"elementor-widget-container\">\n\t\t\t\t\t<p class=\"elementor-heading-title elementor-size-default\">Hauptgasse 27<\/p>\t\t\t\t<\/div>\n\t\t\t\t<\/div>\n\t\t\t\t<div class=\"elementor-element elementor-element-6b93a1c elementor-widget__width-auto elementor-widget elementor-widget-heading\" data-id=\"6b93a1c\" data-element_type=\"widget\" data-e-type=\"widget\" data-widget_type=\"heading.default\">\n\t\t\t\t<div class=\"elementor-widget-container\">\n\t\t\t\t\t<p class=\"elementor-heading-title elementor-size-default\">9620 Lichtensteig<\/p>\t\t\t\t<\/div>\n\t\t\t\t<\/div>\n\t\t\t\t<div class=\"elementor-element elementor-element-c43dd05 elementor-widget__width-auto elementor-widget elementor-widget-heading\" data-id=\"c43dd05\" data-element_type=\"widget\" data-e-type=\"widget\" data-widget_type=\"heading.default\">\n\t\t\t\t<div class=\"elementor-widget-container\">\n\t\t\t\t\t<p class=\"elementor-heading-title elementor-size-default\"><a href=\"https:\/\/www.minibierladen.ch\/\" target=\"_blank\" rel=\"noopener\">www.minibierladen.ch<\/a><\/p>\t\t\t\t<\/div>\n\t\t\t\t<\/div>\n\t\t\t\t\t<\/div>\n\t\t\t\t<\/div>\n\t\t\t\t<\/div>\n\t\t\t\t<\/div>\n\t\t\t\t\t<\/div>\n\t\t\t\t<\/div>\n\t\t\t\t<\/div>\n\t\t","protected":false},"excerpt":{"rendered":"<p>Dein Bier- und Getr\u00e4nkeladen mit scango.ch Unsere L\u00f6sung ist f\u00fcr autonome und teilautonome Verkaufskonzepte vielf\u00e4ltige einsetzbar. Gerade f\u00fcr deine Getr\u00e4nkehandlung in Selbstbedienung ist scango.ch perfekt geeignet. Dir als Betreiberin bleibt mehr Zeit f\u00fcr deine Leidenschaften ausserhalb des Ladenbetriebs. Und deine Kundinnen und Kunden geniessen ein modernes und unabh\u00e4ngiges Einkaufserlebnis. F\u00fcr dich besonders spannend: Mehrweg-Gebinde kann [&hellip;]<\/p>\n","protected":false},"author":3,"featured_media":0,"parent":0,"menu_order":0,"comment_status":"closed","ping_status":"closed","template":"","meta":{"_jf_save_progress":"","footnotes":""},"class_list":["post-3194","page","type-page","status-publish","hentry"],"_links":{"self":[{"href":"https:\/\/www.scango.ch\/de\/wp-json\/wp\/v2\/pages\/3194","targetHints":{"allow":["GET"]}}],"collection":[{"href":"https:\/\/www.scango.ch\/de\/wp-json\/wp\/v2\/pages"}],"about":[{"href":"https:\/\/www.scango.ch\/de\/wp-json\/wp\/v2\/types\/page"}],"author":[{"embeddable":true,"href":"https:\/\/www.scango.ch\/de\/wp-json\/wp\/v2\/users\/3"}],"replies":[{"embeddable":true,"href":"https:\/\/www.scango.ch\/de\/wp-json\/wp\/v2\/comments?post=3194"}],"version-history":[{"count":27,"href":"https:\/\/www.scango.ch\/de\/wp-json\/wp\/v2\/pages\/3194\/revisions"}],"predecessor-version":[{"id":3305,"href":"https:\/\/www.scango.ch\/de\/wp-json\/wp\/v2\/pages\/3194\/revisions\/3305"}],"wp:attachment":[{"href":"https:\/\/www.scango.ch\/de\/wp-json\/wp\/v2\/media?parent=3194"}],"curies":[{"name":"wp","href":"https:\/\/api.w.org\/{rel}","templated":true}]}}