{"id":3200,"date":"2025-12-13T13:07:41","date_gmt":"2025-12-13T12:07:41","guid":{"rendered":"https:\/\/www.scango.ch\/?page_id=3200"},"modified":"2025-12-13T14:29:19","modified_gmt":"2025-12-13T13:29:19","slug":"einsatz-im-spezialitaetenladen","status":"publish","type":"page","link":"https:\/\/www.scango.ch\/de\/einsatz-im-spezialitaetenladen\/","title":{"rendered":"Einsatz im Spezialit\u00e4tenladen"},"content":{"rendered":"\t\t<div data-elementor-type=\"wp-page\" data-elementor-id=\"3200\" class=\"elementor elementor-3200\" data-elementor-post-type=\"page\">\n\t\t\t\t<div class=\"elementor-element elementor-element-401b5b1 e-flex e-con-boxed e-con e-parent\" data-id=\"401b5b1\" data-element_type=\"container\" data-e-type=\"container\" data-settings=\"{&quot;jet_parallax_layout_list&quot;:[]}\">\n\t\t\t\t\t<div class=\"e-con-inner\">\n\t\t<div class=\"elementor-element elementor-element-29f7d9e e-flex e-con-boxed e-con e-child\" data-id=\"29f7d9e\" data-element_type=\"container\" data-e-type=\"container\" data-settings=\"{&quot;jet_parallax_layout_list&quot;:[]}\">\n\t\t\t\t\t<div class=\"e-con-inner\">\n\t\t\t\t<div class=\"elementor-element elementor-element-f3af96a elementor-widget elementor-widget-heading\" data-id=\"f3af96a\" data-element_type=\"widget\" data-e-type=\"widget\" data-widget_type=\"heading.default\">\n\t\t\t\t<div class=\"elementor-widget-container\">\n\t\t\t\t\t<h2 class=\"elementor-heading-title elementor-size-default\"><h2 data-elementor-setting-key=\"title\" data-pen-placeholder=\"Eingabe hier...\" data-lt-tmp-id=\"lt-889936\" data-gramm=\"false\" style=\"font-family: Ubuntu, sans-serif;font-weight: 400;line-height: 67.2px;font-size: 48px;text-transform: none;letter-spacing: 1px\"><div data-id=\"f3af96a\" data-element_type=\"widget\" data-widget_type=\"heading.default\" style=\"align-self: auto;flex: 0 1 auto;align-items: normal;flex-flow: row;gap: 20px;margin-bottom: 0px;--kit-widget-spacing: 0px;max-width: 100%;font-size: 16px;letter-spacing: normal\"><div style=\"height: 67.2031px\"><h2 style=\"font-family: Ubuntu, sans-serif;font-weight: 400;line-height: 67.2px;font-size: 48px;text-transform: none;letter-spacing: 1px\">Dein Spezialit\u00e4tenladen mit scango.ch<span><\/span><\/h2><\/div><\/div><\/h2><\/h2>\t\t\t\t<\/div>\n\t\t\t\t<\/div>\n\t\t\t\t<div class=\"elementor-element elementor-element-fa288fc elementor-widget elementor-widget-text-editor\" data-id=\"fa288fc\" data-element_type=\"widget\" data-e-type=\"widget\" data-widget_type=\"text-editor.default\">\n\t\t\t\t<div class=\"elementor-widget-container\">\n\t\t\t\t\t\t\t\t\t<p>Unsere L\u00f6sung ist f\u00fcr autonome und teilautonome Verkaufskonzepte vielf\u00e4ltige einsetzbar.\u00a0Gerade f\u00fcr <strong>deinen Spezialit\u00e4tenladen<\/strong> ist scango.ch perfekt geeignet.\u00a0Dir als Betreiberin bleibt mehr Zeit f\u00fcr deine Leidenschaften ausserhalb des Ladenbetriebs. Und deine Kundinnen und Kunden geniessen ein modernes und unabh\u00e4ngiges Einkaufserlebnis.<\/p>\t\t\t\t\t\t\t\t<\/div>\n\t\t\t\t<\/div>\n\t\t\t\t<div class=\"elementor-element elementor-element-47b177e elementor-widget elementor-widget-text-editor\" data-id=\"47b177e\" data-element_type=\"widget\" data-e-type=\"widget\" data-widget_type=\"text-editor.default\">\n\t\t\t\t<div class=\"elementor-widget-container\">\n\t\t\t\t\t\t\t\t\t<p><b>F\u00fcr dich besonders spannend:<\/b><\/p><ul><li><strong>Label-Drucker-App<\/strong>, mit der du deine Produkte mit scanbaren Preisen ausstattest. Auch einzelne, individuelle Produkte beschriftest du im Handumdrehen.<\/li><li><a href=\"https:\/\/www.scango.ch\/produkt\/scango-ch-scale-s2\/\"><strong>Waage<\/strong><\/a>, die mit den Produktdaten deiner Kasse verbunden ist. Du aktualisierst Preise und Produkte jederzeit von \u00fcberall.<\/li><li><strong>Einfache, manuelle Auswahl \u00fcber den Kassenbildschirm<\/strong> f\u00fcr deine offen verk\u00e4uflichen Backwaren.<\/li><\/ul>\t\t\t\t\t\t\t\t<\/div>\n\t\t\t\t<\/div>\n\t\t\t\t<div class=\"elementor-element elementor-element-7fecee2 elementor-widget elementor-widget-text-editor\" data-id=\"7fecee2\" data-element_type=\"widget\" data-e-type=\"widget\" data-widget_type=\"text-editor.default\">\n\t\t\t\t<div class=\"elementor-widget-container\">\n\t\t\t\t\t\t\t\t\t<p><span style=\"font-weight: bolder;\">Mal selber Hand anlegen?\u00a0<\/span>\u00dcberzeuge dich vor Ort von unserem Selbstbedienungssystem an ausgew\u00e4hlten Standorten.<br \/>Wir empfehlen dir den <a href=\"https:\/\/www.toggenburgshop.ch\/laden\/wattwil\/\" target=\"_blank\" rel=\"noopener\">Toggenburgshop in Wattwil<\/a>. Du findest aber auch alle unsere L\u00f6sungen im Einsatz im <a href=\"https:\/\/www.dorla.ch\/\" target=\"_blank\" rel=\"noopener\">Dorla in G\u00e4hwil<\/a>.<\/p><p><b>Dein Projekt einen Schritt weiterbringen?<\/b>\u00a0<a style=\"background-color: rgba(78, 184, 206, 0.05);\" href=\"https:\/\/tally.so\/r\/3qJkok\" target=\"_blank\" rel=\"noopener\">Hier erf\u00e4hrst du in 2 Minuten<\/a>, was wir dir empfehlen und mit welchen Kosten du rechnen kannst.<\/p>\t\t\t\t\t\t\t\t<\/div>\n\t\t\t\t<\/div>\n\t\t\t\t\t<\/div>\n\t\t\t\t<\/div>\n\t\t\t\t\t<\/div>\n\t\t\t\t<\/div>\n\t\t<div class=\"elementor-element elementor-element-70ebbd6 e-flex e-con-boxed e-con e-parent\" data-id=\"70ebbd6\" data-element_type=\"container\" data-e-type=\"container\" data-settings=\"{&quot;jet_parallax_layout_list&quot;:[]}\">\n\t\t\t\t\t<div class=\"e-con-inner\">\n\t\t<div class=\"elementor-element elementor-element-8d61d45 e-con-full e-flex e-con e-child\" data-id=\"8d61d45\" data-element_type=\"container\" data-e-type=\"container\" data-settings=\"{&quot;background_background&quot;:&quot;classic&quot;,&quot;jet_parallax_layout_list&quot;:[]}\">\n\t\t<div class=\"elementor-element elementor-element-48eb8c0 e-con-full e-flex e-con e-child\" data-id=\"48eb8c0\" data-element_type=\"container\" data-e-type=\"container\" data-settings=\"{&quot;jet_parallax_layout_list&quot;:[]}\">\n\t\t\t\t<div class=\"elementor-element elementor-element-09f6690 elementor-widget elementor-widget-heading\" data-id=\"09f6690\" data-element_type=\"widget\" data-e-type=\"widget\" data-widget_type=\"heading.default\">\n\t\t\t\t<div class=\"elementor-widget-container\">\n\t\t\t\t\t<h2 class=\"elementor-heading-title elementor-size-default\">Regionale Spezialit\u00e4ten im Zentrum<\/h2>\t\t\t\t<\/div>\n\t\t\t\t<\/div>\n\t\t\t\t<div class=\"elementor-element elementor-element-cb079c8 elementor-widget elementor-widget-text-editor\" data-id=\"cb079c8\" data-element_type=\"widget\" data-e-type=\"widget\" data-widget_type=\"text-editor.default\">\n\t\t\t\t<div class=\"elementor-widget-container\">\n\t\t\t\t\t\t\t\t\t<p><span style=\"font-weight: 400;\">Der Toggenburgshop wurde im Herbst 2021 er\u00f6ffnet. Er liegt zentral in Bahnhofsn\u00e4he im Hauptort des Toggenburg. Das Sortiment richtet sich an Konsumentinnen f\u00fcr den t\u00e4glichen Bedarf an Lebensmitteln und non-Food-Artikeln. Wenn immer m\u00f6glich stammen diese aus der Region. Der Shop verf\u00fcgt \u00fcber eine Kaffeestation, gek\u00fchlte Getr\u00e4nke und einen Bierk\u00fchlschrank, der \u00fcber ein Zutrittssystem mit Alterslimite gesichert ist.<\/span><\/p><p><span style=\"font-weight: 400;\">Sortiment:<\/span>\u00a0<span style=\"font-weight: 400;\">800 Artikel des t\u00e4glichen Bedarfs, wenn m\u00f6glich aus der Region<\/span><\/p><p><span style=\"font-weight: 400;\">\u00d6ffnungszeiten:<\/span> <span style=\"font-weight: 400;\">t\u00e4glich 24h<\/span><\/p><p><span style=\"font-weight: 400;\">Betreuung:<\/span> <span style=\"font-weight: 400;\">durchgehend unbetreut<\/span><\/p><p><span style=\"font-weight: 400;\">POS-Terminal:<\/span> <span style=\"font-weight: 400;\">K2 Retail (2x)<\/span><\/p><p><span style=\"font-weight: 400;\">Zahlterminal:<\/span> <span style=\"font-weight: 400;\">PayTec UTP 1000F<\/span><\/p><p><span style=\"font-weight: 400;\">Zutrittssystem:<\/span> <span style=\"font-weight: 400;\">keines (K\u00fchlschrank mit Alkohol \u00fcber scango.identity gesichert)<\/span><\/p><p><span style=\"font-weight: 400;\">weitere Infrastruktur:<\/span> <span style=\"font-weight: 400;\">Video\u00fcberwachung, Klimatisierung<\/span><\/p><p><span style=\"font-weight: 400;\">Zahlungsm\u00f6glichkeiten:<\/span> <span style=\"font-weight: 400;\">alle g\u00e4ngigen Karten sowie TWINT<\/span><\/p>\t\t\t\t\t\t\t\t<\/div>\n\t\t\t\t<\/div>\n\t\t\t\t<\/div>\n\t\t<div class=\"elementor-element elementor-element-4b3422d e-con-full e-flex e-con e-child\" data-id=\"4b3422d\" data-element_type=\"container\" data-e-type=\"container\" data-settings=\"{&quot;jet_parallax_layout_list&quot;:[]}\">\n\t\t<div class=\"elementor-element elementor-element-c8ff5a3 e-con-full e-flex e-con e-child\" data-id=\"c8ff5a3\" data-element_type=\"container\" data-e-type=\"container\" data-settings=\"{&quot;jet_parallax_layout_list&quot;:[]}\">\n\t\t<div class=\"elementor-element elementor-element-9023e04 e-con-full e-flex e-con e-child\" data-id=\"9023e04\" data-element_type=\"container\" data-e-type=\"container\" data-settings=\"{&quot;jet_parallax_layout_list&quot;:[]}\">\n\t\t\t\t<div class=\"elementor-element elementor-element-ea86f8e elementor-widget elementor-widget-html\" data-id=\"ea86f8e\" data-element_type=\"widget\" data-e-type=\"widget\" data-widget_type=\"html.default\">\n\t\t\t\t<div class=\"elementor-widget-container\">\n\t\t\t\t\t<iframe src=\"https:\/\/www.google.com\/maps\/embed?pb=!4v1694085824397!6m8!1m7!1sCAoSLEFGMVFpcE5mWGx6Vl9jY215Um5RMEFxUzB3dGVWbTg3Yy1JSTdXcVg2eUNm!2m2!1d47.2978299!2d9.0883171!3f40!4f0!5f0.7820865974627469\" width=\"400\" height=\"300\" style=\"border:0;\" allowfullscreen=\"\" loading=\"lazy\" referrerpolicy=\"no-referrer-when-downgrade\"><\/iframe>\t\t\t\t<\/div>\n\t\t\t\t<\/div>\n\t\t\t\t<\/div>\n\t\t\t\t<\/div>\n\t\t\t\t<div class=\"elementor-element elementor-element-4120fb9 elementor-widget elementor-widget-google_maps\" data-id=\"4120fb9\" data-element_type=\"widget\" data-e-type=\"widget\" data-widget_type=\"google_maps.default\">\n\t\t\t\t<div class=\"elementor-widget-container\">\n\t\t\t\t\t\t\t<div class=\"elementor-custom-embed\">\n\t\t\t<iframe loading=\"lazy\"\n\t\t\t\t\tsrc=\"https:\/\/www.google.com\/maps\/embed\/v1\/place?key=AIzaSyDymc0oWz_-QMZgiqss5DIQya7qs8N33ts&#038;q=Toggenburgshop%2C%209630%20Wattwil&#038;zoom=10\"\n\t\t\t\t\ttitle=\"Toggenburgshop, 9630 Wattwil\"\n\t\t\t\t\taria-label=\"Toggenburgshop, 9630 Wattwil\"\n\t\t\t><\/iframe>\n\t\t<\/div>\n\t\t\t\t\t\t<\/div>\n\t\t\t\t<\/div>\n\t\t<div class=\"elementor-element elementor-element-5dc0444 e-flex e-con-boxed e-con e-child\" data-id=\"5dc0444\" data-element_type=\"container\" data-e-type=\"container\" data-settings=\"{&quot;background_background&quot;:&quot;classic&quot;,&quot;jet_parallax_layout_list&quot;:[]}\">\n\t\t\t\t\t<div class=\"e-con-inner\">\n\t\t\t\t<div class=\"elementor-element elementor-element-54d1c87 elementor-widget__width-auto elementor-widget elementor-widget-heading\" data-id=\"54d1c87\" data-element_type=\"widget\" data-e-type=\"widget\" data-widget_type=\"heading.default\">\n\t\t\t\t<div class=\"elementor-widget-container\">\n\t\t\t\t\t<h2 class=\"elementor-heading-title elementor-size-default\">Toggenburgshop<\/h2>\t\t\t\t<\/div>\n\t\t\t\t<\/div>\n\t\t\t\t<div class=\"elementor-element elementor-element-9fa1714 elementor-widget__width-auto elementor-widget elementor-widget-heading\" data-id=\"9fa1714\" data-element_type=\"widget\" data-e-type=\"widget\" data-widget_type=\"heading.default\">\n\t\t\t\t<div class=\"elementor-widget-container\">\n\t\t\t\t\t<p class=\"elementor-heading-title elementor-size-default\">Bahnhofstrasse 22<\/p>\t\t\t\t<\/div>\n\t\t\t\t<\/div>\n\t\t\t\t<div class=\"elementor-element elementor-element-8c32eaf elementor-widget__width-auto elementor-widget elementor-widget-heading\" data-id=\"8c32eaf\" data-element_type=\"widget\" data-e-type=\"widget\" data-widget_type=\"heading.default\">\n\t\t\t\t<div class=\"elementor-widget-container\">\n\t\t\t\t\t<p class=\"elementor-heading-title elementor-size-default\">9630 Wattwil<\/p>\t\t\t\t<\/div>\n\t\t\t\t<\/div>\n\t\t\t\t<div class=\"elementor-element elementor-element-4cbae2a elementor-widget__width-auto elementor-widget elementor-widget-heading\" data-id=\"4cbae2a\" data-element_type=\"widget\" data-e-type=\"widget\" data-widget_type=\"heading.default\">\n\t\t\t\t<div class=\"elementor-widget-container\">\n\t\t\t\t\t<p class=\"elementor-heading-title elementor-size-default\"><a href=\"https:\/\/www.toggenburgshop.ch\/\" target=\"_blank\" rel=\"noopener\">www.toggenburgshop.ch<\/a><\/p>\t\t\t\t<\/div>\n\t\t\t\t<\/div>\n\t\t\t\t\t<\/div>\n\t\t\t\t<\/div>\n\t\t\t\t<\/div>\n\t\t\t\t<\/div>\n\t\t\t\t\t<\/div>\n\t\t\t\t<\/div>\n\t\t<div class=\"elementor-element elementor-element-46cc3bd e-flex e-con-boxed e-con e-parent\" data-id=\"46cc3bd\" data-element_type=\"container\" data-e-type=\"container\" data-settings=\"{&quot;jet_parallax_layout_list&quot;:[]}\">\n\t\t\t\t\t<div class=\"e-con-inner\">\n\t\t<div class=\"elementor-element elementor-element-b299f67 e-con-full e-flex e-con e-child\" data-id=\"b299f67\" data-element_type=\"container\" data-e-type=\"container\" data-settings=\"{&quot;background_background&quot;:&quot;classic&quot;,&quot;jet_parallax_layout_list&quot;:[]}\">\n\t\t<div class=\"elementor-element elementor-element-bd47ea9 e-con-full e-flex e-con e-child\" data-id=\"bd47ea9\" data-element_type=\"container\" data-e-type=\"container\" data-settings=\"{&quot;jet_parallax_layout_list&quot;:[]}\">\n\t\t\t\t<div class=\"elementor-element elementor-element-991f1f2 elementor-widget elementor-widget-heading\" data-id=\"991f1f2\" data-element_type=\"widget\" data-e-type=\"widget\" data-widget_type=\"heading.default\">\n\t\t\t\t<div class=\"elementor-widget-container\">\n\t\t\t\t\t<h2 class=\"elementor-heading-title elementor-size-default\">Typischer Dorfladen<\/h2>\t\t\t\t<\/div>\n\t\t\t\t<\/div>\n\t\t\t\t<div class=\"elementor-element elementor-element-27c9f00 elementor-widget elementor-widget-text-editor\" data-id=\"27c9f00\" data-element_type=\"widget\" data-e-type=\"widget\" data-widget_type=\"text-editor.default\">\n\t\t\t\t<div class=\"elementor-widget-container\">\n\t\t\t\t\t\t\t\t\t<p>Der Dorla wurde im Fr\u00fchling 2025 er\u00f6ffnet. Er befindet sich mitten im Dorf G\u00e4hwil und ist rund um die Uhr ge\u00f6ffnet. Das Sortiment orientiert sich am typischen Bedarf der Dorfbev\u00f6lkerung und umfasst Lebensmittel sowie ausgew\u00e4hlte Non-Food-Artikel. Wo immer m\u00f6glich, stammen die Produkte von regionalen Produzentinnen und Produzenten. Der Dorla bietet t\u00e4glich frisches Brot, gek\u00fchlte Getr\u00e4nke und einen Bier- und Schnapskeller, der \u00fcber ein Zutrittssystem mit Alterslimite gesichert ist.<\/p><p><span style=\"font-weight: 400;\">Sortiment:<\/span>\u00a0<span style=\"font-weight: 400;\">2500 Artikel des t\u00e4glichen Bedarfs<\/span><\/p><p><span style=\"font-weight: 400;\">\u00d6ffnungszeiten:<\/span> <span style=\"font-weight: 400;\">t\u00e4glich 24h<\/span><\/p><p><span style=\"font-weight: 400;\">Betreuung:<\/span> <span style=\"font-weight: 400;\">durchgehend unbetreut<\/span><\/p><p><span style=\"font-weight: 400;\">POS-Terminal:<\/span> <span style=\"font-weight: 400;\">K2 Retail (2x)<\/span><\/p><p><span style=\"font-weight: 400;\">Zahlterminal:<\/span> <span style=\"font-weight: 400;\">PayTec UTP 1000F<\/span><\/p><p><span style=\"font-weight: 400;\">Zutrittssystem:<\/span> <span style=\"font-weight: 400;\">keines (Bier- &amp; Schnapsraum mit Alkohol und Tabak \u00fcber scango.ch identity gesichert)<\/span><\/p><p><span style=\"font-weight: 400;\">weitere Infrastruktur:<\/span> <span style=\"font-weight: 400;\">Video\u00fcberwachung, Klimatisierung<\/span><\/p><p><span style=\"font-weight: 400;\">Zahlungsm\u00f6glichkeiten:<\/span> <span style=\"font-weight: 400;\">alle g\u00e4ngigen Karten sowie TWINT<\/span><\/p>\t\t\t\t\t\t\t\t<\/div>\n\t\t\t\t<\/div>\n\t\t\t\t<\/div>\n\t\t<div class=\"elementor-element elementor-element-4383cff e-con-full e-flex e-con e-child\" data-id=\"4383cff\" data-element_type=\"container\" data-e-type=\"container\" data-settings=\"{&quot;jet_parallax_layout_list&quot;:[]}\">\n\t\t\t\t<div class=\"elementor-element elementor-element-11591ff elementor-widget elementor-widget-google_maps\" data-id=\"11591ff\" data-element_type=\"widget\" data-e-type=\"widget\" data-widget_type=\"google_maps.default\">\n\t\t\t\t<div class=\"elementor-widget-container\">\n\t\t\t\t\t\t\t<div class=\"elementor-custom-embed\">\n\t\t\t<iframe loading=\"lazy\"\n\t\t\t\t\tsrc=\"https:\/\/www.google.com\/maps\/embed\/v1\/place?key=AIzaSyDymc0oWz_-QMZgiqss5DIQya7qs8N33ts&#038;q=Dorla%20G%C3%A4hwil&#038;zoom=10\"\n\t\t\t\t\ttitle=\"Dorla G\u00e4hwil\"\n\t\t\t\t\taria-label=\"Dorla G\u00e4hwil\"\n\t\t\t><\/iframe>\n\t\t<\/div>\n\t\t\t\t\t\t<\/div>\n\t\t\t\t<\/div>\n\t\t<div class=\"elementor-element elementor-element-673e5df e-flex e-con-boxed e-con e-child\" data-id=\"673e5df\" data-element_type=\"container\" data-e-type=\"container\" data-settings=\"{&quot;background_background&quot;:&quot;classic&quot;,&quot;jet_parallax_layout_list&quot;:[]}\">\n\t\t\t\t\t<div class=\"e-con-inner\">\n\t\t\t\t<div class=\"elementor-element elementor-element-513c9c4 elementor-widget__width-auto elementor-widget elementor-widget-heading\" data-id=\"513c9c4\" data-element_type=\"widget\" data-e-type=\"widget\" data-widget_type=\"heading.default\">\n\t\t\t\t<div class=\"elementor-widget-container\">\n\t\t\t\t\t<h2 class=\"elementor-heading-title elementor-size-default\">Dorla G\u00e4hwil<\/h2>\t\t\t\t<\/div>\n\t\t\t\t<\/div>\n\t\t\t\t<div class=\"elementor-element elementor-element-3395cc0 elementor-widget__width-auto elementor-widget elementor-widget-heading\" data-id=\"3395cc0\" data-element_type=\"widget\" data-e-type=\"widget\" data-widget_type=\"heading.default\">\n\t\t\t\t<div class=\"elementor-widget-container\">\n\t\t\t\t\t<p class=\"elementor-heading-title elementor-size-default\">Hulfteggstrasse 8<\/p>\t\t\t\t<\/div>\n\t\t\t\t<\/div>\n\t\t\t\t<div class=\"elementor-element elementor-element-724fec2 elementor-widget__width-auto elementor-widget elementor-widget-heading\" data-id=\"724fec2\" data-element_type=\"widget\" data-e-type=\"widget\" data-widget_type=\"heading.default\">\n\t\t\t\t<div class=\"elementor-widget-container\">\n\t\t\t\t\t<p class=\"elementor-heading-title elementor-size-default\">9534 G\u00e4hwil<\/p>\t\t\t\t<\/div>\n\t\t\t\t<\/div>\n\t\t\t\t<div class=\"elementor-element elementor-element-49b8501 elementor-widget__width-auto elementor-widget elementor-widget-heading\" data-id=\"49b8501\" data-element_type=\"widget\" data-e-type=\"widget\" data-widget_type=\"heading.default\">\n\t\t\t\t<div class=\"elementor-widget-container\">\n\t\t\t\t\t<p class=\"elementor-heading-title elementor-size-default\"><a href=\"https:\/\/www.dorla.ch\" target=\"_blank\" rel=\"noopener\">www.dorla.ch<\/a><\/p>\t\t\t\t<\/div>\n\t\t\t\t<\/div>\n\t\t\t\t\t<\/div>\n\t\t\t\t<\/div>\n\t\t\t\t<\/div>\n\t\t\t\t<\/div>\n\t\t\t\t\t<\/div>\n\t\t\t\t<\/div>\n\t\t\t\t<\/div>\n\t\t","protected":false},"excerpt":{"rendered":"<p>Dein Spezialit\u00e4tenladen mit scango.ch Unsere L\u00f6sung ist f\u00fcr autonome und teilautonome Verkaufskonzepte vielf\u00e4ltige einsetzbar.\u00a0Gerade f\u00fcr deinen Spezialit\u00e4tenladen ist scango.ch perfekt geeignet.\u00a0Dir als Betreiberin bleibt mehr Zeit f\u00fcr deine Leidenschaften ausserhalb des Ladenbetriebs. Und deine Kundinnen und Kunden geniessen ein modernes und unabh\u00e4ngiges Einkaufserlebnis. F\u00fcr dich besonders spannend: Label-Drucker-App, mit der du deine Produkte mit scanbaren [&hellip;]<\/p>\n","protected":false},"author":3,"featured_media":0,"parent":0,"menu_order":0,"comment_status":"closed","ping_status":"closed","template":"","meta":{"_jf_save_progress":"","footnotes":""},"class_list":["post-3200","page","type-page","status-publish","hentry"],"_links":{"self":[{"href":"https:\/\/www.scango.ch\/de\/wp-json\/wp\/v2\/pages\/3200","targetHints":{"allow":["GET"]}}],"collection":[{"href":"https:\/\/www.scango.ch\/de\/wp-json\/wp\/v2\/pages"}],"about":[{"href":"https:\/\/www.scango.ch\/de\/wp-json\/wp\/v2\/types\/page"}],"author":[{"embeddable":true,"href":"https:\/\/www.scango.ch\/de\/wp-json\/wp\/v2\/users\/3"}],"replies":[{"embeddable":true,"href":"https:\/\/www.scango.ch\/de\/wp-json\/wp\/v2\/comments?post=3200"}],"version-history":[{"count":19,"href":"https:\/\/www.scango.ch\/de\/wp-json\/wp\/v2\/pages\/3200\/revisions"}],"predecessor-version":[{"id":3308,"href":"https:\/\/www.scango.ch\/de\/wp-json\/wp\/v2\/pages\/3200\/revisions\/3308"}],"wp:attachment":[{"href":"https:\/\/www.scango.ch\/de\/wp-json\/wp\/v2\/media?parent=3200"}],"curies":[{"name":"wp","href":"https:\/\/api.w.org\/{rel}","templated":true}]}}