{"id":3266,"date":"2025-12-13T14:19:23","date_gmt":"2025-12-13T13:19:23","guid":{"rendered":"https:\/\/www.scango.ch\/?page_id=3266"},"modified":"2025-12-13T14:25:24","modified_gmt":"2025-12-13T13:25:24","slug":"einsatz-im-dorfladen","status":"publish","type":"page","link":"https:\/\/www.scango.ch\/de\/einsatz-im-dorfladen\/","title":{"rendered":"Einsatz im Dorfladen"},"content":{"rendered":"\t\t<div data-elementor-type=\"wp-page\" data-elementor-id=\"3266\" class=\"elementor elementor-3266\" data-elementor-post-type=\"page\">\n\t\t\t\t<div class=\"elementor-element elementor-element-401b5b1 e-flex e-con-boxed e-con e-parent\" data-id=\"401b5b1\" data-element_type=\"container\" data-e-type=\"container\" data-settings=\"{&quot;jet_parallax_layout_list&quot;:[]}\">\n\t\t\t\t\t<div class=\"e-con-inner\">\n\t\t<div class=\"elementor-element elementor-element-29f7d9e e-flex e-con-boxed e-con e-child\" data-id=\"29f7d9e\" data-element_type=\"container\" data-e-type=\"container\" data-settings=\"{&quot;jet_parallax_layout_list&quot;:[]}\">\n\t\t\t\t\t<div class=\"e-con-inner\">\n\t\t\t\t<div class=\"elementor-element elementor-element-f3af96a elementor-widget elementor-widget-heading\" data-id=\"f3af96a\" data-element_type=\"widget\" data-e-type=\"widget\" data-widget_type=\"heading.default\">\n\t\t\t\t<div class=\"elementor-widget-container\">\n\t\t\t\t\t<h2 class=\"elementor-heading-title elementor-size-default\"><h2 data-elementor-setting-key=\"title\" data-pen-placeholder=\"Eingabe hier...\" data-lt-tmp-id=\"lt-687934\" data-gramm=\"false\" style=\"font-family: Ubuntu, sans-serif;font-weight: 400;line-height: 67.2px;font-size: 48px;text-transform: none;letter-spacing: 1px\"><\/h2><h2 data-elementor-setting-key=\"title\" data-pen-placeholder=\"Eingabe hier...\" data-lt-tmp-id=\"lt-889936\" data-gramm=\"false\" style=\"font-family: Ubuntu, sans-serif;font-weight: 400;line-height: 67.2px;font-size: 48px;text-transform: none\"><div data-id=\"f3af96a\" data-element_type=\"widget\" data-widget_type=\"heading.default\" style=\"align-self: auto;flex: 0 1 auto;align-items: normal;flex-flow: row;gap: 20px;margin-bottom: 0px;--kit-widget-spacing: 0px;max-width: 100%;font-size: 16px;letter-spacing: normal\"><div style=\"height: 67.2031px\"><h2 style=\"font-family: Ubuntu, sans-serif;font-weight: 400;line-height: 67.2px;font-size: 48px;text-transform: none;letter-spacing: 1px\">Dein Dorfladen mit scango.ch<span><\/span><\/h2><\/div><\/div><\/h2><\/h2>\t\t\t\t<\/div>\n\t\t\t\t<\/div>\n\t\t\t\t<div class=\"elementor-element elementor-element-fa288fc elementor-widget elementor-widget-text-editor\" data-id=\"fa288fc\" data-element_type=\"widget\" data-e-type=\"widget\" data-widget_type=\"text-editor.default\">\n\t\t\t\t<div class=\"elementor-widget-container\">\n\t\t\t\t\t\t\t\t\t<p>Unsere L\u00f6sung ist f\u00fcr autonome und teilautonome Verkaufskonzepte vielf\u00e4ltige einsetzbar.\u00a0Gerade f\u00fcr <strong>deinen Dorfladen <\/strong>ist scango.ch perfekt geeignet. Dir als Betreiberin bleibt mehr Zeit f\u00fcr deine Leidenschaften ausserhalb des Ladenbetriebs. Und deine Kundinnen und Kunden geniessen ein modernes und unabh\u00e4ngiges Einkaufserlebnis.<\/p>\t\t\t\t\t\t\t\t<\/div>\n\t\t\t\t<\/div>\n\t\t\t\t<div class=\"elementor-element elementor-element-307d2f0 elementor-widget elementor-widget-text-editor\" data-id=\"307d2f0\" data-element_type=\"widget\" data-e-type=\"widget\" data-widget_type=\"text-editor.default\">\n\t\t\t\t<div class=\"elementor-widget-container\">\n\t\t\t\t\t\t\t\t\t<p><b>F\u00fcr dich besonders spannend:<\/b><\/p><ul><li><strong>Lager- und Bestell-App<\/strong>, mit der du eine Lagerverwaltung und dein Bestellwesen spielend miteinander verbindest. Mit scan-click-mail sendest du deinen Lieferanten deine Bestellungen im Handumdrehen per E-Mail.<\/li><li><strong>Label-Drucker-App<\/strong>, mit der du deine Regale f\u00fcr deine Kunden sprechend beschriftest und deine Nachbestellungen einfach erledigen kannst.<\/li><li><a href=\"https:\/\/www.scango.ch\/produkt\/scango-ch-scale-s2\/\"><strong>Waage<\/strong><\/a>, die mit den Produktdaten deiner Kasse verbunden ist. Du aktualisierst Preise und Produkte jederzeit von \u00fcberall.<\/li><li><strong>Einfache, manuelle Auswahl \u00fcber den Kassenbildschirm<\/strong> f\u00fcr deine offen verk\u00e4uflichen Backwaren und weiteren Artikel.<\/li><\/ul>\t\t\t\t\t\t\t\t<\/div>\n\t\t\t\t<\/div>\n\t\t\t\t<div class=\"elementor-element elementor-element-7fecee2 elementor-widget elementor-widget-text-editor\" data-id=\"7fecee2\" data-element_type=\"widget\" data-e-type=\"widget\" data-widget_type=\"text-editor.default\">\n\t\t\t\t<div class=\"elementor-widget-container\">\n\t\t\t\t\t\t\t\t\t<p><span style=\"font-weight: bolder;\">Mal selber Hand anlegen?\u00a0<\/span>\u00dcberzeuge dich vor Ort von unserem Selbstbedienungssystem an ausgew\u00e4hlten Standorten.<br \/>Wir empfehlen dir den <a href=\"https:\/\/www.dorla.ch\/\" target=\"_blank\" rel=\"noopener\">Dorla in G\u00e4hwil<\/a>.<\/p><p><b>Dein Projekt einen Schritt weiterbringen?<\/b>\u00a0<a style=\"background-color: rgba(78, 184, 206, 0.05);\" href=\"https:\/\/tally.so\/r\/3qJkok\" target=\"_blank\" rel=\"noopener\">Hier erf\u00e4hrst du in 2 Minuten<\/a>, was wir dir empfehlen und mit welchen Kosten du rechnen kannst.<\/p>\t\t\t\t\t\t\t\t<\/div>\n\t\t\t\t<\/div>\n\t\t\t\t\t<\/div>\n\t\t\t\t<\/div>\n\t\t\t\t\t<\/div>\n\t\t\t\t<\/div>\n\t\t<div class=\"elementor-element elementor-element-46cc3bd e-flex e-con-boxed e-con e-parent\" data-id=\"46cc3bd\" data-element_type=\"container\" data-e-type=\"container\" data-settings=\"{&quot;jet_parallax_layout_list&quot;:[]}\">\n\t\t\t\t\t<div class=\"e-con-inner\">\n\t\t<div class=\"elementor-element elementor-element-b299f67 e-con-full e-flex e-con e-child\" data-id=\"b299f67\" data-element_type=\"container\" data-e-type=\"container\" data-settings=\"{&quot;background_background&quot;:&quot;classic&quot;,&quot;jet_parallax_layout_list&quot;:[]}\">\n\t\t<div class=\"elementor-element elementor-element-bd47ea9 e-con-full e-flex e-con e-child\" data-id=\"bd47ea9\" data-element_type=\"container\" data-e-type=\"container\" data-settings=\"{&quot;jet_parallax_layout_list&quot;:[]}\">\n\t\t\t\t<div class=\"elementor-element elementor-element-991f1f2 elementor-widget elementor-widget-heading\" data-id=\"991f1f2\" data-element_type=\"widget\" data-e-type=\"widget\" data-widget_type=\"heading.default\">\n\t\t\t\t<div class=\"elementor-widget-container\">\n\t\t\t\t\t<h2 class=\"elementor-heading-title elementor-size-default\">Typischer Dorfladen<\/h2>\t\t\t\t<\/div>\n\t\t\t\t<\/div>\n\t\t\t\t<div class=\"elementor-element elementor-element-27c9f00 elementor-widget elementor-widget-text-editor\" data-id=\"27c9f00\" data-element_type=\"widget\" data-e-type=\"widget\" data-widget_type=\"text-editor.default\">\n\t\t\t\t<div class=\"elementor-widget-container\">\n\t\t\t\t\t\t\t\t\t<p>Der Dorla wurde im Fr\u00fchling 2025 er\u00f6ffnet. Er befindet sich mitten im Dorf G\u00e4hwil und ist rund um die Uhr ge\u00f6ffnet. Das Sortiment orientiert sich am typischen Bedarf der Dorfbev\u00f6lkerung und umfasst Lebensmittel sowie ausgew\u00e4hlte Non-Food-Artikel. Wo immer m\u00f6glich, stammen die Produkte von regionalen Produzentinnen und Produzenten. Der Dorla bietet t\u00e4glich frisches Brot, gek\u00fchlte Getr\u00e4nke und einen Bier- und Schnapskeller, der \u00fcber ein Zutrittssystem mit Alterslimite gesichert ist.<\/p><p><span style=\"font-weight: 400;\">Sortiment:<\/span>\u00a0<span style=\"font-weight: 400;\">2500 Artikel des t\u00e4glichen Bedarfs<\/span><\/p><p><span style=\"font-weight: 400;\">\u00d6ffnungszeiten:<\/span> <span style=\"font-weight: 400;\">t\u00e4glich 24h<\/span><\/p><p><span style=\"font-weight: 400;\">Betreuung:<\/span> <span style=\"font-weight: 400;\">durchgehend unbetreut<\/span><\/p><p><span style=\"font-weight: 400;\">POS-Terminal:<\/span> <span style=\"font-weight: 400;\">K2 Retail (2x)<\/span><\/p><p><span style=\"font-weight: 400;\">Zahlterminal:<\/span> <span style=\"font-weight: 400;\">PayTec UTP 1000F<\/span><\/p><p><span style=\"font-weight: 400;\">Zutrittssystem:<\/span> <span style=\"font-weight: 400;\">keines (Bier- &amp; Schnapsraum mit Alkohol und Tabak \u00fcber scango.ch identity gesichert)<\/span><\/p><p><span style=\"font-weight: 400;\">weitere Infrastruktur:<\/span> <span style=\"font-weight: 400;\">Video\u00fcberwachung, Klimatisierung<\/span><\/p><p><span style=\"font-weight: 400;\">Zahlungsm\u00f6glichkeiten:<\/span> <span style=\"font-weight: 400;\">alle g\u00e4ngigen Karten sowie TWINT<\/span><\/p>\t\t\t\t\t\t\t\t<\/div>\n\t\t\t\t<\/div>\n\t\t\t\t<\/div>\n\t\t<div class=\"elementor-element elementor-element-4383cff e-con-full e-flex e-con e-child\" data-id=\"4383cff\" data-element_type=\"container\" data-e-type=\"container\" data-settings=\"{&quot;jet_parallax_layout_list&quot;:[]}\">\n\t\t\t\t<div class=\"elementor-element elementor-element-11591ff elementor-widget elementor-widget-google_maps\" data-id=\"11591ff\" data-element_type=\"widget\" data-e-type=\"widget\" data-widget_type=\"google_maps.default\">\n\t\t\t\t<div class=\"elementor-widget-container\">\n\t\t\t\t\t\t\t<div class=\"elementor-custom-embed\">\n\t\t\t<iframe loading=\"lazy\"\n\t\t\t\t\tsrc=\"https:\/\/www.google.com\/maps\/embed\/v1\/place?key=AIzaSyDymc0oWz_-QMZgiqss5DIQya7qs8N33ts&#038;q=Dorla%20G%C3%A4hwil&#038;zoom=10\"\n\t\t\t\t\ttitle=\"Dorla G\u00e4hwil\"\n\t\t\t\t\taria-label=\"Dorla G\u00e4hwil\"\n\t\t\t><\/iframe>\n\t\t<\/div>\n\t\t\t\t\t\t<\/div>\n\t\t\t\t<\/div>\n\t\t<div class=\"elementor-element elementor-element-673e5df e-flex e-con-boxed e-con e-child\" data-id=\"673e5df\" data-element_type=\"container\" data-e-type=\"container\" data-settings=\"{&quot;background_background&quot;:&quot;classic&quot;,&quot;jet_parallax_layout_list&quot;:[]}\">\n\t\t\t\t\t<div class=\"e-con-inner\">\n\t\t\t\t<div class=\"elementor-element elementor-element-513c9c4 elementor-widget__width-auto elementor-widget elementor-widget-heading\" data-id=\"513c9c4\" data-element_type=\"widget\" data-e-type=\"widget\" data-widget_type=\"heading.default\">\n\t\t\t\t<div class=\"elementor-widget-container\">\n\t\t\t\t\t<h2 class=\"elementor-heading-title elementor-size-default\">Dorla G\u00e4hwil<\/h2>\t\t\t\t<\/div>\n\t\t\t\t<\/div>\n\t\t\t\t<div class=\"elementor-element elementor-element-3395cc0 elementor-widget__width-auto elementor-widget elementor-widget-heading\" data-id=\"3395cc0\" data-element_type=\"widget\" data-e-type=\"widget\" data-widget_type=\"heading.default\">\n\t\t\t\t<div class=\"elementor-widget-container\">\n\t\t\t\t\t<p class=\"elementor-heading-title elementor-size-default\">Hulfteggstrasse 8<\/p>\t\t\t\t<\/div>\n\t\t\t\t<\/div>\n\t\t\t\t<div class=\"elementor-element elementor-element-724fec2 elementor-widget__width-auto elementor-widget elementor-widget-heading\" data-id=\"724fec2\" data-element_type=\"widget\" data-e-type=\"widget\" data-widget_type=\"heading.default\">\n\t\t\t\t<div class=\"elementor-widget-container\">\n\t\t\t\t\t<p class=\"elementor-heading-title elementor-size-default\">9534 G\u00e4hwil<\/p>\t\t\t\t<\/div>\n\t\t\t\t<\/div>\n\t\t\t\t<div class=\"elementor-element elementor-element-49b8501 elementor-widget__width-auto elementor-widget elementor-widget-heading\" data-id=\"49b8501\" data-element_type=\"widget\" data-e-type=\"widget\" data-widget_type=\"heading.default\">\n\t\t\t\t<div class=\"elementor-widget-container\">\n\t\t\t\t\t<p class=\"elementor-heading-title elementor-size-default\"><a href=\"https:\/\/www.dorla.ch\" target=\"_blank\" rel=\"noopener\">www.dorla.ch<\/a><\/p>\t\t\t\t<\/div>\n\t\t\t\t<\/div>\n\t\t\t\t\t<\/div>\n\t\t\t\t<\/div>\n\t\t\t\t<\/div>\n\t\t\t\t<\/div>\n\t\t\t\t\t<\/div>\n\t\t\t\t<\/div>\n\t\t\t\t<\/div>\n\t\t","protected":false},"excerpt":{"rendered":"<p>Dein Dorfladen mit scango.ch Unsere L\u00f6sung ist f\u00fcr autonome und teilautonome Verkaufskonzepte vielf\u00e4ltige einsetzbar.\u00a0Gerade f\u00fcr deinen Dorfladen ist scango.ch perfekt geeignet. Dir als Betreiberin bleibt mehr Zeit f\u00fcr deine Leidenschaften ausserhalb des Ladenbetriebs. Und deine Kundinnen und Kunden geniessen ein modernes und unabh\u00e4ngiges Einkaufserlebnis. F\u00fcr dich besonders spannend: Lager- und Bestell-App, mit der du eine [&hellip;]<\/p>\n","protected":false},"author":3,"featured_media":0,"parent":0,"menu_order":0,"comment_status":"closed","ping_status":"closed","template":"","meta":{"_jf_save_progress":"","footnotes":""},"class_list":["post-3266","page","type-page","status-publish","hentry"],"_links":{"self":[{"href":"https:\/\/www.scango.ch\/de\/wp-json\/wp\/v2\/pages\/3266","targetHints":{"allow":["GET"]}}],"collection":[{"href":"https:\/\/www.scango.ch\/de\/wp-json\/wp\/v2\/pages"}],"about":[{"href":"https:\/\/www.scango.ch\/de\/wp-json\/wp\/v2\/types\/page"}],"author":[{"embeddable":true,"href":"https:\/\/www.scango.ch\/de\/wp-json\/wp\/v2\/users\/3"}],"replies":[{"embeddable":true,"href":"https:\/\/www.scango.ch\/de\/wp-json\/wp\/v2\/comments?post=3266"}],"version-history":[{"count":16,"href":"https:\/\/www.scango.ch\/de\/wp-json\/wp\/v2\/pages\/3266\/revisions"}],"predecessor-version":[{"id":3287,"href":"https:\/\/www.scango.ch\/de\/wp-json\/wp\/v2\/pages\/3266\/revisions\/3287"}],"wp:attachment":[{"href":"https:\/\/www.scango.ch\/de\/wp-json\/wp\/v2\/media?parent=3266"}],"curies":[{"name":"wp","href":"https:\/\/api.w.org\/{rel}","templated":true}]}}