{"id":3194,"date":"2025-12-13T13:07:28","date_gmt":"2025-12-13T12:07:28","guid":{"rendered":"https:\/\/www.scango.ch\/?page_id=3194"},"modified":"2025-12-13T14:29:14","modified_gmt":"2025-12-13T13:29:14","slug":"einsatz-im-getraenkeladen","status":"publish","type":"page","link":"https:\/\/www.scango.ch\/en\/einsatz-im-getraenkeladen\/","title":{"rendered":"Work in a beverage store"},"content":{"rendered":"<div data-elementor-type=\"wp-page\" data-elementor-id=\"3194\" class=\"elementor elementor-3194\" data-elementor-post-type=\"page\">\n\t\t\t\t<div class=\"elementor-element elementor-element-401b5b1 e-flex e-con-boxed e-con e-parent\" data-id=\"401b5b1\" data-element_type=\"container\" data-e-type=\"container\" data-settings=\"{&quot;jet_parallax_layout_list&quot;:[]}\">\n\t\t\t\t\t<div class=\"e-con-inner\">\n\t\t<div class=\"elementor-element elementor-element-29f7d9e e-con-full e-flex e-con e-child\" data-id=\"29f7d9e\" data-element_type=\"container\" data-e-type=\"container\" data-settings=\"{&quot;jet_parallax_layout_list&quot;:[]}\">\n\t\t\t\t<div class=\"elementor-element elementor-element-f3af96a elementor-widget elementor-widget-heading\" data-id=\"f3af96a\" data-element_type=\"widget\" data-e-type=\"widget\" data-widget_type=\"heading.default\">\n\t\t\t\t<div class=\"elementor-widget-container\">\n\t\t\t\t\t<h2 class=\"elementor-heading-title elementor-size-default\">Your beer and beverage shop with scango.ch<\/h2>\t\t\t\t<\/div>\n\t\t\t\t<\/div>\n\t\t\t\t<div class=\"elementor-element elementor-element-fa288fc elementor-widget elementor-widget-text-editor\" data-id=\"fa288fc\" data-element_type=\"widget\" data-e-type=\"widget\" data-widget_type=\"text-editor.default\">\n\t\t\t\t<div class=\"elementor-widget-container\">\n\t\t\t\t\t\t\t\t\t<p>Our solution can be used in a variety of ways for autonomous and semi-autonomous sales concepts. <strong>scango.ch is perfectly suited for your self-service beverage store. <\/strong>As the owner, you&#039;ll have more time for your passions outside of running the shop. And your customers will enjoy a modern and independent shopping experience.<\/p>\t\t\t\t\t\t\t\t<\/div>\n\t\t\t\t<\/div>\n\t\t\t\t<div class=\"elementor-element elementor-element-4b06de2 elementor-widget elementor-widget-text-editor\" data-id=\"4b06de2\" data-element_type=\"widget\" data-e-type=\"widget\" data-widget_type=\"text-editor.default\">\n\t\t\t\t<div class=\"elementor-widget-container\">\n\t\t\t\t\t\t\t\t\t<p><b>Especially interesting for you:<\/b><\/p><ul><li><strong>Reusable containers can be purchased and returned.<\/strong>. Returns are directly redeemed by your customers in the form of purchases, generating more revenue.<\/li><li><strong>Warehouse and ordering app<\/strong>, which allows you to easily combine inventory management and your order processing. With scan-click-mail, you can send your orders to your suppliers in no time via email.<\/li><li><strong>Label printer app<\/strong>, which allows you to label your shelves clearly for your customers and easily handle your reorders.<\/li><li>Thanks to our open API interface, our solution is also suitable as<strong> In addition to your existing POS system,<\/strong> for example as an additional self-checkout or for a section with extended shopping hours without staff.<\/li><\/ul>\t\t\t\t\t\t\t\t<\/div>\n\t\t\t\t<\/div>\n\t\t\t\t<div class=\"elementor-element elementor-element-7fecee2 elementor-widget elementor-widget-text-editor\" data-id=\"7fecee2\" data-element_type=\"widget\" data-e-type=\"widget\" data-widget_type=\"text-editor.default\">\n\t\t\t\t<div class=\"elementor-widget-container\">\n\t\t\t\t\t\t\t\t\t<p><strong>Want to try it yourself? <\/strong>See for yourself how our self-service system works at selected locations. We recommend the <a href=\"https:\/\/www.minibierladen.ch\/\" target=\"_blank\" rel=\"noopener\">Mini beer shop in Lichtensteig<\/a><\/p><p><b>Want to take your project a step further?<\/b>\u00a0<a style=\"background-color: rgba(78, 184, 206, 0.05);\" href=\"https:\/\/tally.so\/r\/3qJkok\" target=\"_blank\" rel=\"noopener\">Here you&#039;ll find out in 2 minutes<\/a>, what we recommend and what costs you can expect.<\/p>\t\t\t\t\t\t\t\t<\/div>\n\t\t\t\t<\/div>\n\t\t\t\t<\/div>\n\t\t\t\t\t<\/div>\n\t\t\t\t<\/div>\n\t\t<div class=\"elementor-element elementor-element-f46909c e-flex e-con-boxed e-con e-parent\" data-id=\"f46909c\" data-element_type=\"container\" data-e-type=\"container\" data-settings=\"{&quot;jet_parallax_layout_list&quot;:[]}\">\n\t\t\t\t\t<div class=\"e-con-inner\">\n\t\t<div class=\"elementor-element elementor-element-1a3503f e-con-full e-flex e-con e-child\" data-id=\"1a3503f\" data-element_type=\"container\" data-e-type=\"container\" data-settings=\"{&quot;background_background&quot;:&quot;classic&quot;,&quot;jet_parallax_layout_list&quot;:[]}\">\n\t\t<div class=\"elementor-element elementor-element-d35afe7 e-con-full e-flex e-con e-child\" data-id=\"d35afe7\" data-element_type=\"container\" data-e-type=\"container\" data-settings=\"{&quot;jet_parallax_layout_list&quot;:[]}\">\n\t\t\t\t<div class=\"elementor-element elementor-element-e973fa4 elementor-widget elementor-widget-heading\" data-id=\"e973fa4\" data-element_type=\"widget\" data-e-type=\"widget\" data-widget_type=\"heading.default\">\n\t\t\t\t<div class=\"elementor-widget-container\">\n\t\t\t\t\t<h2 class=\"elementor-heading-title elementor-size-default\">The beer shop in the small town<\/h2>\t\t\t\t<\/div>\n\t\t\t\t<\/div>\n\t\t\t\t<div class=\"elementor-element elementor-element-9b25034 elementor-widget elementor-widget-text-editor\" data-id=\"9b25034\" data-element_type=\"widget\" data-e-type=\"widget\" data-widget_type=\"text-editor.default\">\n\t\t\t\t<div class=\"elementor-widget-container\">\n\t\t\t\t\t\t\t\t\t<p><span style=\"font-weight: 400;\">The Mini.Bierladen was opened in spring 2021. It is located on the main street of the historic town of Lichtensteig. The range is aimed at beer lovers and those who are discovering regional specialties for themselves or as gifts. Trained sommeliers entered the customers at selected times on site and served them drinks at these times.<\/span><\/p><p>\u00a0<\/p><p><span style=\"font-weight: 400;\">Range:<\/span> <span style=\"font-weight: 400;\">approx. 250 items, including 150 beer specialties and more<\/span><span style=\"font-weight: 400;\"><br \/><\/span> <span style=\"font-weight: 400;\">100 regional culinary specialties<\/span><\/p><p><span style=\"font-weight: 400;\">Opening hours:<\/span> <span style=\"font-weight: 400;\">daily 24 hours<\/span><\/p><p><span style=\"font-weight: 400;\">Care:<\/span> <span style=\"font-weight: 400;\">Friday &amp; Saturday with consultation times, the rest of the time unattended<\/span><\/p><p>\u00a0<\/p><p><span style=\"font-weight: 400;\">POS terminal:<\/span> <span style=\"font-weight: 400;\">K2 Retail<\/span><\/p><p><span style=\"font-weight: 400;\">Payment terminal:<\/span> <span style=\"font-weight: 400;\">PayTec UTP 1000F<\/span><\/p><p><span style=\"font-weight: 400;\">Access system:<\/span> <span style=\"font-weight: 400;\">scango.identity<\/span><\/p><p><span style=\"font-weight: 400;\">further infrastructure:<\/span> <span style=\"font-weight: 400;\">Video surveillance, air conditioning<\/span><\/p><p><br \/><span style=\"font-weight: 400;\">Payment options:<\/span> <span style=\"font-weight: 400;\">all common cards as well as TWINT, cash payment (in cash registers)<\/span><\/p>\t\t\t\t\t\t\t\t<\/div>\n\t\t\t\t<\/div>\n\t\t\t\t<\/div>\n\t\t<div class=\"elementor-element elementor-element-3cc91a9 e-con-full e-flex e-con e-child\" data-id=\"3cc91a9\" data-element_type=\"container\" data-e-type=\"container\" data-settings=\"{&quot;jet_parallax_layout_list&quot;:[]}\">\n\t\t\t\t<div class=\"elementor-element elementor-element-b918a03 elementor-widget elementor-widget-google_maps\" data-id=\"b918a03\" data-element_type=\"widget\" data-e-type=\"widget\" data-widget_type=\"google_maps.default\">\n\t\t\t\t<div class=\"elementor-widget-container\">\n\t\t\t\t\t\t\t<div class=\"elementor-custom-embed\">\n\t\t\t<iframe loading=\"lazy\"\n\t\t\t\t\tsrc=\"https:\/\/www.google.com\/maps\/embed\/v1\/place?key=AIzaSyDymc0oWz_-QMZgiqss5DIQya7qs8N33ts&#038;q=Mini.Bierladen%2C%209620%20LIchtensteig&#038;zoom=10\"\n\t\t\t\t\ttitle=\"Mini beer shop, 9620 Lichtensteig\"\n\t\t\t\t\taria-label=\"Mini beer shop, 9620 Lichtensteig\"\n\t\t\t><\/iframe>\n\t\t<\/div>\n\t\t\t\t\t\t<\/div>\n\t\t\t\t<\/div>\n\t\t<div class=\"elementor-element elementor-element-3c01857 e-flex e-con-boxed e-con e-child\" data-id=\"3c01857\" data-element_type=\"container\" data-e-type=\"container\" data-settings=\"{&quot;background_background&quot;:&quot;classic&quot;,&quot;jet_parallax_layout_list&quot;:[]}\">\n\t\t\t\t\t<div class=\"e-con-inner\">\n\t\t\t\t<div class=\"elementor-element elementor-element-0c81f31 elementor-widget__width-auto elementor-widget elementor-widget-heading\" data-id=\"0c81f31\" data-element_type=\"widget\" data-e-type=\"widget\" data-widget_type=\"heading.default\">\n\t\t\t\t<div class=\"elementor-widget-container\">\n\t\t\t\t\t<h2 class=\"elementor-heading-title elementor-size-default\">Mini beer shop<\/h2>\t\t\t\t<\/div>\n\t\t\t\t<\/div>\n\t\t\t\t<div class=\"elementor-element elementor-element-8524716 elementor-widget__width-auto elementor-widget elementor-widget-heading\" data-id=\"8524716\" data-element_type=\"widget\" data-e-type=\"widget\" data-widget_type=\"heading.default\">\n\t\t\t\t<div class=\"elementor-widget-container\">\n\t\t\t\t\t<p class=\"elementor-heading-title elementor-size-default\">Hauptgasse 27<\/p>\t\t\t\t<\/div>\n\t\t\t\t<\/div>\n\t\t\t\t<div class=\"elementor-element elementor-element-6b93a1c elementor-widget__width-auto elementor-widget elementor-widget-heading\" data-id=\"6b93a1c\" data-element_type=\"widget\" data-e-type=\"widget\" data-widget_type=\"heading.default\">\n\t\t\t\t<div class=\"elementor-widget-container\">\n\t\t\t\t\t<p class=\"elementor-heading-title elementor-size-default\">9620 Lichtensteig<\/p>\t\t\t\t<\/div>\n\t\t\t\t<\/div>\n\t\t\t\t<div class=\"elementor-element elementor-element-c43dd05 elementor-widget__width-auto elementor-widget elementor-widget-heading\" data-id=\"c43dd05\" data-element_type=\"widget\" data-e-type=\"widget\" data-widget_type=\"heading.default\">\n\t\t\t\t<div class=\"elementor-widget-container\">\n\t\t\t\t\t<p class=\"elementor-heading-title elementor-size-default\"><a href=\"https:\/\/www.minibierladen.ch\/\" target=\"_blank\" rel=\"noopener\">www.minibierladen.ch<\/a><\/p>\t\t\t\t<\/div>\n\t\t\t\t<\/div>\n\t\t\t\t\t<\/div>\n\t\t\t\t<\/div>\n\t\t\t\t<\/div>\n\t\t\t\t<\/div>\n\t\t\t\t\t<\/div>\n\t\t\t\t<\/div>\n\t\t\t\t<\/div>","protected":false},"excerpt":{"rendered":"<p>Dein Bier- und Getr\u00e4nkeladen mit scango.ch Unsere L\u00f6sung ist f\u00fcr autonome und teilautonome Verkaufskonzepte vielf\u00e4ltige einsetzbar. Gerade f\u00fcr deine Getr\u00e4nkehandlung in Selbstbedienung ist scango.ch perfekt geeignet. Dir als Betreiberin bleibt mehr Zeit f\u00fcr deine Leidenschaften ausserhalb des Ladenbetriebs. Und deine Kundinnen und Kunden geniessen ein modernes und unabh\u00e4ngiges Einkaufserlebnis. F\u00fcr dich besonders spannend: Mehrweg-Gebinde kann [&hellip;]<\/p>\n","protected":false},"author":3,"featured_media":0,"parent":0,"menu_order":0,"comment_status":"closed","ping_status":"closed","template":"","meta":{"_jf_save_progress":"","footnotes":""},"class_list":["post-3194","page","type-page","status-publish","hentry"],"_links":{"self":[{"href":"https:\/\/www.scango.ch\/en\/wp-json\/wp\/v2\/pages\/3194","targetHints":{"allow":["GET"]}}],"collection":[{"href":"https:\/\/www.scango.ch\/en\/wp-json\/wp\/v2\/pages"}],"about":[{"href":"https:\/\/www.scango.ch\/en\/wp-json\/wp\/v2\/types\/page"}],"author":[{"embeddable":true,"href":"https:\/\/www.scango.ch\/en\/wp-json\/wp\/v2\/users\/3"}],"replies":[{"embeddable":true,"href":"https:\/\/www.scango.ch\/en\/wp-json\/wp\/v2\/comments?post=3194"}],"version-history":[{"count":27,"href":"https:\/\/www.scango.ch\/en\/wp-json\/wp\/v2\/pages\/3194\/revisions"}],"predecessor-version":[{"id":3305,"href":"https:\/\/www.scango.ch\/en\/wp-json\/wp\/v2\/pages\/3194\/revisions\/3305"}],"wp:attachment":[{"href":"https:\/\/www.scango.ch\/en\/wp-json\/wp\/v2\/media?parent=3194"}],"curies":[{"name":"wp","href":"https:\/\/api.w.org\/{rel}","templated":true}]}}