{"id":3200,"date":"2025-12-13T13:07:41","date_gmt":"2025-12-13T12:07:41","guid":{"rendered":"https:\/\/www.scango.ch\/?page_id=3200"},"modified":"2025-12-13T14:29:19","modified_gmt":"2025-12-13T13:29:19","slug":"einsatz-im-spezialitaetenladen","status":"publish","type":"page","link":"https:\/\/www.scango.ch\/en\/einsatz-im-spezialitaetenladen\/","title":{"rendered":"Work in a specialty shop"},"content":{"rendered":"<div data-elementor-type=\"wp-page\" data-elementor-id=\"3200\" class=\"elementor elementor-3200\" data-elementor-post-type=\"page\">\n\t\t\t\t<div class=\"elementor-element elementor-element-401b5b1 e-flex e-con-boxed e-con e-parent\" data-id=\"401b5b1\" data-element_type=\"container\" data-e-type=\"container\" data-settings=\"{&quot;jet_parallax_layout_list&quot;:[]}\">\n\t\t\t\t\t<div class=\"e-con-inner\">\n\t\t<div class=\"elementor-element elementor-element-29f7d9e e-flex e-con-boxed e-con e-child\" data-id=\"29f7d9e\" data-element_type=\"container\" data-e-type=\"container\" data-settings=\"{&quot;jet_parallax_layout_list&quot;:[]}\">\n\t\t\t\t\t<div class=\"e-con-inner\">\n\t\t\t\t<div class=\"elementor-element elementor-element-f3af96a elementor-widget elementor-widget-heading\" data-id=\"f3af96a\" data-element_type=\"widget\" data-e-type=\"widget\" data-widget_type=\"heading.default\">\n\t\t\t\t<div class=\"elementor-widget-container\">\n\t\t\t\t\t<h2 class=\"elementor-heading-title elementor-size-default\"><h2 data-elementor-setting-key=\"title\" data-pen-placeholder=\"Eingabe hier...\" data-lt-tmp-id=\"lt-889936\" data-gramm=\"false\" style=\"font-family: Ubuntu, sans-serif;font-weight: 400;line-height: 67.2px;font-size: 48px;text-transform: none;letter-spacing: 1px\"><div data-id=\"f3af96a\" data-element_type=\"widget\" data-widget_type=\"heading.default\" style=\"align-self: auto;flex: 0 1 auto;align-items: normal;flex-flow: row;gap: 20px;margin-bottom: 0px;--kit-widget-spacing: 0px;max-width: 100%;font-size: 16px;letter-spacing: normal\"><div style=\"height: 67.2031px\"><h2 style=\"font-family: Ubuntu, sans-serif;font-weight: 400;line-height: 67.2px;font-size: 48px;text-transform: none;letter-spacing: 1px\">Your specialty shop with scango.ch<span><\/span><\/h2><\/div><\/div><\/h2><\/h2>\t\t\t\t<\/div>\n\t\t\t\t<\/div>\n\t\t\t\t<div class=\"elementor-element elementor-element-fa288fc elementor-widget elementor-widget-text-editor\" data-id=\"fa288fc\" data-element_type=\"widget\" data-e-type=\"widget\" data-widget_type=\"text-editor.default\">\n\t\t\t\t<div class=\"elementor-widget-container\">\n\t\t\t\t\t\t\t\t\t<p>Our solution is versatile and can be used for autonomous and semi-autonomous sales concepts. Especially for <strong>your specialty shop<\/strong> scango.ch is perfectly suited for this. As the owner, you&#039;ll have more time for your passions outside of running the shop. And your customers will enjoy a modern and independent shopping experience.<\/p>\t\t\t\t\t\t\t\t<\/div>\n\t\t\t\t<\/div>\n\t\t\t\t<div class=\"elementor-element elementor-element-47b177e elementor-widget elementor-widget-text-editor\" data-id=\"47b177e\" data-element_type=\"widget\" data-e-type=\"widget\" data-widget_type=\"text-editor.default\">\n\t\t\t\t<div class=\"elementor-widget-container\">\n\t\t\t\t\t\t\t\t\t<p><b>Especially interesting for you:<\/b><\/p><ul><li><strong>Label printer app<\/strong>, which allows you to equip your products with scannable prices. You can also label individual, custom products in no time.<\/li><li><a href=\"https:\/\/www.scango.ch\/en\/product\/scango-ch-scale-s2\/\"><strong>Scale<\/strong><\/a>, which is linked to the product data of your POS system. You can update prices and products anytime, from anywhere.<\/li><li><strong>Simple, manual selection via the cash register screen<\/strong> for your openly sold baked goods.<\/li><\/ul>\t\t\t\t\t\t\t\t<\/div>\n\t\t\t\t<\/div>\n\t\t\t\t<div class=\"elementor-element elementor-element-7fecee2 elementor-widget elementor-widget-text-editor\" data-id=\"7fecee2\" data-element_type=\"widget\" data-e-type=\"widget\" data-widget_type=\"text-editor.default\">\n\t\t\t\t<div class=\"elementor-widget-container\">\n\t\t\t\t\t\t\t\t\t<p><span style=\"font-weight: bolder;\">Want to try it yourself?\u00a0<\/span>See for yourself our self-service system at selected locations.<br \/>We recommend the <a href=\"https:\/\/www.toggenburgshop.ch\/laden\/wattwil\/\" target=\"_blank\" rel=\"noopener\">Toggenburgshop in Wattwil<\/a>. You can also find all our solutions in use in <a href=\"https:\/\/www.dorla.ch\/\" target=\"_blank\" rel=\"noopener\">Dorla in G\u00e4hwil<\/a>.<\/p><p><b>Want to take your project a step further?<\/b>\u00a0<a style=\"background-color: rgba(78, 184, 206, 0.05);\" href=\"https:\/\/tally.so\/r\/3qJkok\" target=\"_blank\" rel=\"noopener\">Here you&#039;ll find out in 2 minutes<\/a>, what we recommend and what costs you can expect.<\/p>\t\t\t\t\t\t\t\t<\/div>\n\t\t\t\t<\/div>\n\t\t\t\t\t<\/div>\n\t\t\t\t<\/div>\n\t\t\t\t\t<\/div>\n\t\t\t\t<\/div>\n\t\t<div class=\"elementor-element elementor-element-70ebbd6 e-flex e-con-boxed e-con e-parent\" data-id=\"70ebbd6\" data-element_type=\"container\" data-e-type=\"container\" data-settings=\"{&quot;jet_parallax_layout_list&quot;:[]}\">\n\t\t\t\t\t<div class=\"e-con-inner\">\n\t\t<div class=\"elementor-element elementor-element-8d61d45 e-con-full e-flex e-con e-child\" data-id=\"8d61d45\" data-element_type=\"container\" data-e-type=\"container\" data-settings=\"{&quot;background_background&quot;:&quot;classic&quot;,&quot;jet_parallax_layout_list&quot;:[]}\">\n\t\t<div class=\"elementor-element elementor-element-48eb8c0 e-con-full e-flex e-con e-child\" data-id=\"48eb8c0\" data-element_type=\"container\" data-e-type=\"container\" data-settings=\"{&quot;jet_parallax_layout_list&quot;:[]}\">\n\t\t\t\t<div class=\"elementor-element elementor-element-09f6690 elementor-widget elementor-widget-heading\" data-id=\"09f6690\" data-element_type=\"widget\" data-e-type=\"widget\" data-widget_type=\"heading.default\">\n\t\t\t\t<div class=\"elementor-widget-container\">\n\t\t\t\t\t<h2 class=\"elementor-heading-title elementor-size-default\">Regional specialties in the center<\/h2>\t\t\t\t<\/div>\n\t\t\t\t<\/div>\n\t\t\t\t<div class=\"elementor-element elementor-element-cb079c8 elementor-widget elementor-widget-text-editor\" data-id=\"cb079c8\" data-element_type=\"widget\" data-e-type=\"widget\" data-widget_type=\"text-editor.default\">\n\t\t\t\t<div class=\"elementor-widget-container\">\n\t\t\t\t\t\t\t\t\t<p><span style=\"font-weight: 400;\">The Toggenburg shop opened in autumn 2021. It is centrally located near the train station in the main town of Toggenburg. The range is aimed at consumers for their daily needs for food and non-food items. Whenever possible, these come from the region. The shop has a coffee station, chilled drinks and a beer fridge, which is secured via an age-limited access system.<\/span><\/p><p><span style=\"font-weight: 400;\">Range:<\/span>\u00a0<span style=\"font-weight: 400;\">800 everyday items, if possible from the region<\/span><\/p><p><span style=\"font-weight: 400;\">Opening hours:<\/span> <span style=\"font-weight: 400;\">daily 24 hours<\/span><\/p><p><span style=\"font-weight: 400;\">Care:<\/span> <span style=\"font-weight: 400;\">continuously unattended<\/span><\/p><p><span style=\"font-weight: 400;\">POS terminal:<\/span> <span style=\"font-weight: 400;\">K2 Retail (2x)<\/span><\/p><p><span style=\"font-weight: 400;\">Payment terminal:<\/span> <span style=\"font-weight: 400;\">PayTec UTP 1000F<\/span><\/p><p><span style=\"font-weight: 400;\">Access system:<\/span> <span style=\"font-weight: 400;\">none (fridge with alcohol secured via scango.identity)<\/span><\/p><p><span style=\"font-weight: 400;\">further infrastructure:<\/span> <span style=\"font-weight: 400;\">Video surveillance, air conditioning<\/span><\/p><p><span style=\"font-weight: 400;\">Payment options:<\/span> <span style=\"font-weight: 400;\">all common cards as well as TWINT<\/span><\/p>\t\t\t\t\t\t\t\t<\/div>\n\t\t\t\t<\/div>\n\t\t\t\t<\/div>\n\t\t<div class=\"elementor-element elementor-element-4b3422d e-con-full e-flex e-con e-child\" data-id=\"4b3422d\" data-element_type=\"container\" data-e-type=\"container\" data-settings=\"{&quot;jet_parallax_layout_list&quot;:[]}\">\n\t\t<div class=\"elementor-element elementor-element-c8ff5a3 e-con-full e-flex e-con e-child\" data-id=\"c8ff5a3\" data-element_type=\"container\" data-e-type=\"container\" data-settings=\"{&quot;jet_parallax_layout_list&quot;:[]}\">\n\t\t<div class=\"elementor-element elementor-element-9023e04 e-con-full e-flex e-con e-child\" data-id=\"9023e04\" data-element_type=\"container\" data-e-type=\"container\" data-settings=\"{&quot;jet_parallax_layout_list&quot;:[]}\">\n\t\t\t\t<div class=\"elementor-element elementor-element-ea86f8e elementor-widget elementor-widget-html\" data-id=\"ea86f8e\" data-element_type=\"widget\" data-e-type=\"widget\" data-widget_type=\"html.default\">\n\t\t\t\t<div class=\"elementor-widget-container\">\n\t\t\t\t\t<iframe src=\"https:\/\/www.google.com\/maps\/embed?pb=!4v1694085824397!6m8!1m7!1sCAoSLEFGMVFpcE5mWGx6Vl9jY215Um5RMEFxUzB3dGVWbTg3Yy1JSTdXcVg2eUNm!2m2!1d47.2978299!2d9.0883171!3f40!4f0!5f0.7820865974627469\" width=\"400\" height=\"300\" style=\"border:0;\" allowfullscreen=\"\" loading=\"lazy\" referrerpolicy=\"no-referrer-when-downgrade\"><\/iframe>\t\t\t\t<\/div>\n\t\t\t\t<\/div>\n\t\t\t\t<\/div>\n\t\t\t\t<\/div>\n\t\t\t\t<div class=\"elementor-element elementor-element-4120fb9 elementor-widget elementor-widget-google_maps\" data-id=\"4120fb9\" data-element_type=\"widget\" data-e-type=\"widget\" data-widget_type=\"google_maps.default\">\n\t\t\t\t<div class=\"elementor-widget-container\">\n\t\t\t\t\t\t\t<div class=\"elementor-custom-embed\">\n\t\t\t<iframe loading=\"lazy\"\n\t\t\t\t\tsrc=\"https:\/\/www.google.com\/maps\/embed\/v1\/place?key=AIzaSyDymc0oWz_-QMZgiqss5DIQya7qs8N33ts&#038;q=Toggenburgshop%2C%209630%20Wattwil&#038;zoom=10\"\n\t\t\t\t\ttitle=\"Toggenburg shop, 9630 Wattwil\"\n\t\t\t\t\taria-label=\"Toggenburg shop, 9630 Wattwil\"\n\t\t\t><\/iframe>\n\t\t<\/div>\n\t\t\t\t\t\t<\/div>\n\t\t\t\t<\/div>\n\t\t<div class=\"elementor-element elementor-element-5dc0444 e-flex e-con-boxed e-con e-child\" data-id=\"5dc0444\" data-element_type=\"container\" data-e-type=\"container\" data-settings=\"{&quot;background_background&quot;:&quot;classic&quot;,&quot;jet_parallax_layout_list&quot;:[]}\">\n\t\t\t\t\t<div class=\"e-con-inner\">\n\t\t\t\t<div class=\"elementor-element elementor-element-54d1c87 elementor-widget__width-auto elementor-widget elementor-widget-heading\" data-id=\"54d1c87\" data-element_type=\"widget\" data-e-type=\"widget\" data-widget_type=\"heading.default\">\n\t\t\t\t<div class=\"elementor-widget-container\">\n\t\t\t\t\t<h2 class=\"elementor-heading-title elementor-size-default\">Toggenburg shop<\/h2>\t\t\t\t<\/div>\n\t\t\t\t<\/div>\n\t\t\t\t<div class=\"elementor-element elementor-element-9fa1714 elementor-widget__width-auto elementor-widget elementor-widget-heading\" data-id=\"9fa1714\" data-element_type=\"widget\" data-e-type=\"widget\" data-widget_type=\"heading.default\">\n\t\t\t\t<div class=\"elementor-widget-container\">\n\t\t\t\t\t<p class=\"elementor-heading-title elementor-size-default\">Bahnhofstrasse 22<\/p>\t\t\t\t<\/div>\n\t\t\t\t<\/div>\n\t\t\t\t<div class=\"elementor-element elementor-element-8c32eaf elementor-widget__width-auto elementor-widget elementor-widget-heading\" data-id=\"8c32eaf\" data-element_type=\"widget\" data-e-type=\"widget\" data-widget_type=\"heading.default\">\n\t\t\t\t<div class=\"elementor-widget-container\">\n\t\t\t\t\t<p class=\"elementor-heading-title elementor-size-default\">9630 Wattwil<\/p>\t\t\t\t<\/div>\n\t\t\t\t<\/div>\n\t\t\t\t<div class=\"elementor-element elementor-element-4cbae2a elementor-widget__width-auto elementor-widget elementor-widget-heading\" data-id=\"4cbae2a\" data-element_type=\"widget\" data-e-type=\"widget\" data-widget_type=\"heading.default\">\n\t\t\t\t<div class=\"elementor-widget-container\">\n\t\t\t\t\t<p class=\"elementor-heading-title elementor-size-default\"><a href=\"https:\/\/www.toggenburgshop.ch\/\" target=\"_blank\" rel=\"noopener\">www.toggenburgshop.ch<\/a><\/p>\t\t\t\t<\/div>\n\t\t\t\t<\/div>\n\t\t\t\t\t<\/div>\n\t\t\t\t<\/div>\n\t\t\t\t<\/div>\n\t\t\t\t<\/div>\n\t\t\t\t\t<\/div>\n\t\t\t\t<\/div>\n\t\t<div class=\"elementor-element elementor-element-46cc3bd e-flex e-con-boxed e-con e-parent\" data-id=\"46cc3bd\" data-element_type=\"container\" data-e-type=\"container\" data-settings=\"{&quot;jet_parallax_layout_list&quot;:[]}\">\n\t\t\t\t\t<div class=\"e-con-inner\">\n\t\t<div class=\"elementor-element elementor-element-b299f67 e-con-full e-flex e-con e-child\" data-id=\"b299f67\" data-element_type=\"container\" data-e-type=\"container\" data-settings=\"{&quot;background_background&quot;:&quot;classic&quot;,&quot;jet_parallax_layout_list&quot;:[]}\">\n\t\t<div class=\"elementor-element elementor-element-bd47ea9 e-con-full e-flex e-con e-child\" data-id=\"bd47ea9\" data-element_type=\"container\" data-e-type=\"container\" data-settings=\"{&quot;jet_parallax_layout_list&quot;:[]}\">\n\t\t\t\t<div class=\"elementor-element elementor-element-991f1f2 elementor-widget elementor-widget-heading\" data-id=\"991f1f2\" data-element_type=\"widget\" data-e-type=\"widget\" data-widget_type=\"heading.default\">\n\t\t\t\t<div class=\"elementor-widget-container\">\n\t\t\t\t\t<h2 class=\"elementor-heading-title elementor-size-default\">Typical village shop<\/h2>\t\t\t\t<\/div>\n\t\t\t\t<\/div>\n\t\t\t\t<div class=\"elementor-element elementor-element-27c9f00 elementor-widget elementor-widget-text-editor\" data-id=\"27c9f00\" data-element_type=\"widget\" data-e-type=\"widget\" data-widget_type=\"text-editor.default\">\n\t\t\t\t<div class=\"elementor-widget-container\">\n\t\t\t\t\t\t\t\t\t<p>Dorla opened in spring 2025. It is located in the heart of the village of G\u00e4hwil and is open 24 hours a day. The range is geared towards the typical needs of the village population and includes groceries and selected non-food items. Wherever possible, the products come from regional producers. Dorla offers fresh bread daily, chilled drinks, and a beer and liquor cellar, which is secured by an age-restricted access system.<\/p><p><span style=\"font-weight: 400;\">Range:<\/span>\u00a0<span style=\"font-weight: 400;\">2500 items of daily use<\/span><\/p><p><span style=\"font-weight: 400;\">Opening hours:<\/span> <span style=\"font-weight: 400;\">daily 24 hours<\/span><\/p><p><span style=\"font-weight: 400;\">Care:<\/span> <span style=\"font-weight: 400;\">continuously unattended<\/span><\/p><p><span style=\"font-weight: 400;\">POS terminal:<\/span> <span style=\"font-weight: 400;\">K2 Retail (2x)<\/span><\/p><p><span style=\"font-weight: 400;\">Payment terminal:<\/span> <span style=\"font-weight: 400;\">PayTec UTP 1000F<\/span><\/p><p><span style=\"font-weight: 400;\">Access system:<\/span> <span style=\"font-weight: 400;\">none (beer &amp; liquor room with alcohol and tobacco secured via scango.ch identity)<\/span><\/p><p><span style=\"font-weight: 400;\">further infrastructure:<\/span> <span style=\"font-weight: 400;\">Video surveillance, air conditioning<\/span><\/p><p><span style=\"font-weight: 400;\">Payment options:<\/span> <span style=\"font-weight: 400;\">all common cards as well as TWINT<\/span><\/p>\t\t\t\t\t\t\t\t<\/div>\n\t\t\t\t<\/div>\n\t\t\t\t<\/div>\n\t\t<div class=\"elementor-element elementor-element-4383cff e-con-full e-flex e-con e-child\" data-id=\"4383cff\" data-element_type=\"container\" data-e-type=\"container\" data-settings=\"{&quot;jet_parallax_layout_list&quot;:[]}\">\n\t\t\t\t<div class=\"elementor-element elementor-element-11591ff elementor-widget elementor-widget-google_maps\" data-id=\"11591ff\" data-element_type=\"widget\" data-e-type=\"widget\" data-widget_type=\"google_maps.default\">\n\t\t\t\t<div class=\"elementor-widget-container\">\n\t\t\t\t\t\t\t<div class=\"elementor-custom-embed\">\n\t\t\t<iframe loading=\"lazy\"\n\t\t\t\t\tsrc=\"https:\/\/www.google.com\/maps\/embed\/v1\/place?key=AIzaSyDymc0oWz_-QMZgiqss5DIQya7qs8N33ts&#038;q=Dorla%20G%C3%A4hwil&#038;zoom=10\"\n\t\t\t\t\ttitle=\"Dorla G\u00e4hwil\"\n\t\t\t\t\taria-label=\"Dorla G\u00e4hwil\"\n\t\t\t><\/iframe>\n\t\t<\/div>\n\t\t\t\t\t\t<\/div>\n\t\t\t\t<\/div>\n\t\t<div class=\"elementor-element elementor-element-673e5df e-flex e-con-boxed e-con e-child\" data-id=\"673e5df\" data-element_type=\"container\" data-e-type=\"container\" data-settings=\"{&quot;background_background&quot;:&quot;classic&quot;,&quot;jet_parallax_layout_list&quot;:[]}\">\n\t\t\t\t\t<div class=\"e-con-inner\">\n\t\t\t\t<div class=\"elementor-element elementor-element-513c9c4 elementor-widget__width-auto elementor-widget elementor-widget-heading\" data-id=\"513c9c4\" data-element_type=\"widget\" data-e-type=\"widget\" data-widget_type=\"heading.default\">\n\t\t\t\t<div class=\"elementor-widget-container\">\n\t\t\t\t\t<h2 class=\"elementor-heading-title elementor-size-default\">Dorla G\u00e4hwil<\/h2>\t\t\t\t<\/div>\n\t\t\t\t<\/div>\n\t\t\t\t<div class=\"elementor-element elementor-element-3395cc0 elementor-widget__width-auto elementor-widget elementor-widget-heading\" data-id=\"3395cc0\" data-element_type=\"widget\" data-e-type=\"widget\" data-widget_type=\"heading.default\">\n\t\t\t\t<div class=\"elementor-widget-container\">\n\t\t\t\t\t<p class=\"elementor-heading-title elementor-size-default\">Hulfteggstrasse 8<\/p>\t\t\t\t<\/div>\n\t\t\t\t<\/div>\n\t\t\t\t<div class=\"elementor-element elementor-element-724fec2 elementor-widget__width-auto elementor-widget elementor-widget-heading\" data-id=\"724fec2\" data-element_type=\"widget\" data-e-type=\"widget\" data-widget_type=\"heading.default\">\n\t\t\t\t<div class=\"elementor-widget-container\">\n\t\t\t\t\t<p class=\"elementor-heading-title elementor-size-default\">9534 G\u00e4hwil<\/p>\t\t\t\t<\/div>\n\t\t\t\t<\/div>\n\t\t\t\t<div class=\"elementor-element elementor-element-49b8501 elementor-widget__width-auto elementor-widget elementor-widget-heading\" data-id=\"49b8501\" data-element_type=\"widget\" data-e-type=\"widget\" data-widget_type=\"heading.default\">\n\t\t\t\t<div class=\"elementor-widget-container\">\n\t\t\t\t\t<p class=\"elementor-heading-title elementor-size-default\"><a href=\"https:\/\/www.dorla.ch\" target=\"_blank\" rel=\"noopener\">www.dorla.ch<\/a><\/p>\t\t\t\t<\/div>\n\t\t\t\t<\/div>\n\t\t\t\t\t<\/div>\n\t\t\t\t<\/div>\n\t\t\t\t<\/div>\n\t\t\t\t<\/div>\n\t\t\t\t\t<\/div>\n\t\t\t\t<\/div>\n\t\t\t\t<\/div>","protected":false},"excerpt":{"rendered":"<p>Dein Spezialit\u00e4tenladen mit scango.ch Unsere L\u00f6sung ist f\u00fcr autonome und teilautonome Verkaufskonzepte vielf\u00e4ltige einsetzbar.\u00a0Gerade f\u00fcr deinen Spezialit\u00e4tenladen ist scango.ch perfekt geeignet.\u00a0Dir als Betreiberin bleibt mehr Zeit f\u00fcr deine Leidenschaften ausserhalb des Ladenbetriebs. Und deine Kundinnen und Kunden geniessen ein modernes und unabh\u00e4ngiges Einkaufserlebnis. F\u00fcr dich besonders spannend: Label-Drucker-App, mit der du deine Produkte mit scanbaren [&hellip;]<\/p>\n","protected":false},"author":3,"featured_media":0,"parent":0,"menu_order":0,"comment_status":"closed","ping_status":"closed","template":"","meta":{"_jf_save_progress":"","footnotes":""},"class_list":["post-3200","page","type-page","status-publish","hentry"],"_links":{"self":[{"href":"https:\/\/www.scango.ch\/en\/wp-json\/wp\/v2\/pages\/3200","targetHints":{"allow":["GET"]}}],"collection":[{"href":"https:\/\/www.scango.ch\/en\/wp-json\/wp\/v2\/pages"}],"about":[{"href":"https:\/\/www.scango.ch\/en\/wp-json\/wp\/v2\/types\/page"}],"author":[{"embeddable":true,"href":"https:\/\/www.scango.ch\/en\/wp-json\/wp\/v2\/users\/3"}],"replies":[{"embeddable":true,"href":"https:\/\/www.scango.ch\/en\/wp-json\/wp\/v2\/comments?post=3200"}],"version-history":[{"count":19,"href":"https:\/\/www.scango.ch\/en\/wp-json\/wp\/v2\/pages\/3200\/revisions"}],"predecessor-version":[{"id":3308,"href":"https:\/\/www.scango.ch\/en\/wp-json\/wp\/v2\/pages\/3200\/revisions\/3308"}],"wp:attachment":[{"href":"https:\/\/www.scango.ch\/en\/wp-json\/wp\/v2\/media?parent=3200"}],"curies":[{"name":"wp","href":"https:\/\/api.w.org\/{rel}","templated":true}]}}