{"id":1612,"date":"2022-12-07T17:19:14","date_gmt":"2022-12-07T16:19:14","guid":{"rendered":"https:\/\/www.scango.ch\/?post_type=product&#038;p=1612"},"modified":"2023-10-03T10:08:26","modified_gmt":"2023-10-03T08:08:26","slug":"k2","status":"publish","type":"product","link":"https:\/\/www.scango.ch\/en\/product\/k2\/","title":{"rendered":"scango.ch Retail K2"},"content":{"rendered":"<p>The scango.ch retail kiosk offers more space for interaction and operation thanks to its larger design. With its intuitive interface and custom branding options, it represents a modernized self-service solution. Barcode scanning, diverse payment options and easy setup make it ideal for your retail business. You can track sales in real time using the dashboard. Its larger display promotes a pleasant customer experience and makes self-service easier.<\/p>","protected":false},"excerpt":{"rendered":"<p>Der scango.ch Retail Kiosk bietet durch seine gr\u00f6ssere Bauweise mehr Platz f\u00fcr Interaktion und Bedienung. Mit seiner intuitiven Oberfl\u00e4che und individuellen Branding-M\u00f6glichkeiten stellt er eine modernisierte Selbstbedienungsl\u00f6sung dar. Barcode-Scanning, vielf\u00e4ltige Zahlungsoptionen und die einfache Einrichtung machen ihn ideal f\u00fcr deinen Einzelhandel. \u00dcber das Dashboard kannst du Verk\u00e4ufe in Echtzeit verfolgen. Sein gr\u00f6sseres Display f\u00f6rdert ein [&hellip;]<\/p>\n","protected":false},"featured_media":762,"comment_status":"closed","ping_status":"closed","template":"","meta":{"_jf_save_progress":""},"product_brand":[],"product_cat":[15],"product_tag":[],"class_list":{"0":"post-1612","1":"product","2":"type-product","3":"status-publish","4":"has-post-thumbnail","6":"product_cat-unkategorisiert","8":"first","9":"instock","10":"taxable","11":"shipping-taxable","12":"purchasable","13":"product-type-simple"},"_links":{"self":[{"href":"https:\/\/www.scango.ch\/en\/wp-json\/wp\/v2\/product\/1612","targetHints":{"allow":["GET"]}}],"collection":[{"href":"https:\/\/www.scango.ch\/en\/wp-json\/wp\/v2\/product"}],"about":[{"href":"https:\/\/www.scango.ch\/en\/wp-json\/wp\/v2\/types\/product"}],"replies":[{"embeddable":true,"href":"https:\/\/www.scango.ch\/en\/wp-json\/wp\/v2\/comments?post=1612"}],"wp:featuredmedia":[{"embeddable":true,"href":"https:\/\/www.scango.ch\/en\/wp-json\/wp\/v2\/media\/762"}],"wp:attachment":[{"href":"https:\/\/www.scango.ch\/en\/wp-json\/wp\/v2\/media?parent=1612"}],"wp:term":[{"taxonomy":"product_brand","embeddable":true,"href":"https:\/\/www.scango.ch\/en\/wp-json\/wp\/v2\/product_brand?post=1612"},{"taxonomy":"product_cat","embeddable":true,"href":"https:\/\/www.scango.ch\/en\/wp-json\/wp\/v2\/product_cat?post=1612"},{"taxonomy":"product_tag","embeddable":true,"href":"https:\/\/www.scango.ch\/en\/wp-json\/wp\/v2\/product_tag?post=1612"}],"curies":[{"name":"wp","href":"https:\/\/api.w.org\/{rel}","templated":true}]}}