{"id":3048,"date":"2025-08-26T17:48:32","date_gmt":"2025-08-26T15:48:32","guid":{"rendered":"https:\/\/www.scango.ch\/?post_type=product&#038;p=3048"},"modified":"2025-08-26T17:56:08","modified_gmt":"2025-08-26T15:56:08","slug":"scango-ch-scale-s2","status":"publish","type":"product","link":"https:\/\/www.scango.ch\/en\/product\/scango-ch-scale-s2\/","title":{"rendered":"scango.ch Scale S2"},"content":{"rendered":"<p>The scango.ch scale&#039;s compact design allows for flexible placement. With its intuitive interface and custom branding options, it represents a modern addition to scango.ch&#039;s self-service solution. Ideal for products sold openly by weight in self-service stores.<\/p>\n<p>Product and price updates are managed in real time via the existing browser-based dashboard. Customers can weigh products themselves.<br \/>\nWith a tare function, ideal for unpackaged products. The integrated thermal receipt printer quickly and easily prints receipts for the weighed goods, designed for quick scanning at the checkout when completing your purchase.<\/p>","protected":false},"excerpt":{"rendered":"<p>Die scango.ch Waage kann durch ihre kompakte Bauweise sehr flexibel platziert werden. Mit ihrer intuitiven Oberfl\u00e4che und individuellen Branding-M\u00f6glichkeiten stellt sie eine moderne Erg\u00e4nzung zur Selbstbedienungsl\u00f6sung von scango.ch dar. Ideal f\u00fcr offen verkaufte Produkte nach Gewicht in Selbstbedienung. Die Waren- und Preispflege erfolgt browserbasiert \u00fcber das bestehende Dashboard in Echtzeit verfolgen. Kundinnen und Kunden k\u00f6nnen [&hellip;]<\/p>\n","protected":false},"featured_media":3038,"comment_status":"closed","ping_status":"closed","template":"","meta":{"_jf_save_progress":""},"product_brand":[],"product_cat":[15],"product_tag":[],"class_list":{"0":"post-3048","1":"product","2":"type-product","3":"status-publish","4":"has-post-thumbnail","6":"product_cat-unkategorisiert","8":"first","9":"instock","10":"taxable","11":"shipping-taxable","12":"purchasable","13":"product-type-simple"},"_links":{"self":[{"href":"https:\/\/www.scango.ch\/en\/wp-json\/wp\/v2\/product\/3048","targetHints":{"allow":["GET"]}}],"collection":[{"href":"https:\/\/www.scango.ch\/en\/wp-json\/wp\/v2\/product"}],"about":[{"href":"https:\/\/www.scango.ch\/en\/wp-json\/wp\/v2\/types\/product"}],"replies":[{"embeddable":true,"href":"https:\/\/www.scango.ch\/en\/wp-json\/wp\/v2\/comments?post=3048"}],"wp:featuredmedia":[{"embeddable":true,"href":"https:\/\/www.scango.ch\/en\/wp-json\/wp\/v2\/media\/3038"}],"wp:attachment":[{"href":"https:\/\/www.scango.ch\/en\/wp-json\/wp\/v2\/media?parent=3048"}],"wp:term":[{"taxonomy":"product_brand","embeddable":true,"href":"https:\/\/www.scango.ch\/en\/wp-json\/wp\/v2\/product_brand?post=3048"},{"taxonomy":"product_cat","embeddable":true,"href":"https:\/\/www.scango.ch\/en\/wp-json\/wp\/v2\/product_cat?post=3048"},{"taxonomy":"product_tag","embeddable":true,"href":"https:\/\/www.scango.ch\/en\/wp-json\/wp\/v2\/product_tag?post=3048"}],"curies":[{"name":"wp","href":"https:\/\/api.w.org\/{rel}","templated":true}]}}