{"id":1935,"date":"2023-06-23T14:24:24","date_gmt":"2023-06-23T12:24:24","guid":{"rendered":"https:\/\/staging.scango.ch\/?page_id=1935"},"modified":"2025-03-31T13:45:53","modified_gmt":"2025-03-31T11:45:53","slug":"alterskontrolle","status":"publish","type":"page","link":"https:\/\/www.scango.ch\/fr\/alterskontrolle\/","title":{"rendered":"V\u00e9rification de l&#039;\u00e2ge (version b\u00eata)"},"content":{"rendered":"\t\t<div data-elementor-type=\"wp-page\" data-elementor-id=\"1935\" class=\"elementor elementor-1935\" data-elementor-post-type=\"page\">\n\t\t\t\t<div class=\"elementor-element elementor-element-cb4ca46 e-flex e-con-boxed e-con e-parent\" data-id=\"cb4ca46\" data-element_type=\"container\" data-e-type=\"container\" data-settings=\"{&quot;jet_parallax_layout_list&quot;:[{&quot;jet_parallax_layout_image&quot;:{&quot;url&quot;:&quot;&quot;,&quot;id&quot;:&quot;&quot;,&quot;size&quot;:&quot;&quot;},&quot;_id&quot;:&quot;61f91de&quot;,&quot;jet_parallax_layout_image_tablet&quot;:{&quot;url&quot;:&quot;&quot;,&quot;id&quot;:&quot;&quot;,&quot;size&quot;:&quot;&quot;},&quot;jet_parallax_layout_image_mobile&quot;:{&quot;url&quot;:&quot;&quot;,&quot;id&quot;:&quot;&quot;,&quot;size&quot;:&quot;&quot;},&quot;jet_parallax_layout_speed&quot;:{&quot;unit&quot;:&quot;%&quot;,&quot;size&quot;:50,&quot;sizes&quot;:[]},&quot;jet_parallax_layout_type&quot;:&quot;scroll&quot;,&quot;jet_parallax_layout_direction&quot;:&quot;1&quot;,&quot;jet_parallax_layout_fx_direction&quot;:null,&quot;jet_parallax_layout_z_index&quot;:&quot;&quot;,&quot;jet_parallax_layout_bg_x&quot;:50,&quot;jet_parallax_layout_bg_x_tablet&quot;:&quot;&quot;,&quot;jet_parallax_layout_bg_x_mobile&quot;:&quot;&quot;,&quot;jet_parallax_layout_bg_y&quot;:50,&quot;jet_parallax_layout_bg_y_tablet&quot;:&quot;&quot;,&quot;jet_parallax_layout_bg_y_mobile&quot;:&quot;&quot;,&quot;jet_parallax_layout_bg_size&quot;:&quot;auto&quot;,&quot;jet_parallax_layout_bg_size_tablet&quot;:&quot;&quot;,&quot;jet_parallax_layout_bg_size_mobile&quot;:&quot;&quot;,&quot;jet_parallax_layout_animation_prop&quot;:&quot;transform&quot;,&quot;jet_parallax_layout_on&quot;:[&quot;desktop&quot;,&quot;tablet&quot;]}]}\">\n\t\t\t\t\t<div class=\"e-con-inner\">\n\t\t<div class=\"elementor-element elementor-element-71178e2 e-flex e-con-boxed e-con e-child\" data-id=\"71178e2\" data-element_type=\"container\" data-e-type=\"container\" data-settings=\"{&quot;background_background&quot;:&quot;classic&quot;,&quot;jet_parallax_layout_list&quot;:[]}\">\n\t\t\t\t\t<div class=\"e-con-inner\">\n\t\t<div class=\"elementor-element elementor-element-f7b5b43 e-con-full e-flex e-con e-child\" data-id=\"f7b5b43\" data-element_type=\"container\" data-e-type=\"container\" data-settings=\"{&quot;jet_parallax_layout_list&quot;:[]}\">\n\t\t\t\t<div class=\"elementor-element elementor-element-6a1bf2a elementor-widget__width-auto elementor-view-default elementor-widget elementor-widget-icon\" data-id=\"6a1bf2a\" data-element_type=\"widget\" data-e-type=\"widget\" data-widget_type=\"icon.default\">\n\t\t\t\t<div class=\"elementor-widget-container\">\n\t\t\t\t\t\t\t<div class=\"elementor-icon-wrapper\">\n\t\t\t<div class=\"elementor-icon\">\n\t\t\t<svg xmlns=\"http:\/\/www.w3.org\/2000\/svg\" width=\"24\" height=\"24\" viewBox=\"0 0 24 24\" fill=\"none\"><path d=\"M2.25 15C2.25 17.4853 4.26472 19.5 6.75 19.5H18C20.0711 19.5 21.75 17.8211 21.75 15.75C21.75 14.1479 20.7453 12.7805 19.3316 12.2433C19.4407 11.9324 19.5 11.5981 19.5 11.25C19.5 9.59315 18.1569 8.25 16.5 8.25C16.1767 8.25 15.8654 8.30113 15.5737 8.39575C14.9765 6.1526 12.9312 4.5 10.5 4.5C7.6005 4.5 5.25 6.85051 5.25 9.75C5.25 10.0832 5.28105 10.4092 5.3404 10.7252C3.54555 11.3167 2.25 13.0071 2.25 15Z\" stroke=\"#0F172A\" stroke-width=\"1.5\" stroke-linecap=\"round\" stroke-linejoin=\"round\"><\/path><\/svg>\t\t\t<\/div>\n\t\t<\/div>\n\t\t\t\t\t\t<\/div>\n\t\t\t\t<\/div>\n\t\t\t\t<div class=\"elementor-element elementor-element-b52dd65 elementor-widget elementor-widget-heading\" data-id=\"b52dd65\" data-element_type=\"widget\" data-e-type=\"widget\" data-widget_type=\"heading.default\">\n\t\t\t\t<div class=\"elementor-widget-container\">\n\t\t\t\t\t<h2 class=\"elementor-heading-title elementor-size-default\">Alters- und Zutrittskontrolle\n(Beta-Version)<\/h2>\t\t\t\t<\/div>\n\t\t\t\t<\/div>\n\t\t\t\t<div class=\"elementor-element elementor-element-1234019 elementor-widget elementor-widget-text-editor\" data-id=\"1234019\" data-element_type=\"widget\" data-e-type=\"widget\" data-widget_type=\"text-editor.default\">\n\t\t\t\t<div class=\"elementor-widget-container\">\n\t\t\t\t\t\t\t\t\t<p>Mit unserer Alterskontrolle stellst du sicher, dass nur Personen, welche das Mindestalter gem\u00e4ss deinen Vorgaben haben, Zugriff oder Zutritt erhalten.&nbsp;<\/p>\t\t\t\t\t\t\t\t<\/div>\n\t\t\t\t<\/div>\n\t\t<div class=\"elementor-element elementor-element-03ed499 e-flex e-con-boxed e-con e-child\" data-id=\"03ed499\" data-element_type=\"container\" data-e-type=\"container\" data-settings=\"{&quot;background_background&quot;:&quot;classic&quot;,&quot;jet_parallax_layout_list&quot;:[]}\">\n\t\t\t\t\t<div class=\"e-con-inner\">\n\t\t\t\t<div class=\"elementor-element elementor-element-b21687e elementor-widget elementor-widget-heading\" data-id=\"b21687e\" data-element_type=\"widget\" data-e-type=\"widget\" data-widget_type=\"heading.default\">\n\t\t\t\t<div class=\"elementor-widget-container\">\n\t\t\t\t\t<h2 class=\"elementor-heading-title elementor-size-default\">Die Alterskontrolle als Beta-Version der Entwicklung ist nur in Kombination mit einer Kassenl\u00f6sung verf\u00fcgbar<\/h2>\t\t\t\t<\/div>\n\t\t\t\t<\/div>\n\t\t\t\t\t<\/div>\n\t\t\t\t<\/div>\n\t\t\t\t<\/div>\n\t\t<div class=\"elementor-element elementor-element-9d5c407 e-con-full e-flex e-con e-child\" data-id=\"9d5c407\" data-element_type=\"container\" data-e-type=\"container\" data-settings=\"{&quot;jet_parallax_layout_list&quot;:[]}\">\n\t\t\t\t<div class=\"elementor-element elementor-element-a501229 elementor-widget elementor-widget-image\" data-id=\"a501229\" data-element_type=\"widget\" data-e-type=\"widget\" data-widget_type=\"image.default\">\n\t\t\t\t<div class=\"elementor-widget-container\">\n\t\t\t\t\t\t\t\t\t\t\t\t\t\t\t<img fetchpriority=\"high\" decoding=\"async\" width=\"683\" height=\"1024\" src=\"https:\/\/www.scango.ch\/wp-content\/uploads\/2025\/01\/20241026-0745-DSC01205-683x1024.jpg\" class=\"attachment-large size-large wp-image-2827\" alt=\"\" srcset=\"https:\/\/www.scango.ch\/wp-content\/uploads\/2025\/01\/20241026-0745-DSC01205-683x1024.jpg 683w, https:\/\/www.scango.ch\/wp-content\/uploads\/2025\/01\/20241026-0745-DSC01205-200x300.jpg 200w, https:\/\/www.scango.ch\/wp-content\/uploads\/2025\/01\/20241026-0745-DSC01205-768x1152.jpg 768w, https:\/\/www.scango.ch\/wp-content\/uploads\/2025\/01\/20241026-0745-DSC01205-1024x1536.jpg 1024w, https:\/\/www.scango.ch\/wp-content\/uploads\/2025\/01\/20241026-0745-DSC01205-1365x2048.jpg 1365w, https:\/\/www.scango.ch\/wp-content\/uploads\/2025\/01\/20241026-0745-DSC01205-8x12.jpg 8w, https:\/\/www.scango.ch\/wp-content\/uploads\/2025\/01\/20241026-0745-DSC01205-600x900.jpg 600w, https:\/\/www.scango.ch\/wp-content\/uploads\/2025\/01\/20241026-0745-DSC01205-scaled.jpg 1707w\" sizes=\"(max-width: 683px) 100vw, 683px\" \/>\t\t\t\t\t\t\t\t\t\t\t\t\t\t\t<\/div>\n\t\t\t\t<\/div>\n\t\t\t\t<\/div>\n\t\t\t\t\t<\/div>\n\t\t\t\t<\/div>\n\t\t\t\t\t<\/div>\n\t\t\t\t<\/div>\n\t\t<div class=\"elementor-element elementor-element-52f1f58 e-flex e-con-boxed e-con e-parent\" data-id=\"52f1f58\" data-element_type=\"container\" data-e-type=\"container\" data-settings=\"{&quot;jet_parallax_layout_list&quot;:[{&quot;jet_parallax_layout_image&quot;:{&quot;url&quot;:&quot;&quot;,&quot;id&quot;:&quot;&quot;,&quot;size&quot;:&quot;&quot;},&quot;_id&quot;:&quot;d3189a7&quot;,&quot;jet_parallax_layout_image_tablet&quot;:{&quot;url&quot;:&quot;&quot;,&quot;id&quot;:&quot;&quot;,&quot;size&quot;:&quot;&quot;},&quot;jet_parallax_layout_image_mobile&quot;:{&quot;url&quot;:&quot;&quot;,&quot;id&quot;:&quot;&quot;,&quot;size&quot;:&quot;&quot;},&quot;jet_parallax_layout_speed&quot;:{&quot;unit&quot;:&quot;%&quot;,&quot;size&quot;:50,&quot;sizes&quot;:[]},&quot;jet_parallax_layout_type&quot;:&quot;scroll&quot;,&quot;jet_parallax_layout_direction&quot;:&quot;1&quot;,&quot;jet_parallax_layout_fx_direction&quot;:null,&quot;jet_parallax_layout_z_index&quot;:&quot;&quot;,&quot;jet_parallax_layout_bg_x&quot;:50,&quot;jet_parallax_layout_bg_x_tablet&quot;:&quot;&quot;,&quot;jet_parallax_layout_bg_x_mobile&quot;:&quot;&quot;,&quot;jet_parallax_layout_bg_y&quot;:50,&quot;jet_parallax_layout_bg_y_tablet&quot;:&quot;&quot;,&quot;jet_parallax_layout_bg_y_mobile&quot;:&quot;&quot;,&quot;jet_parallax_layout_bg_size&quot;:&quot;auto&quot;,&quot;jet_parallax_layout_bg_size_tablet&quot;:&quot;&quot;,&quot;jet_parallax_layout_bg_size_mobile&quot;:&quot;&quot;,&quot;jet_parallax_layout_animation_prop&quot;:&quot;transform&quot;,&quot;jet_parallax_layout_on&quot;:[&quot;desktop&quot;,&quot;tablet&quot;]}]}\">\n\t\t\t\t\t<div class=\"e-con-inner\">\n\t\t<div class=\"elementor-element elementor-element-8c5fbc6 e-con-full e-flex e-con e-child\" data-id=\"8c5fbc6\" data-element_type=\"container\" data-e-type=\"container\" data-settings=\"{&quot;jet_parallax_layout_list&quot;:[]}\">\n\t\t\t\t<div class=\"elementor-element elementor-element-6eda399 elementor-widget elementor-widget-video\" data-id=\"6eda399\" data-element_type=\"widget\" data-e-type=\"widget\" data-settings=\"{&quot;video_type&quot;:&quot;hosted&quot;,&quot;autoplay&quot;:&quot;yes&quot;,&quot;mute&quot;:&quot;yes&quot;,&quot;controls&quot;:&quot;yes&quot;}\" data-widget_type=\"video.default\">\n\t\t\t\t<div class=\"elementor-widget-container\">\n\t\t\t\t\t\t\t<div class=\"e-hosted-video elementor-wrapper elementor-open-inline\">\n\t\t\t\t\t<video class=\"elementor-video\" src=\"https:\/\/www.scango.ch\/wp-content\/uploads\/2025\/01\/2024-10-23-17.10.39.mp4\" autoplay=\"\" controls=\"\" muted=\"muted\" controlsList=\"nodownload\"><\/video>\n\t\t\t\t<\/div>\n\t\t\t\t\t\t<\/div>\n\t\t\t\t<\/div>\n\t\t<div class=\"elementor-element elementor-element-bb8f62c e-con-full e-flex e-con e-child\" data-id=\"bb8f62c\" data-element_type=\"container\" data-e-type=\"container\" data-settings=\"{&quot;jet_parallax_layout_list&quot;:[]}\">\n\t\t\t\t<div class=\"elementor-element elementor-element-b5ef0f3 elementor-widget elementor-widget-heading\" data-id=\"b5ef0f3\" data-element_type=\"widget\" data-e-type=\"widget\" data-widget_type=\"heading.default\">\n\t\t\t\t<div class=\"elementor-widget-container\">\n\t\t\t\t\t<h2 class=\"elementor-heading-title elementor-size-default\">H: 25cm x B 16.5cm x T 9cm<\/h2>\t\t\t\t<\/div>\n\t\t\t\t<\/div>\n\t\t\t\t<div class=\"elementor-element elementor-element-4fc07a8 elementor-widget elementor-widget-heading\" data-id=\"4fc07a8\" data-element_type=\"widget\" data-e-type=\"widget\" data-widget_type=\"heading.default\">\n\t\t\t\t<div class=\"elementor-widget-container\">\n\t\t\t\t\t<h2 class=\"elementor-heading-title elementor-size-default\">CHF 1'690,00 exkl. MWST<\/h2>\t\t\t\t<\/div>\n\t\t\t\t<\/div>\n\t\t\t\t<\/div>\n\t\t\t\t<\/div>\n\t\t<div class=\"elementor-element elementor-element-b4c4a8b e-con-full e-flex e-con e-child\" data-id=\"b4c4a8b\" data-element_type=\"container\" data-e-type=\"container\" data-settings=\"{&quot;jet_parallax_layout_list&quot;:[]}\">\n\t\t\t\t<div class=\"elementor-element elementor-element-9221070 elementor-widget elementor-widget-heading\" data-id=\"9221070\" data-element_type=\"widget\" data-e-type=\"widget\" data-widget_type=\"heading.default\">\n\t\t\t\t<div class=\"elementor-widget-container\">\n\t\t\t\t\t<p class=\"elementor-heading-title elementor-size-default\">Entwickelt und produziert in der Schweiz<\/p>\t\t\t\t<\/div>\n\t\t\t\t<\/div>\n\t\t\t\t<div class=\"elementor-element elementor-element-5110f7b elementor-widget elementor-widget-heading\" data-id=\"5110f7b\" data-element_type=\"widget\" data-e-type=\"widget\" data-widget_type=\"heading.default\">\n\t\t\t\t<div class=\"elementor-widget-container\">\n\t\t\t\t\t<h2 class=\"elementor-heading-title elementor-size-default\">Flexibel und innovativ \u2013 Alterskontrolle f\u00fcr vielseitige Anwendungen<\/h2>\t\t\t\t<\/div>\n\t\t\t\t<\/div>\n\t\t\t\t<div class=\"elementor-element elementor-element-6371548 elementor-widget elementor-widget-heading\" data-id=\"6371548\" data-element_type=\"widget\" data-e-type=\"widget\" data-widget_type=\"heading.default\">\n\t\t\t\t<div class=\"elementor-widget-container\">\n\t\t\t\t\t<h2 class=\"elementor-heading-title elementor-size-default\">Unser System erkennt Schweizer F\u00fchrerausweise, Identit\u00e4tskarten sowie Schweizer und internationale P\u00e4sse. Das Ger\u00e4t ist flexibel einstellbar: Alters- oder generelle Zutrittskontrolle, die Anpassungsm\u00f6glichkeiten machen es zu einer vielseitigen L\u00f6sung f\u00fcr unterschiedliche Einsatzbereiche.<br><br>Die Montage an Wand sowie Anschluss und Koppelung an einen bestehenden Zutrittsmechanismus (elektronisches Schloss o.\u00e4.) erfolgt durch dich, bzw. deinen beauftragten fachkundigen Handwerker. Wir senden euch eine Montage-Anleitung mit und bereiten das Ger\u00e4t inkl. individuellem Bildschirauftritt vor. <br><br>Bitte beachte: Die Box darf nicht der Witterung ausgesetzt erden (Regen, Schnee, starke Sonneneinstrahlung). Die Box ist aktuell nur als Beta-Version unserer Entwicklung verf\u00fcgbar.<\/h2>\t\t\t\t<\/div>\n\t\t\t\t<\/div>\n\t\t\t\t<\/div>\n\t\t\t\t\t<\/div>\n\t\t\t\t<\/div>\n\t\t<div class=\"elementor-element elementor-element-0a61801 e-flex e-con-boxed e-con e-parent\" data-id=\"0a61801\" data-element_type=\"container\" data-e-type=\"container\" data-settings=\"{&quot;jet_parallax_layout_list&quot;:[]}\">\n\t\t\t\t\t<div class=\"e-con-inner\">\n\t\t\t\t<div class=\"elementor-element elementor-element-8ad26a1 elementor-widget elementor-widget-heading\" data-id=\"8ad26a1\" data-element_type=\"widget\" data-e-type=\"widget\" data-widget_type=\"heading.default\">\n\t\t\t\t<div class=\"elementor-widget-container\">\n\t\t\t\t\t<h2 class=\"elementor-heading-title elementor-size-default\">Preisgestaltung<\/h2>\t\t\t\t<\/div>\n\t\t\t\t<\/div>\n\t\t<div class=\"elementor-element elementor-element-79ef6d7 e-grid e-con-full e-con e-child\" data-id=\"79ef6d7\" data-element_type=\"container\" data-e-type=\"container\" data-settings=\"{&quot;jet_parallax_layout_list&quot;:[]}\">\n\t\t<div class=\"elementor-element elementor-element-5fd2706 e-con-full e-flex e-con e-child\" data-id=\"5fd2706\" data-element_type=\"container\" data-e-type=\"container\" data-settings=\"{&quot;jet_parallax_layout_list&quot;:[]}\">\n\t\t\t\t<\/div>\n\t\t<div class=\"elementor-element elementor-element-19e1b39 e-con-full e-flex e-con e-child\" data-id=\"19e1b39\" data-element_type=\"container\" data-e-type=\"container\" data-settings=\"{&quot;background_background&quot;:&quot;gradient&quot;,&quot;jet_parallax_layout_list&quot;:[]}\">\n\t\t\t\t<div class=\"elementor-element elementor-element-d56b8fb elementor-widget elementor-widget-heading\" data-id=\"d56b8fb\" data-element_type=\"widget\" data-e-type=\"widget\" data-widget_type=\"heading.default\">\n\t\t\t\t<div class=\"elementor-widget-container\">\n\t\t\t\t\t<h2 class=\"elementor-heading-title elementor-size-default\">Basis<\/h2>\t\t\t\t<\/div>\n\t\t\t\t<\/div>\n\t\t\t\t<div class=\"elementor-element elementor-element-bb9398e elementor-widget elementor-widget-heading\" data-id=\"bb9398e\" data-element_type=\"widget\" data-e-type=\"widget\" data-widget_type=\"heading.default\">\n\t\t\t\t<div class=\"elementor-widget-container\">\n\t\t\t\t\t<h2 class=\"elementor-heading-title elementor-size-default\">CHF 25<\/h2>\t\t\t\t<\/div>\n\t\t\t\t<\/div>\n\t\t\t\t<div class=\"elementor-element elementor-element-f170e93 elementor-widget elementor-widget-heading\" data-id=\"f170e93\" data-element_type=\"widget\" data-e-type=\"widget\" data-widget_type=\"heading.default\">\n\t\t\t\t<div class=\"elementor-widget-container\">\n\t\t\t\t\t<h2 class=\"elementor-heading-title elementor-size-default\">pro Monat<\/h2>\t\t\t\t<\/div>\n\t\t\t\t<\/div>\n\t\t\t\t<div class=\"elementor-element elementor-element-ce08250 elementor-widget elementor-widget-heading\" data-id=\"ce08250\" data-element_type=\"widget\" data-e-type=\"widget\" data-widget_type=\"heading.default\">\n\t\t\t\t<div class=\"elementor-widget-container\">\n\t\t\t\t\t<h2 class=\"elementor-heading-title elementor-size-default\">Impuls durch Scannen von Ausweisen bei Alter &gt; 18 Jahre (Alter ver\u00e4nderbar auf Wunsch)\n(Schweizer ID, Schweizer Pass, Schweizer F\u00fchrerausweis, internationale Ausweise MRZ)<\/h2>\t\t\t\t<\/div>\n\t\t\t\t<\/div>\n\t\t\t\t<\/div>\n\t\t\t\t<\/div>\n\t\t\t\t\t<\/div>\n\t\t\t\t<\/div>\n\t\t\t\t<\/div>\n\t\t","protected":false},"excerpt":{"rendered":"<p>Alters- und Zutrittskontrolle (Beta-Version) Mit unserer Alterskontrolle stellst du sicher, dass nur Personen, welche das Mindestalter gem\u00e4ss deinen Vorgaben haben, Zugriff oder Zutritt erhalten.&nbsp; Die Alterskontrolle als Beta-Version der Entwicklung ist nur in Kombination mit einer Kassenl\u00f6sung verf\u00fcgbar https:\/\/www.scango.ch\/wp-content\/uploads\/2025\/01\/2024-10-23-17.10.39.mp4 H: 25cm x B 16.5cm x T 9cm CHF 1&#8217;690,00 exkl. MWST Entwickelt und produziert in [&hellip;]<\/p>\n","protected":false},"author":1,"featured_media":0,"parent":0,"menu_order":0,"comment_status":"closed","ping_status":"closed","template":"","meta":{"_jf_save_progress":"","footnotes":""},"class_list":["post-1935","page","type-page","status-publish","hentry"],"_links":{"self":[{"href":"https:\/\/www.scango.ch\/fr\/wp-json\/wp\/v2\/pages\/1935","targetHints":{"allow":["GET"]}}],"collection":[{"href":"https:\/\/www.scango.ch\/fr\/wp-json\/wp\/v2\/pages"}],"about":[{"href":"https:\/\/www.scango.ch\/fr\/wp-json\/wp\/v2\/types\/page"}],"author":[{"embeddable":true,"href":"https:\/\/www.scango.ch\/fr\/wp-json\/wp\/v2\/users\/1"}],"replies":[{"embeddable":true,"href":"https:\/\/www.scango.ch\/fr\/wp-json\/wp\/v2\/comments?post=1935"}],"version-history":[{"count":79,"href":"https:\/\/www.scango.ch\/fr\/wp-json\/wp\/v2\/pages\/1935\/revisions"}],"predecessor-version":[{"id":2959,"href":"https:\/\/www.scango.ch\/fr\/wp-json\/wp\/v2\/pages\/1935\/revisions\/2959"}],"wp:attachment":[{"href":"https:\/\/www.scango.ch\/fr\/wp-json\/wp\/v2\/media?parent=1935"}],"curies":[{"name":"wp","href":"https:\/\/api.w.org\/{rel}","templated":true}]}}