{"id":2909,"date":"2025-03-26T15:43:52","date_gmt":"2025-03-26T14:43:52","guid":{"rendered":"https:\/\/www.scango.ch\/?page_id=2909"},"modified":"2025-03-31T13:50:47","modified_gmt":"2025-03-31T11:50:47","slug":"betrieb24hshop","status":"publish","type":"page","link":"https:\/\/www.scango.ch\/fr\/betrieb24hshop\/","title":{"rendered":"Conseil en op\u00e9rations de magasin"},"content":{"rendered":"<div data-elementor-type=\"wp-page\" data-elementor-id=\"2909\" class=\"elementor elementor-2909\" data-elementor-post-type=\"page\">\n\t\t\t\t<div class=\"elementor-element elementor-element-47faab6 e-flex e-con-boxed e-con e-parent\" data-id=\"47faab6\" data-element_type=\"container\" data-e-type=\"container\" data-settings=\"{&quot;jet_parallax_layout_list&quot;:[]}\">\n\t\t\t\t\t<div class=\"e-con-inner\">\n\t\t<div class=\"elementor-element elementor-element-72fccb8 e-con-full e-flex e-con e-child\" data-id=\"72fccb8\" data-element_type=\"container\" data-e-type=\"container\" data-settings=\"{&quot;background_background&quot;:&quot;classic&quot;,&quot;jet_parallax_layout_list&quot;:[]}\">\n\t\t<div class=\"elementor-element elementor-element-65ea6b8 e-con-full e-flex e-con e-child\" data-id=\"65ea6b8\" data-element_type=\"container\" data-e-type=\"container\" data-settings=\"{&quot;jet_parallax_layout_list&quot;:[]}\">\n\t\t\t\t<div class=\"elementor-element elementor-element-468a08a elementor-widget__width-auto elementor-view-default elementor-widget elementor-widget-icon\" data-id=\"468a08a\" data-element_type=\"widget\" data-e-type=\"widget\" data-widget_type=\"icon.default\">\n\t\t\t\t<div class=\"elementor-widget-container\">\n\t\t\t\t\t\t\t<div class=\"elementor-icon-wrapper\">\n\t\t\t<div class=\"elementor-icon\">\n\t\t\t<i aria-hidden=\"true\" class=\"fas fa-person-booth\"><\/i>\t\t\t<\/div>\n\t\t<\/div>\n\t\t\t\t\t\t<\/div>\n\t\t\t\t<\/div>\n\t\t\t\t<div class=\"elementor-element elementor-element-4ed604d elementor-widget elementor-widget-heading\" data-id=\"4ed604d\" data-element_type=\"widget\" data-e-type=\"widget\" data-widget_type=\"heading.default\">\n\t\t\t\t<div class=\"elementor-widget-container\">\n\t\t\t\t\t<h2 class=\"elementor-heading-title elementor-size-default\">Aper\u00e7u du fonctionnement d&#039;un magasin ouvert 24h\/24<\/h2>\t\t\t\t<\/div>\n\t\t\t\t<\/div>\n\t\t\t\t<div class=\"elementor-element elementor-element-689d8cc elementor-widget elementor-widget-text-editor\" data-id=\"689d8cc\" data-element_type=\"widget\" data-e-type=\"widget\" data-widget_type=\"text-editor.default\">\n\t\t\t\t<div class=\"elementor-widget-container\">\n\t\t\t\t\t\t\t\t\t<p>Jetez un \u0153il exclusif dans les coulisses de nos propres boutiques. Que vous choisissiez ou non notre syst\u00e8me de point de vente.<\/p><p>Ou laissez-nous vous conseiller individuellement sur vos questions sp\u00e9cifiques.<\/p>\t\t\t\t\t\t\t\t<\/div>\n\t\t\t\t<\/div>\n\t\t\t\t<\/div>\n\t\t<div class=\"elementor-element elementor-element-7385c1d e-con-full e-flex e-con e-child\" data-id=\"7385c1d\" data-element_type=\"container\" data-e-type=\"container\" data-settings=\"{&quot;jet_parallax_layout_list&quot;:[]}\">\n\t\t\t\t<div class=\"elementor-element elementor-element-221da4f elementor-widget elementor-widget-image\" data-id=\"221da4f\" data-element_type=\"widget\" data-e-type=\"widget\" data-widget_type=\"image.default\">\n\t\t\t\t<div class=\"elementor-widget-container\">\n\t\t\t\t\t\t\t\t\t\t\t\t\t\t\t<img fetchpriority=\"high\" decoding=\"async\" width=\"800\" height=\"534\" src=\"https:\/\/www.scango.ch\/wp-content\/uploads\/2025\/03\/0R0A8805-1024x683.jpg\" class=\"attachment-large size-large wp-image-2920\" alt=\"\" srcset=\"https:\/\/www.scango.ch\/wp-content\/uploads\/2025\/03\/0R0A8805-1024x683.jpg 1024w, https:\/\/www.scango.ch\/wp-content\/uploads\/2025\/03\/0R0A8805-300x200.jpg 300w, https:\/\/www.scango.ch\/wp-content\/uploads\/2025\/03\/0R0A8805-768x512.jpg 768w, https:\/\/www.scango.ch\/wp-content\/uploads\/2025\/03\/0R0A8805-1536x1025.jpg 1536w, https:\/\/www.scango.ch\/wp-content\/uploads\/2025\/03\/0R0A8805-2048x1366.jpg 2048w, https:\/\/www.scango.ch\/wp-content\/uploads\/2025\/03\/0R0A8805-18x12.jpg 18w, https:\/\/www.scango.ch\/wp-content\/uploads\/2025\/03\/0R0A8805-600x400.jpg 600w\" sizes=\"(max-width: 800px) 100vw, 800px\" \/>\t\t\t\t\t\t\t\t\t\t\t\t\t\t\t<\/div>\n\t\t\t\t<\/div>\n\t\t\t\t<\/div>\n\t\t\t\t<\/div>\n\t\t\t\t\t<\/div>\n\t\t\t\t<\/div>\n\t\t<div class=\"elementor-element elementor-element-2611059 e-con-full e-flex e-con e-parent\" data-id=\"2611059\" data-element_type=\"container\" data-e-type=\"container\" data-settings=\"{&quot;jet_parallax_layout_list&quot;:[]}\">\n\t\t\t\t<div class=\"elementor-element elementor-element-365dc1f elementor-widget elementor-widget-heading\" data-id=\"365dc1f\" data-element_type=\"widget\" data-e-type=\"widget\" data-widget_type=\"heading.default\">\n\t\t\t\t<div class=\"elementor-widget-container\">\n\t\t\t\t\t<p class=\"elementor-heading-title elementor-size-default\">plus de 3 ans d&#039;exp\u00e9rience en libre-service autonome<\/p>\t\t\t\t<\/div>\n\t\t\t\t<\/div>\n\t\t\t\t<div class=\"elementor-element elementor-element-a7229dd elementor-widget elementor-widget-heading\" data-id=\"a7229dd\" data-element_type=\"widget\" data-e-type=\"widget\" data-widget_type=\"heading.default\">\n\t\t\t\t<div class=\"elementor-widget-container\">\n\t\t\t\t\t<h2 class=\"elementor-heading-title elementor-size-default\">B\u00e9n\u00e9ficiez d&#039;une exp\u00e9rience de premi\u00e8re main<\/h2>\t\t\t\t<\/div>\n\t\t\t\t<\/div>\n\t\t\t\t<div class=\"elementor-element elementor-element-00a0e97 elementor-widget elementor-widget-text-editor\" data-id=\"00a0e97\" data-element_type=\"widget\" data-e-type=\"widget\" data-widget_type=\"text-editor.default\">\n\t\t\t\t<div class=\"elementor-widget-container\">\n\t\t\t\t\t\t\t\t\t<p class=\"\" data-start=\"55\" data-end=\"341\">\u00cates-vous g\u00e9n\u00e9ralement int\u00e9ress\u00e9 par l&#039;exploitation d&#039;un magasin libre-service autonome et souhaitez-vous en savoir plus sur les aspects pratiques ?<\/p><p class=\"\" data-start=\"55\" data-end=\"341\">Dans un d\u00e9lai d&#039;environ<strong data-start=\"163\" data-end=\"200\"> Randonn\u00e9e de 90 minutes dans le Toggenburg <\/strong>nous vous donnons un aper\u00e7u exclusif de la <strong data-start=\"243\" data-end=\"261\">Boutique Toggenburg<\/strong> ou le <strong data-start=\"270\" data-end=\"288\">Mini boutique de bi\u00e8re<\/strong> \u2013 directement sur place \u00e0 <strong data-start=\"309\" data-end=\"338\">Wattwil ou Lichtensteig<\/strong>. Il s&#039;agit de deux magasins autonomes ouverts 24h\/24 dans lesquels nous sommes nous-m\u00eames impliqu\u00e9s. Bien entendu, les syst\u00e8mes scango.ch sont \u00e9galement utilis\u00e9s ici.<\/p><p class=\"\" data-start=\"343\" data-end=\"650\">Nous partageons avec vous nos exp\u00e9riences sur <strong data-start=\"376\" data-end=\"470\">Op\u00e9rations, gestion des fournisseurs, surveillance, pr\u00e9vention du vol et options de paiement<\/strong>. Bien s\u00fbr, nous expliquerons \u00e9galement notre <strong data-start=\"502\" data-end=\"554\">Syst\u00e8me de caisse enregistreuse et v\u00e9rification de l&#039;\u00e2ge de scango.ch<\/strong> du point de vue du client et du vendeur. Il y a suffisamment d&#039;espace pour vos questions individuelles.<\/p><p class=\"\" data-start=\"652\" data-end=\"729\"><a href=\"https:\/\/tally.so\/r\/31RlNg\" target=\"_blank\" rel=\"noopener\">\ud83d\udc49 <strong data-start=\"655\" data-end=\"727\">Demandez un rendez-vous d\u00e8s maintenant et b\u00e9n\u00e9ficiez directement de notre exp\u00e9rience !<\/strong><\/a><\/p>\t\t\t\t\t\t\t\t<\/div>\n\t\t\t\t<\/div>\n\t\t\t\t<\/div>\n\t\t<div class=\"elementor-element elementor-element-f9f8ad1 e-flex e-con-boxed e-con e-parent\" data-id=\"f9f8ad1\" data-element_type=\"container\" data-e-type=\"container\" data-settings=\"{&quot;jet_parallax_layout_list&quot;:[]}\">\n\t\t\t\t\t<div class=\"e-con-inner\">\n\t\t<div class=\"elementor-element elementor-element-08e3c9e e-con-full e-flex e-con e-child\" data-id=\"08e3c9e\" data-element_type=\"container\" data-e-type=\"container\" data-settings=\"{&quot;jet_parallax_layout_list&quot;:[]}\">\n\t\t\t\t<div class=\"elementor-element elementor-element-399b488 elementor-widget elementor-widget-heading\" data-id=\"399b488\" data-element_type=\"widget\" data-e-type=\"widget\" data-widget_type=\"heading.default\">\n\t\t\t\t<div class=\"elementor-widget-container\">\n\t\t\t\t\t<h2 class=\"elementor-heading-title elementor-size-default\">tarification<\/h2>\t\t\t\t<\/div>\n\t\t\t\t<\/div>\n\t\t<div class=\"elementor-element elementor-element-25a3ca6 e-con-full e-grid e-con e-child\" data-id=\"25a3ca6\" data-element_type=\"container\" data-e-type=\"container\" data-settings=\"{&quot;jet_parallax_layout_list&quot;:[]}\">\n\t\t<div class=\"elementor-element elementor-element-57d2da6 e-con-full e-flex e-con e-child\" data-id=\"57d2da6\" data-element_type=\"container\" data-e-type=\"container\" data-settings=\"{&quot;jet_parallax_layout_list&quot;:[]}\">\n\t\t<div class=\"elementor-element elementor-element-323cc89 e-con-full e-flex e-con e-child\" data-id=\"323cc89\" data-element_type=\"container\" data-e-type=\"container\" data-settings=\"{&quot;background_background&quot;:&quot;gradient&quot;,&quot;jet_parallax_layout_list&quot;:[]}\">\n\t\t\t\t<div class=\"elementor-element elementor-element-f5c6fba elementor-widget elementor-widget-heading\" data-id=\"f5c6fba\" data-element_type=\"widget\" data-e-type=\"widget\" data-widget_type=\"heading.default\">\n\t\t\t\t<div class=\"elementor-widget-container\">\n\t\t\t\t\t<h2 class=\"elementor-heading-title elementor-size-default\">unique<\/h2>\t\t\t\t<\/div>\n\t\t\t\t<\/div>\n\t\t\t\t<div class=\"elementor-element elementor-element-1a3409b elementor-widget elementor-widget-heading\" data-id=\"1a3409b\" data-element_type=\"widget\" data-e-type=\"widget\" data-widget_type=\"heading.default\">\n\t\t\t\t<div class=\"elementor-widget-container\">\n\t\t\t\t\t<h2 class=\"elementor-heading-title elementor-size-default\">CHF 250<\/h2>\t\t\t\t<\/div>\n\t\t\t\t<\/div>\n\t\t\t\t<div class=\"elementor-element elementor-element-e514501 elementor-widget elementor-widget-heading\" data-id=\"e514501\" data-element_type=\"widget\" data-e-type=\"widget\" data-widget_type=\"heading.default\">\n\t\t\t\t<div class=\"elementor-widget-container\">\n\t\t\t\t\t<h2 class=\"elementor-heading-title elementor-size-default\">excl. T.V.A.<\/h2>\t\t\t\t<\/div>\n\t\t\t\t<\/div>\n\t\t\t\t<div class=\"elementor-element elementor-element-4270617 elementor-widget elementor-widget-heading\" data-id=\"4270617\" data-element_type=\"widget\" data-e-type=\"widget\" data-widget_type=\"heading.default\">\n\t\t\t\t<div class=\"elementor-widget-container\">\n\t\t\t\t\t<h2 class=\"elementor-heading-title elementor-size-default\"><span style=\"font-size: 1em;letter-spacing: var( --e-global-typography-primary-letter-spacing );background-color: transparent;font-style: var( --e-global-typography-text-font-style )\">Visite commune sur place \u00e0 Toggenburg, explications de mise en \u0153uvre, exp\u00e9rience et conseils, liste de contr\u00f4le pour votre propre entreprise et adresses de contact si n\u00e9cessaire. Dur\u00e9e environ 90 minutes.<\/span><br><\/h2>\t\t\t\t<\/div>\n\t\t\t\t<\/div>\n\t\t\t\t<\/div>\n\t\t\t\t<\/div>\n\t\t<div class=\"elementor-element elementor-element-1d95a33 e-con-full e-flex e-con e-child\" data-id=\"1d95a33\" data-element_type=\"container\" data-e-type=\"container\" data-settings=\"{&quot;jet_parallax_layout_list&quot;:[]}\">\n\t\t<div class=\"elementor-element elementor-element-fd98e31 e-con-full e-flex e-con e-child\" data-id=\"fd98e31\" data-element_type=\"container\" data-e-type=\"container\" data-settings=\"{&quot;background_background&quot;:&quot;gradient&quot;,&quot;jet_parallax_layout_list&quot;:[]}\">\n\t\t\t\t<div class=\"elementor-element elementor-element-77f6a12 elementor-widget elementor-widget-heading\" data-id=\"77f6a12\" data-element_type=\"widget\" data-e-type=\"widget\" data-widget_type=\"heading.default\">\n\t\t\t\t<div class=\"elementor-widget-container\">\n\t\t\t\t\t<h2 class=\"elementor-heading-title elementor-size-default\">par heure<\/h2>\t\t\t\t<\/div>\n\t\t\t\t<\/div>\n\t\t\t\t<div class=\"elementor-element elementor-element-d5c6f46 elementor-widget elementor-widget-heading\" data-id=\"d5c6f46\" data-element_type=\"widget\" data-e-type=\"widget\" data-widget_type=\"heading.default\">\n\t\t\t\t<div class=\"elementor-widget-container\">\n\t\t\t\t\t<h2 class=\"elementor-heading-title elementor-size-default\">CHF 190<\/h2>\t\t\t\t<\/div>\n\t\t\t\t<\/div>\n\t\t\t\t<div class=\"elementor-element elementor-element-0fd30b4 elementor-widget elementor-widget-heading\" data-id=\"0fd30b4\" data-element_type=\"widget\" data-e-type=\"widget\" data-widget_type=\"heading.default\">\n\t\t\t\t<div class=\"elementor-widget-container\">\n\t\t\t\t\t<h2 class=\"elementor-heading-title elementor-size-default\">excl. T.V.A.<\/h2>\t\t\t\t<\/div>\n\t\t\t\t<\/div>\n\t\t\t\t<div class=\"elementor-element elementor-element-f089605 elementor-widget elementor-widget-heading\" data-id=\"f089605\" data-element_type=\"widget\" data-e-type=\"widget\" data-widget_type=\"heading.default\">\n\t\t\t\t<div class=\"elementor-widget-container\">\n\t\t\t\t\t<h2 class=\"elementor-heading-title elementor-size-default\">Conseils personnalis\u00e9s sur votre concept de magasin sans surveillance actuel ou futur (ind\u00e9pendamment de notre solution de caisse enregistreuse) en fonction de vos besoins sp\u00e9cifiques.<\/h2>\t\t\t\t<\/div>\n\t\t\t\t<\/div>\n\t\t\t\t<\/div>\n\t\t\t\t<\/div>\n\t\t\t\t<\/div>\n\t\t\t\t<\/div>\n\t\t\t\t\t<\/div>\n\t\t\t\t<\/div>\n\t\t\t\t<\/div>","protected":false},"excerpt":{"rendered":"<p>Einblick in Betrieb eines 24h-Shop Wirf exklusiv einen Blick hinter die Kulissen unserer eigenen Shops. Unabh\u00e4ngig davon, ob du dich f\u00fcr unser Kassensystem entscheidest. Oder lass dir individuell von uns beraten zu deinen konkreten Fragen. \u00fcber 3 Jahre Erfahrung aus autonomer Selbstbedienung Profitiere von Erfahrung aus erster Hand Du interessierst dich generell f\u00fcr den Betrieb [&hellip;]<\/p>\n","protected":false},"author":3,"featured_media":0,"parent":0,"menu_order":0,"comment_status":"closed","ping_status":"closed","template":"","meta":{"_jf_save_progress":"","footnotes":""},"class_list":["post-2909","page","type-page","status-publish","hentry"],"_links":{"self":[{"href":"https:\/\/www.scango.ch\/fr\/wp-json\/wp\/v2\/pages\/2909","targetHints":{"allow":["GET"]}}],"collection":[{"href":"https:\/\/www.scango.ch\/fr\/wp-json\/wp\/v2\/pages"}],"about":[{"href":"https:\/\/www.scango.ch\/fr\/wp-json\/wp\/v2\/types\/page"}],"author":[{"embeddable":true,"href":"https:\/\/www.scango.ch\/fr\/wp-json\/wp\/v2\/users\/3"}],"replies":[{"embeddable":true,"href":"https:\/\/www.scango.ch\/fr\/wp-json\/wp\/v2\/comments?post=2909"}],"version-history":[{"count":46,"href":"https:\/\/www.scango.ch\/fr\/wp-json\/wp\/v2\/pages\/2909\/revisions"}],"predecessor-version":[{"id":2966,"href":"https:\/\/www.scango.ch\/fr\/wp-json\/wp\/v2\/pages\/2909\/revisions\/2966"}],"wp:attachment":[{"href":"https:\/\/www.scango.ch\/fr\/wp-json\/wp\/v2\/media?parent=2909"}],"curies":[{"name":"wp","href":"https:\/\/api.w.org\/{rel}","templated":true}]}}