{"id":3194,"date":"2025-12-13T13:07:28","date_gmt":"2025-12-13T12:07:28","guid":{"rendered":"https:\/\/www.scango.ch\/?page_id=3194"},"modified":"2025-12-13T14:29:14","modified_gmt":"2025-12-13T13:29:14","slug":"einsatz-im-getraenkeladen","status":"publish","type":"page","link":"https:\/\/www.scango.ch\/fr\/einsatz-im-getraenkeladen\/","title":{"rendered":"Travailler dans un magasin de boissons"},"content":{"rendered":"<div data-elementor-type=\"wp-page\" data-elementor-id=\"3194\" class=\"elementor elementor-3194\" data-elementor-post-type=\"page\">\n\t\t\t\t<div class=\"elementor-element elementor-element-401b5b1 e-flex e-con-boxed e-con e-parent\" data-id=\"401b5b1\" data-element_type=\"container\" data-e-type=\"container\" data-settings=\"{&quot;jet_parallax_layout_list&quot;:[]}\">\n\t\t\t\t\t<div class=\"e-con-inner\">\n\t\t<div class=\"elementor-element elementor-element-29f7d9e e-con-full e-flex e-con e-child\" data-id=\"29f7d9e\" data-element_type=\"container\" data-e-type=\"container\" data-settings=\"{&quot;jet_parallax_layout_list&quot;:[]}\">\n\t\t\t\t<div class=\"elementor-element elementor-element-f3af96a elementor-widget elementor-widget-heading\" data-id=\"f3af96a\" data-element_type=\"widget\" data-e-type=\"widget\" data-widget_type=\"heading.default\">\n\t\t\t\t<div class=\"elementor-widget-container\">\n\t\t\t\t\t<h2 class=\"elementor-heading-title elementor-size-default\">Votre magasin de bi\u00e8res et de boissons avec scango.ch<\/h2>\t\t\t\t<\/div>\n\t\t\t\t<\/div>\n\t\t\t\t<div class=\"elementor-element elementor-element-fa288fc elementor-widget elementor-widget-text-editor\" data-id=\"fa288fc\" data-element_type=\"widget\" data-e-type=\"widget\" data-widget_type=\"text-editor.default\">\n\t\t\t\t<div class=\"elementor-widget-container\">\n\t\t\t\t\t\t\t\t\t<p>Notre solution peut \u00eatre utilis\u00e9e de diff\u00e9rentes mani\u00e8res pour les concepts de vente autonomes et semi-autonomes. <strong>scango.ch est parfaitement adapt\u00e9 \u00e0 votre magasin de boissons en libre-service. <\/strong>En tant que propri\u00e9taire, vous aurez plus de temps pour vos passions en dehors de la gestion de la boutique. Et vos clients profiteront d&#039;une exp\u00e9rience d&#039;achat moderne et ind\u00e9pendante.<\/p>\t\t\t\t\t\t\t\t<\/div>\n\t\t\t\t<\/div>\n\t\t\t\t<div class=\"elementor-element elementor-element-4b06de2 elementor-widget elementor-widget-text-editor\" data-id=\"4b06de2\" data-element_type=\"widget\" data-e-type=\"widget\" data-widget_type=\"text-editor.default\">\n\t\t\t\t<div class=\"elementor-widget-container\">\n\t\t\t\t\t\t\t\t\t<p><b>Particuli\u00e8rement int\u00e9ressant pour vous\u00a0:<\/b><\/p><ul><li><strong>Des contenants r\u00e9utilisables peuvent \u00eatre achet\u00e9s et retourn\u00e9s.<\/strong>. Les retours sont directement utilis\u00e9s par vos clients sous forme d&#039;achats, g\u00e9n\u00e9rant ainsi davantage de revenus.<\/li><li><strong>Application d&#039;entrep\u00f4t et de commande<\/strong>, Cette solution vous permet de combiner facilement la gestion des stocks et le traitement des commandes. Gr\u00e2ce \u00e0 la fonction \u00ab\u00a0scanner-cliquer-envoyer\u00a0\u00bb, vous pouvez transmettre vos commandes \u00e0 vos fournisseurs en un clin d&#039;\u0153il par e-mail.<\/li><li><strong>application d&#039;imprimante d&#039;\u00e9tiquettes<\/strong>, ce qui vous permet d&#039;\u00e9tiqueter clairement vos rayons pour vos clients et de g\u00e9rer facilement vos r\u00e9approvisionnements.<\/li><li>Gr\u00e2ce \u00e0 notre interface API ouverte, notre solution convient \u00e9galement comme<strong> En plus de votre syst\u00e8me de point de vente existant,<\/strong> Par exemple, pour une caisse automatique suppl\u00e9mentaire ou pour un rayon avec des horaires d&#039;ouverture prolong\u00e9s sans personnel.<\/li><\/ul>\t\t\t\t\t\t\t\t<\/div>\n\t\t\t\t<\/div>\n\t\t\t\t<div class=\"elementor-element elementor-element-7fecee2 elementor-widget elementor-widget-text-editor\" data-id=\"7fecee2\" data-element_type=\"widget\" data-e-type=\"widget\" data-widget_type=\"text-editor.default\">\n\t\t\t\t<div class=\"elementor-widget-container\">\n\t\t\t\t\t\t\t\t\t<p><strong>Envie d&#039;essayer vous-m\u00eame ? <\/strong>D\u00e9couvrez par vous-m\u00eame le fonctionnement de notre syst\u00e8me libre-service dans certains points de vente. Nous vous recommandons de\u2026 <a href=\"https:\/\/www.minibierladen.ch\/\" target=\"_blank\" rel=\"noopener\">Mini boutique de bi\u00e8res \u00e0 Lichtensteig<\/a><\/p><p><b>Vous souhaitez faire \u00e9voluer votre projet ?<\/b>\u00a0<a style=\"background-color: rgba(78, 184, 206, 0.05);\" href=\"https:\/\/tally.so\/r\/3qJkok\" target=\"_blank\" rel=\"noopener\">Vous le d\u00e9couvrirez ici en 2 minutes.<\/a>, nos recommandations et les co\u00fbts \u00e0 pr\u00e9voir.<\/p>\t\t\t\t\t\t\t\t<\/div>\n\t\t\t\t<\/div>\n\t\t\t\t<\/div>\n\t\t\t\t\t<\/div>\n\t\t\t\t<\/div>\n\t\t<div class=\"elementor-element elementor-element-f46909c e-flex e-con-boxed e-con e-parent\" data-id=\"f46909c\" data-element_type=\"container\" data-e-type=\"container\" data-settings=\"{&quot;jet_parallax_layout_list&quot;:[]}\">\n\t\t\t\t\t<div class=\"e-con-inner\">\n\t\t<div class=\"elementor-element elementor-element-1a3503f e-con-full e-flex e-con e-child\" data-id=\"1a3503f\" data-element_type=\"container\" data-e-type=\"container\" data-settings=\"{&quot;background_background&quot;:&quot;classic&quot;,&quot;jet_parallax_layout_list&quot;:[]}\">\n\t\t<div class=\"elementor-element elementor-element-d35afe7 e-con-full e-flex e-con e-child\" data-id=\"d35afe7\" data-element_type=\"container\" data-e-type=\"container\" data-settings=\"{&quot;jet_parallax_layout_list&quot;:[]}\">\n\t\t\t\t<div class=\"elementor-element elementor-element-e973fa4 elementor-widget elementor-widget-heading\" data-id=\"e973fa4\" data-element_type=\"widget\" data-e-type=\"widget\" data-widget_type=\"heading.default\">\n\t\t\t\t<div class=\"elementor-widget-container\">\n\t\t\t\t\t<h2 class=\"elementor-heading-title elementor-size-default\">Le magasin de bi\u00e8re de la petite ville<\/h2>\t\t\t\t<\/div>\n\t\t\t\t<\/div>\n\t\t\t\t<div class=\"elementor-element elementor-element-9b25034 elementor-widget elementor-widget-text-editor\" data-id=\"9b25034\" data-element_type=\"widget\" data-e-type=\"widget\" data-widget_type=\"text-editor.default\">\n\t\t\t\t<div class=\"elementor-widget-container\">\n\t\t\t\t\t\t\t\t\t<p><span style=\"font-weight: 400;\">La mini boutique de bi\u00e8re a ouvert ses portes au printemps 2021. Il est situ\u00e9 dans la rue principale de la ville historique de Lichtensteig. La gamme s&#039;adresse aux amateurs de bi\u00e8re et \u00e0 ceux qui d\u00e9couvrent les sp\u00e9cialit\u00e9s r\u00e9gionales pour eux-m\u00eames ou pour offrir. Des sommeliers form\u00e9s rendaient visite aux clients sur place \u00e0 des heures pr\u00e9cises et leur servaient des boissons \u00e0 ces heures.<\/span><\/p><p>\u00a0<\/p><p><span style=\"font-weight: 400;\">Gamme:<\/span> <span style=\"font-weight: 400;\">environ 250 articles, dont 150 sp\u00e9cialit\u00e9s de bi\u00e8re et plus encore<\/span><span style=\"font-weight: 400;\"><br \/><\/span> <span style=\"font-weight: 400;\">100 sp\u00e9cialit\u00e9s culinaires r\u00e9gionales<\/span><\/p><p><span style=\"font-weight: 400;\">Horaires d&#039;ouvertures:<\/span> <span style=\"font-weight: 400;\">quotidiennement 24 heures<\/span><\/p><p><span style=\"font-weight: 400;\">Se soucier:<\/span> <span style=\"font-weight: 400;\">Vendredi &amp; Samedi avec horaires de consultations, le reste du temps sans surveillance<\/span><\/p><p>\u00a0<\/p><p><span style=\"font-weight: 400;\">Terminal de point de vente\u00a0:<\/span> <span style=\"font-weight: 400;\">K2 Commerce de d\u00e9tail<\/span><\/p><p><span style=\"font-weight: 400;\">Terminal de paiement :<\/span> <span style=\"font-weight: 400;\">PayTec UTP 1000F<\/span><\/p><p><span style=\"font-weight: 400;\">Syst\u00e8me d&#039;acc\u00e8s :<\/span> <span style=\"font-weight: 400;\">scango.identit\u00e9<\/span><\/p><p><span style=\"font-weight: 400;\">autres infrastructures\u00a0:<\/span> <span style=\"font-weight: 400;\">Vid\u00e9osurveillance, climatisation<\/span><\/p><p><br \/><span style=\"font-weight: 400;\">Options de paiement:<\/span> <span style=\"font-weight: 400;\">toutes les cartes courantes ainsi que TWINT, paiement en esp\u00e8ces (en caisses)<\/span><\/p>\t\t\t\t\t\t\t\t<\/div>\n\t\t\t\t<\/div>\n\t\t\t\t<\/div>\n\t\t<div class=\"elementor-element elementor-element-3cc91a9 e-con-full e-flex e-con e-child\" data-id=\"3cc91a9\" data-element_type=\"container\" data-e-type=\"container\" data-settings=\"{&quot;jet_parallax_layout_list&quot;:[]}\">\n\t\t\t\t<div class=\"elementor-element elementor-element-b918a03 elementor-widget elementor-widget-google_maps\" data-id=\"b918a03\" data-element_type=\"widget\" data-e-type=\"widget\" data-widget_type=\"google_maps.default\">\n\t\t\t\t<div class=\"elementor-widget-container\">\n\t\t\t\t\t\t\t<div class=\"elementor-custom-embed\">\n\t\t\t<iframe loading=\"lazy\"\n\t\t\t\t\tsrc=\"https:\/\/www.google.com\/maps\/embed\/v1\/place?key=AIzaSyDymc0oWz_-QMZgiqss5DIQya7qs8N33ts&#038;q=Mini.Bierladen%2C%209620%20LIchtensteig&#038;zoom=10\"\n\t\t\t\t\ttitle=\"Mini-bi\u00e8re, 9620 Lichtensteig\"\n\t\t\t\t\taria-label=\"Mini-bi\u00e8re, 9620 Lichtensteig\"\n\t\t\t><\/iframe>\n\t\t<\/div>\n\t\t\t\t\t\t<\/div>\n\t\t\t\t<\/div>\n\t\t<div class=\"elementor-element elementor-element-3c01857 e-flex e-con-boxed e-con e-child\" data-id=\"3c01857\" data-element_type=\"container\" data-e-type=\"container\" data-settings=\"{&quot;background_background&quot;:&quot;classic&quot;,&quot;jet_parallax_layout_list&quot;:[]}\">\n\t\t\t\t\t<div class=\"e-con-inner\">\n\t\t\t\t<div class=\"elementor-element elementor-element-0c81f31 elementor-widget__width-auto elementor-widget elementor-widget-heading\" data-id=\"0c81f31\" data-element_type=\"widget\" data-e-type=\"widget\" data-widget_type=\"heading.default\">\n\t\t\t\t<div class=\"elementor-widget-container\">\n\t\t\t\t\t<h2 class=\"elementor-heading-title elementor-size-default\">Mini boutique de bi\u00e8re<\/h2>\t\t\t\t<\/div>\n\t\t\t\t<\/div>\n\t\t\t\t<div class=\"elementor-element elementor-element-8524716 elementor-widget__width-auto elementor-widget elementor-widget-heading\" data-id=\"8524716\" data-element_type=\"widget\" data-e-type=\"widget\" data-widget_type=\"heading.default\">\n\t\t\t\t<div class=\"elementor-widget-container\">\n\t\t\t\t\t<p class=\"elementor-heading-title elementor-size-default\">Hauptgasse 27<\/p>\t\t\t\t<\/div>\n\t\t\t\t<\/div>\n\t\t\t\t<div class=\"elementor-element elementor-element-6b93a1c elementor-widget__width-auto elementor-widget elementor-widget-heading\" data-id=\"6b93a1c\" data-element_type=\"widget\" data-e-type=\"widget\" data-widget_type=\"heading.default\">\n\t\t\t\t<div class=\"elementor-widget-container\">\n\t\t\t\t\t<p class=\"elementor-heading-title elementor-size-default\">9620 Lichtenstein<\/p>\t\t\t\t<\/div>\n\t\t\t\t<\/div>\n\t\t\t\t<div class=\"elementor-element elementor-element-c43dd05 elementor-widget__width-auto elementor-widget elementor-widget-heading\" data-id=\"c43dd05\" data-element_type=\"widget\" data-e-type=\"widget\" data-widget_type=\"heading.default\">\n\t\t\t\t<div class=\"elementor-widget-container\">\n\t\t\t\t\t<p class=\"elementor-heading-title elementor-size-default\"><a href=\"https:\/\/www.minibierladen.ch\/\" target=\"_blank\" rel=\"noopener\">www.minibierladen.ch<\/a><\/p>\t\t\t\t<\/div>\n\t\t\t\t<\/div>\n\t\t\t\t\t<\/div>\n\t\t\t\t<\/div>\n\t\t\t\t<\/div>\n\t\t\t\t<\/div>\n\t\t\t\t\t<\/div>\n\t\t\t\t<\/div>\n\t\t\t\t<\/div>","protected":false},"excerpt":{"rendered":"<p>Dein Bier- und Getr\u00e4nkeladen mit scango.ch Unsere L\u00f6sung ist f\u00fcr autonome und teilautonome Verkaufskonzepte vielf\u00e4ltige einsetzbar. Gerade f\u00fcr deine Getr\u00e4nkehandlung in Selbstbedienung ist scango.ch perfekt geeignet. Dir als Betreiberin bleibt mehr Zeit f\u00fcr deine Leidenschaften ausserhalb des Ladenbetriebs. Und deine Kundinnen und Kunden geniessen ein modernes und unabh\u00e4ngiges Einkaufserlebnis. F\u00fcr dich besonders spannend: Mehrweg-Gebinde kann [&hellip;]<\/p>\n","protected":false},"author":3,"featured_media":0,"parent":0,"menu_order":0,"comment_status":"closed","ping_status":"closed","template":"","meta":{"_jf_save_progress":"","footnotes":""},"class_list":["post-3194","page","type-page","status-publish","hentry"],"_links":{"self":[{"href":"https:\/\/www.scango.ch\/fr\/wp-json\/wp\/v2\/pages\/3194","targetHints":{"allow":["GET"]}}],"collection":[{"href":"https:\/\/www.scango.ch\/fr\/wp-json\/wp\/v2\/pages"}],"about":[{"href":"https:\/\/www.scango.ch\/fr\/wp-json\/wp\/v2\/types\/page"}],"author":[{"embeddable":true,"href":"https:\/\/www.scango.ch\/fr\/wp-json\/wp\/v2\/users\/3"}],"replies":[{"embeddable":true,"href":"https:\/\/www.scango.ch\/fr\/wp-json\/wp\/v2\/comments?post=3194"}],"version-history":[{"count":27,"href":"https:\/\/www.scango.ch\/fr\/wp-json\/wp\/v2\/pages\/3194\/revisions"}],"predecessor-version":[{"id":3305,"href":"https:\/\/www.scango.ch\/fr\/wp-json\/wp\/v2\/pages\/3194\/revisions\/3305"}],"wp:attachment":[{"href":"https:\/\/www.scango.ch\/fr\/wp-json\/wp\/v2\/media?parent=3194"}],"curies":[{"name":"wp","href":"https:\/\/api.w.org\/{rel}","templated":true}]}}