{"id":3200,"date":"2025-12-13T13:07:41","date_gmt":"2025-12-13T12:07:41","guid":{"rendered":"https:\/\/www.scango.ch\/?page_id=3200"},"modified":"2025-12-13T14:29:19","modified_gmt":"2025-12-13T13:29:19","slug":"einsatz-im-spezialitaetenladen","status":"publish","type":"page","link":"https:\/\/www.scango.ch\/fr\/einsatz-im-spezialitaetenladen\/","title":{"rendered":"Travailler dans un magasin sp\u00e9cialis\u00e9"},"content":{"rendered":"<div data-elementor-type=\"wp-page\" data-elementor-id=\"3200\" class=\"elementor elementor-3200\" data-elementor-post-type=\"page\">\n\t\t\t\t<div class=\"elementor-element elementor-element-401b5b1 e-flex e-con-boxed e-con e-parent\" data-id=\"401b5b1\" data-element_type=\"container\" data-e-type=\"container\" data-settings=\"{&quot;jet_parallax_layout_list&quot;:[]}\">\n\t\t\t\t\t<div class=\"e-con-inner\">\n\t\t<div class=\"elementor-element elementor-element-29f7d9e e-flex e-con-boxed e-con e-child\" data-id=\"29f7d9e\" data-element_type=\"container\" data-e-type=\"container\" data-settings=\"{&quot;jet_parallax_layout_list&quot;:[]}\">\n\t\t\t\t\t<div class=\"e-con-inner\">\n\t\t\t\t<div class=\"elementor-element elementor-element-f3af96a elementor-widget elementor-widget-heading\" data-id=\"f3af96a\" data-element_type=\"widget\" data-e-type=\"widget\" data-widget_type=\"heading.default\">\n\t\t\t\t<div class=\"elementor-widget-container\">\n\t\t\t\t\t<h2 class=\"elementor-heading-title elementor-size-default\"><h2 data-elementor-setting-key=\"title\" data-pen-placeholder=\"Eingabe hier...\" data-lt-tmp-id=\"lt-889936\" data-gramm=\"false\" style=\"font-family: Ubuntu, sans-serif;font-weight: 400;line-height: 67.2px;font-size: 48px;text-transform: none;letter-spacing: 1px\"><div data-id=\"f3af96a\" data-element_type=\"widget\" data-widget_type=\"heading.default\" style=\"align-self: auto;flex: 0 1 auto;align-items: normal;flex-flow: row;gap: 20px;margin-bottom: 0px;--kit-widget-spacing: 0px;max-width: 100%;font-size: 16px;letter-spacing: normal\"><div style=\"height: 67.2031px\"><h2 style=\"font-family: Ubuntu, sans-serif;font-weight: 400;line-height: 67.2px;font-size: 48px;text-transform: none;letter-spacing: 1px\">Votre boutique sp\u00e9cialis\u00e9e avec scango.ch<span><\/span><\/h2><\/div><\/div><\/h2><\/h2>\t\t\t\t<\/div>\n\t\t\t\t<\/div>\n\t\t\t\t<div class=\"elementor-element elementor-element-fa288fc elementor-widget elementor-widget-text-editor\" data-id=\"fa288fc\" data-element_type=\"widget\" data-e-type=\"widget\" data-widget_type=\"text-editor.default\">\n\t\t\t\t<div class=\"elementor-widget-container\">\n\t\t\t\t\t\t\t\t\t<p>Notre solution est polyvalente et peut \u00eatre utilis\u00e9e pour des concepts de vente autonomes et semi-autonomes. Elle est particuli\u00e8rement adapt\u00e9e aux <strong>votre magasin sp\u00e9cialis\u00e9<\/strong> scango.ch est la solution id\u00e9ale. En tant que propri\u00e9taire, vous aurez plus de temps pour vos passions en dehors de la gestion de votre boutique. Et vos clients profiteront d&#039;une exp\u00e9rience d&#039;achat moderne et ind\u00e9pendante.<\/p>\t\t\t\t\t\t\t\t<\/div>\n\t\t\t\t<\/div>\n\t\t\t\t<div class=\"elementor-element elementor-element-47b177e elementor-widget elementor-widget-text-editor\" data-id=\"47b177e\" data-element_type=\"widget\" data-e-type=\"widget\" data-widget_type=\"text-editor.default\">\n\t\t\t\t<div class=\"elementor-widget-container\">\n\t\t\t\t\t\t\t\t\t<p><b>Particuli\u00e8rement int\u00e9ressant pour vous\u00a0:<\/b><\/p><ul><li><strong>application d&#039;imprimante d&#039;\u00e9tiquettes<\/strong>, Vous pouvez ainsi \u00e9quiper vos produits d&#039;\u00e9tiquettes de prix scannables. L&#039;\u00e9tiquetage personnalis\u00e9 de vos produits est \u00e9galement tr\u00e8s rapide.<\/li><li><a href=\"https:\/\/www.scango.ch\/fr\/produit\/scango-ch-scale-s2\/\"><strong>\u00c9chelle<\/strong><\/a>, Ces donn\u00e9es sont li\u00e9es aux informations produits de votre syst\u00e8me de caisse. Vous pouvez ainsi mettre \u00e0 jour les prix et les produits \u00e0 tout moment et o\u00f9 que vous soyez.<\/li><li><strong>S\u00e9lection manuelle simple via l&#039;\u00e9cran de la caisse enregistreuse<\/strong> pour vos produits de boulangerie vendus ouvertement.<\/li><\/ul>\t\t\t\t\t\t\t\t<\/div>\n\t\t\t\t<\/div>\n\t\t\t\t<div class=\"elementor-element elementor-element-7fecee2 elementor-widget elementor-widget-text-editor\" data-id=\"7fecee2\" data-element_type=\"widget\" data-e-type=\"widget\" data-widget_type=\"text-editor.default\">\n\t\t\t\t<div class=\"elementor-widget-container\">\n\t\t\t\t\t\t\t\t\t<p><span style=\"font-weight: bolder;\">Envie d&#039;essayer vous-m\u00eame ?\u00a0<\/span>Venez d\u00e9couvrir par vous-m\u00eame notre syst\u00e8me libre-service dans certains points de vente.<br \/>Nous recommandons <a href=\"https:\/\/www.toggenburgshop.ch\/laden\/wattwil\/\" target=\"_blank\" rel=\"noopener\">Boutique Toggenburg \u00e0 Wattwil<\/a>. Vous pouvez \u00e9galement trouver toutes nos solutions en situation dans <a href=\"https:\/\/www.dorla.ch\/\" target=\"_blank\" rel=\"noopener\">Dorla \u00e0 G\u00e4hwil<\/a>.<\/p><p><b>Vous souhaitez faire \u00e9voluer votre projet ?<\/b>\u00a0<a style=\"background-color: rgba(78, 184, 206, 0.05);\" href=\"https:\/\/tally.so\/r\/3qJkok\" target=\"_blank\" rel=\"noopener\">Vous le d\u00e9couvrirez ici en 2 minutes.<\/a>, nos recommandations et les co\u00fbts \u00e0 pr\u00e9voir.<\/p>\t\t\t\t\t\t\t\t<\/div>\n\t\t\t\t<\/div>\n\t\t\t\t\t<\/div>\n\t\t\t\t<\/div>\n\t\t\t\t\t<\/div>\n\t\t\t\t<\/div>\n\t\t<div class=\"elementor-element elementor-element-70ebbd6 e-flex e-con-boxed e-con e-parent\" data-id=\"70ebbd6\" data-element_type=\"container\" data-e-type=\"container\" data-settings=\"{&quot;jet_parallax_layout_list&quot;:[]}\">\n\t\t\t\t\t<div class=\"e-con-inner\">\n\t\t<div class=\"elementor-element elementor-element-8d61d45 e-con-full e-flex e-con e-child\" data-id=\"8d61d45\" data-element_type=\"container\" data-e-type=\"container\" data-settings=\"{&quot;background_background&quot;:&quot;classic&quot;,&quot;jet_parallax_layout_list&quot;:[]}\">\n\t\t<div class=\"elementor-element elementor-element-48eb8c0 e-con-full e-flex e-con e-child\" data-id=\"48eb8c0\" data-element_type=\"container\" data-e-type=\"container\" data-settings=\"{&quot;jet_parallax_layout_list&quot;:[]}\">\n\t\t\t\t<div class=\"elementor-element elementor-element-09f6690 elementor-widget elementor-widget-heading\" data-id=\"09f6690\" data-element_type=\"widget\" data-e-type=\"widget\" data-widget_type=\"heading.default\">\n\t\t\t\t<div class=\"elementor-widget-container\">\n\t\t\t\t\t<h2 class=\"elementor-heading-title elementor-size-default\">Sp\u00e9cialit\u00e9s r\u00e9gionales au centre<\/h2>\t\t\t\t<\/div>\n\t\t\t\t<\/div>\n\t\t\t\t<div class=\"elementor-element elementor-element-cb079c8 elementor-widget elementor-widget-text-editor\" data-id=\"cb079c8\" data-element_type=\"widget\" data-e-type=\"widget\" data-widget_type=\"text-editor.default\">\n\t\t\t\t<div class=\"elementor-widget-container\">\n\t\t\t\t\t\t\t\t\t<p><span style=\"font-weight: 400;\">La boutique du Toggenburg a ouvert ses portes \u00e0 l&#039;automne 2021. Il b\u00e9n\u00e9ficie d&#039;un emplacement central, \u00e0 proximit\u00e9 de la gare, dans la ville principale du Toggenburg. La gamme s&#039;adresse aux consommateurs pour leurs besoins quotidiens en produits alimentaires et non alimentaires. Dans la mesure du possible, ceux-ci proviennent de la r\u00e9gion. Le magasin dispose d&#039;une station de caf\u00e9, de boissons fra\u00eeches et d&#039;un r\u00e9frig\u00e9rateur \u00e0 bi\u00e8re, s\u00e9curis\u00e9 via un syst\u00e8me d&#039;acc\u00e8s limit\u00e9 \u00e0 l&#039;\u00e2ge.<\/span><\/p><p><span style=\"font-weight: 400;\">Gamme:<\/span>\u00a0<span style=\"font-weight: 400;\">800 objets du quotidien, si possible issus de la r\u00e9gion<\/span><\/p><p><span style=\"font-weight: 400;\">Horaires d&#039;ouvertures:<\/span> <span style=\"font-weight: 400;\">quotidiennement 24 heures<\/span><\/p><p><span style=\"font-weight: 400;\">Se soucier:<\/span> <span style=\"font-weight: 400;\">continuellement sans surveillance<\/span><\/p><p><span style=\"font-weight: 400;\">Terminal de point de vente\u00a0:<\/span> <span style=\"font-weight: 400;\">K2 Commerce de d\u00e9tail (2x)<\/span><\/p><p><span style=\"font-weight: 400;\">Terminal de paiement :<\/span> <span style=\"font-weight: 400;\">PayTec UTP 1000F<\/span><\/p><p><span style=\"font-weight: 400;\">Syst\u00e8me d&#039;acc\u00e8s :<\/span> <span style=\"font-weight: 400;\">aucun (frigo avec alcool s\u00e9curis\u00e9 via scango.identity)<\/span><\/p><p><span style=\"font-weight: 400;\">autres infrastructures\u00a0:<\/span> <span style=\"font-weight: 400;\">Vid\u00e9osurveillance, climatisation<\/span><\/p><p><span style=\"font-weight: 400;\">Options de paiement:<\/span> <span style=\"font-weight: 400;\">toutes les cartes courantes ainsi que TWINT<\/span><\/p>\t\t\t\t\t\t\t\t<\/div>\n\t\t\t\t<\/div>\n\t\t\t\t<\/div>\n\t\t<div class=\"elementor-element elementor-element-4b3422d e-con-full e-flex e-con e-child\" data-id=\"4b3422d\" data-element_type=\"container\" data-e-type=\"container\" data-settings=\"{&quot;jet_parallax_layout_list&quot;:[]}\">\n\t\t<div class=\"elementor-element elementor-element-c8ff5a3 e-con-full e-flex e-con e-child\" data-id=\"c8ff5a3\" data-element_type=\"container\" data-e-type=\"container\" data-settings=\"{&quot;jet_parallax_layout_list&quot;:[]}\">\n\t\t<div class=\"elementor-element elementor-element-9023e04 e-con-full e-flex e-con e-child\" data-id=\"9023e04\" data-element_type=\"container\" data-e-type=\"container\" data-settings=\"{&quot;jet_parallax_layout_list&quot;:[]}\">\n\t\t\t\t<div class=\"elementor-element elementor-element-ea86f8e elementor-widget elementor-widget-html\" data-id=\"ea86f8e\" data-element_type=\"widget\" data-e-type=\"widget\" data-widget_type=\"html.default\">\n\t\t\t\t<div class=\"elementor-widget-container\">\n\t\t\t\t\t<iframe src=\"https:\/\/www.google.com\/maps\/embed?pb=!4v1694085824397!6m8!1m7!1sCAoSLEFGMVFpcE5mWGx6Vl9jY215Um5RMEFxUzB3dGVWbTg3Yy1JSTdXcVg2eUNm!2m2!1d47.2978299!2d9.0883171!3f40!4f0!5f0.7820865974627469\" width=\"400\" height=\"300\" style=\"border:0;\" allowfullscreen=\"\" loading=\"lazy\" referrerpolicy=\"no-referrer-when-downgrade\"><\/iframe>\t\t\t\t<\/div>\n\t\t\t\t<\/div>\n\t\t\t\t<\/div>\n\t\t\t\t<\/div>\n\t\t\t\t<div class=\"elementor-element elementor-element-4120fb9 elementor-widget elementor-widget-google_maps\" data-id=\"4120fb9\" data-element_type=\"widget\" data-e-type=\"widget\" data-widget_type=\"google_maps.default\">\n\t\t\t\t<div class=\"elementor-widget-container\">\n\t\t\t\t\t\t\t<div class=\"elementor-custom-embed\">\n\t\t\t<iframe loading=\"lazy\"\n\t\t\t\t\tsrc=\"https:\/\/www.google.com\/maps\/embed\/v1\/place?key=AIzaSyDymc0oWz_-QMZgiqss5DIQya7qs8N33ts&#038;q=Toggenburgshop%2C%209630%20Wattwil&#038;zoom=10\"\n\t\t\t\t\ttitle=\"Magasin du Toggenburg, 9630 Wattwil\"\n\t\t\t\t\taria-label=\"Magasin du Toggenburg, 9630 Wattwil\"\n\t\t\t><\/iframe>\n\t\t<\/div>\n\t\t\t\t\t\t<\/div>\n\t\t\t\t<\/div>\n\t\t<div class=\"elementor-element elementor-element-5dc0444 e-flex e-con-boxed e-con e-child\" data-id=\"5dc0444\" data-element_type=\"container\" data-e-type=\"container\" data-settings=\"{&quot;background_background&quot;:&quot;classic&quot;,&quot;jet_parallax_layout_list&quot;:[]}\">\n\t\t\t\t\t<div class=\"e-con-inner\">\n\t\t\t\t<div class=\"elementor-element elementor-element-54d1c87 elementor-widget__width-auto elementor-widget elementor-widget-heading\" data-id=\"54d1c87\" data-element_type=\"widget\" data-e-type=\"widget\" data-widget_type=\"heading.default\">\n\t\t\t\t<div class=\"elementor-widget-container\">\n\t\t\t\t\t<h2 class=\"elementor-heading-title elementor-size-default\">Boutique Toggenburg<\/h2>\t\t\t\t<\/div>\n\t\t\t\t<\/div>\n\t\t\t\t<div class=\"elementor-element elementor-element-9fa1714 elementor-widget__width-auto elementor-widget elementor-widget-heading\" data-id=\"9fa1714\" data-element_type=\"widget\" data-e-type=\"widget\" data-widget_type=\"heading.default\">\n\t\t\t\t<div class=\"elementor-widget-container\">\n\t\t\t\t\t<p class=\"elementor-heading-title elementor-size-default\">Bahnhofstrasse 22<\/p>\t\t\t\t<\/div>\n\t\t\t\t<\/div>\n\t\t\t\t<div class=\"elementor-element elementor-element-8c32eaf elementor-widget__width-auto elementor-widget elementor-widget-heading\" data-id=\"8c32eaf\" data-element_type=\"widget\" data-e-type=\"widget\" data-widget_type=\"heading.default\">\n\t\t\t\t<div class=\"elementor-widget-container\">\n\t\t\t\t\t<p class=\"elementor-heading-title elementor-size-default\">9630 Wattwil<\/p>\t\t\t\t<\/div>\n\t\t\t\t<\/div>\n\t\t\t\t<div class=\"elementor-element elementor-element-4cbae2a elementor-widget__width-auto elementor-widget elementor-widget-heading\" data-id=\"4cbae2a\" data-element_type=\"widget\" data-e-type=\"widget\" data-widget_type=\"heading.default\">\n\t\t\t\t<div class=\"elementor-widget-container\">\n\t\t\t\t\t<p class=\"elementor-heading-title elementor-size-default\"><a href=\"https:\/\/www.toggenburgshop.ch\/\" target=\"_blank\" rel=\"noopener\">www.toggenburgshop.ch<\/a><\/p>\t\t\t\t<\/div>\n\t\t\t\t<\/div>\n\t\t\t\t\t<\/div>\n\t\t\t\t<\/div>\n\t\t\t\t<\/div>\n\t\t\t\t<\/div>\n\t\t\t\t\t<\/div>\n\t\t\t\t<\/div>\n\t\t<div class=\"elementor-element elementor-element-46cc3bd e-flex e-con-boxed e-con e-parent\" data-id=\"46cc3bd\" data-element_type=\"container\" data-e-type=\"container\" data-settings=\"{&quot;jet_parallax_layout_list&quot;:[]}\">\n\t\t\t\t\t<div class=\"e-con-inner\">\n\t\t<div class=\"elementor-element elementor-element-b299f67 e-con-full e-flex e-con e-child\" data-id=\"b299f67\" data-element_type=\"container\" data-e-type=\"container\" data-settings=\"{&quot;background_background&quot;:&quot;classic&quot;,&quot;jet_parallax_layout_list&quot;:[]}\">\n\t\t<div class=\"elementor-element elementor-element-bd47ea9 e-con-full e-flex e-con e-child\" data-id=\"bd47ea9\" data-element_type=\"container\" data-e-type=\"container\" data-settings=\"{&quot;jet_parallax_layout_list&quot;:[]}\">\n\t\t\t\t<div class=\"elementor-element elementor-element-991f1f2 elementor-widget elementor-widget-heading\" data-id=\"991f1f2\" data-element_type=\"widget\" data-e-type=\"widget\" data-widget_type=\"heading.default\">\n\t\t\t\t<div class=\"elementor-widget-container\">\n\t\t\t\t\t<h2 class=\"elementor-heading-title elementor-size-default\">Boutique de village typique<\/h2>\t\t\t\t<\/div>\n\t\t\t\t<\/div>\n\t\t\t\t<div class=\"elementor-element elementor-element-27c9f00 elementor-widget elementor-widget-text-editor\" data-id=\"27c9f00\" data-element_type=\"widget\" data-e-type=\"widget\" data-widget_type=\"text-editor.default\">\n\t\t\t\t<div class=\"elementor-widget-container\">\n\t\t\t\t\t\t\t\t\t<p>Dorla a ouvert ses portes au printemps 2025. Situ\u00e9 au c\u0153ur du village de G\u00e4hwil, il est ouvert 24h\/24. Son offre, adapt\u00e9e aux besoins de la population du village, comprend des produits d&#039;\u00e9picerie et une s\u00e9lection de produits non alimentaires. Les produits proviennent autant que possible de producteurs r\u00e9gionaux. Dorla propose du pain frais tous les jours, des boissons fra\u00eeches et une cave \u00e0 bi\u00e8res et spiritueux, dont l&#039;acc\u00e8s est r\u00e9serv\u00e9 aux personnes \u00e2g\u00e9es.<\/p><p><span style=\"font-weight: 400;\">Gamme:<\/span>\u00a0<span style=\"font-weight: 400;\">2500 articles d&#039;usage quotidien<\/span><\/p><p><span style=\"font-weight: 400;\">Horaires d&#039;ouvertures:<\/span> <span style=\"font-weight: 400;\">quotidiennement 24 heures<\/span><\/p><p><span style=\"font-weight: 400;\">Se soucier:<\/span> <span style=\"font-weight: 400;\">continuellement sans surveillance<\/span><\/p><p><span style=\"font-weight: 400;\">Terminal de point de vente\u00a0:<\/span> <span style=\"font-weight: 400;\">K2 Commerce de d\u00e9tail (2x)<\/span><\/p><p><span style=\"font-weight: 400;\">Terminal de paiement :<\/span> <span style=\"font-weight: 400;\">PayTec UTP 1000F<\/span><\/p><p><span style=\"font-weight: 400;\">Syst\u00e8me d&#039;acc\u00e8s :<\/span> <span style=\"font-weight: 400;\">aucun (salle de bi\u00e8re et d&#039;alcool avec alcool et tabac s\u00e9curis\u00e9s via l&#039;identit\u00e9 scango.ch)<\/span><\/p><p><span style=\"font-weight: 400;\">autres infrastructures\u00a0:<\/span> <span style=\"font-weight: 400;\">Vid\u00e9osurveillance, climatisation<\/span><\/p><p><span style=\"font-weight: 400;\">Options de paiement:<\/span> <span style=\"font-weight: 400;\">toutes les cartes courantes ainsi que TWINT<\/span><\/p>\t\t\t\t\t\t\t\t<\/div>\n\t\t\t\t<\/div>\n\t\t\t\t<\/div>\n\t\t<div class=\"elementor-element elementor-element-4383cff e-con-full e-flex e-con e-child\" data-id=\"4383cff\" data-element_type=\"container\" data-e-type=\"container\" data-settings=\"{&quot;jet_parallax_layout_list&quot;:[]}\">\n\t\t\t\t<div class=\"elementor-element elementor-element-11591ff elementor-widget elementor-widget-google_maps\" data-id=\"11591ff\" data-element_type=\"widget\" data-e-type=\"widget\" data-widget_type=\"google_maps.default\">\n\t\t\t\t<div class=\"elementor-widget-container\">\n\t\t\t\t\t\t\t<div class=\"elementor-custom-embed\">\n\t\t\t<iframe loading=\"lazy\"\n\t\t\t\t\tsrc=\"https:\/\/www.google.com\/maps\/embed\/v1\/place?key=AIzaSyDymc0oWz_-QMZgiqss5DIQya7qs8N33ts&#038;q=Dorla%20G%C3%A4hwil&#038;zoom=10\"\n\t\t\t\t\ttitle=\"Dorla G\u00e4hwil\"\n\t\t\t\t\taria-label=\"Dorla G\u00e4hwil\"\n\t\t\t><\/iframe>\n\t\t<\/div>\n\t\t\t\t\t\t<\/div>\n\t\t\t\t<\/div>\n\t\t<div class=\"elementor-element elementor-element-673e5df e-flex e-con-boxed e-con e-child\" data-id=\"673e5df\" data-element_type=\"container\" data-e-type=\"container\" data-settings=\"{&quot;background_background&quot;:&quot;classic&quot;,&quot;jet_parallax_layout_list&quot;:[]}\">\n\t\t\t\t\t<div class=\"e-con-inner\">\n\t\t\t\t<div class=\"elementor-element elementor-element-513c9c4 elementor-widget__width-auto elementor-widget elementor-widget-heading\" data-id=\"513c9c4\" data-element_type=\"widget\" data-e-type=\"widget\" data-widget_type=\"heading.default\">\n\t\t\t\t<div class=\"elementor-widget-container\">\n\t\t\t\t\t<h2 class=\"elementor-heading-title elementor-size-default\">Dorla G\u00e4hwil<\/h2>\t\t\t\t<\/div>\n\t\t\t\t<\/div>\n\t\t\t\t<div class=\"elementor-element elementor-element-3395cc0 elementor-widget__width-auto elementor-widget elementor-widget-heading\" data-id=\"3395cc0\" data-element_type=\"widget\" data-e-type=\"widget\" data-widget_type=\"heading.default\">\n\t\t\t\t<div class=\"elementor-widget-container\">\n\t\t\t\t\t<p class=\"elementor-heading-title elementor-size-default\">Hulfteggstrasse 8<\/p>\t\t\t\t<\/div>\n\t\t\t\t<\/div>\n\t\t\t\t<div class=\"elementor-element elementor-element-724fec2 elementor-widget__width-auto elementor-widget elementor-widget-heading\" data-id=\"724fec2\" data-element_type=\"widget\" data-e-type=\"widget\" data-widget_type=\"heading.default\">\n\t\t\t\t<div class=\"elementor-widget-container\">\n\t\t\t\t\t<p class=\"elementor-heading-title elementor-size-default\">9534 G\u00e4hwil<\/p>\t\t\t\t<\/div>\n\t\t\t\t<\/div>\n\t\t\t\t<div class=\"elementor-element elementor-element-49b8501 elementor-widget__width-auto elementor-widget elementor-widget-heading\" data-id=\"49b8501\" data-element_type=\"widget\" data-e-type=\"widget\" data-widget_type=\"heading.default\">\n\t\t\t\t<div class=\"elementor-widget-container\">\n\t\t\t\t\t<p class=\"elementor-heading-title elementor-size-default\"><a href=\"https:\/\/www.dorla.ch\" target=\"_blank\" rel=\"noopener\">www.dorla.ch<\/a><\/p>\t\t\t\t<\/div>\n\t\t\t\t<\/div>\n\t\t\t\t\t<\/div>\n\t\t\t\t<\/div>\n\t\t\t\t<\/div>\n\t\t\t\t<\/div>\n\t\t\t\t\t<\/div>\n\t\t\t\t<\/div>\n\t\t\t\t<\/div>","protected":false},"excerpt":{"rendered":"<p>Dein Spezialit\u00e4tenladen mit scango.ch Unsere L\u00f6sung ist f\u00fcr autonome und teilautonome Verkaufskonzepte vielf\u00e4ltige einsetzbar.\u00a0Gerade f\u00fcr deinen Spezialit\u00e4tenladen ist scango.ch perfekt geeignet.\u00a0Dir als Betreiberin bleibt mehr Zeit f\u00fcr deine Leidenschaften ausserhalb des Ladenbetriebs. Und deine Kundinnen und Kunden geniessen ein modernes und unabh\u00e4ngiges Einkaufserlebnis. F\u00fcr dich besonders spannend: Label-Drucker-App, mit der du deine Produkte mit scanbaren [&hellip;]<\/p>\n","protected":false},"author":3,"featured_media":0,"parent":0,"menu_order":0,"comment_status":"closed","ping_status":"closed","template":"","meta":{"_jf_save_progress":"","footnotes":""},"class_list":["post-3200","page","type-page","status-publish","hentry"],"_links":{"self":[{"href":"https:\/\/www.scango.ch\/fr\/wp-json\/wp\/v2\/pages\/3200","targetHints":{"allow":["GET"]}}],"collection":[{"href":"https:\/\/www.scango.ch\/fr\/wp-json\/wp\/v2\/pages"}],"about":[{"href":"https:\/\/www.scango.ch\/fr\/wp-json\/wp\/v2\/types\/page"}],"author":[{"embeddable":true,"href":"https:\/\/www.scango.ch\/fr\/wp-json\/wp\/v2\/users\/3"}],"replies":[{"embeddable":true,"href":"https:\/\/www.scango.ch\/fr\/wp-json\/wp\/v2\/comments?post=3200"}],"version-history":[{"count":19,"href":"https:\/\/www.scango.ch\/fr\/wp-json\/wp\/v2\/pages\/3200\/revisions"}],"predecessor-version":[{"id":3308,"href":"https:\/\/www.scango.ch\/fr\/wp-json\/wp\/v2\/pages\/3200\/revisions\/3308"}],"wp:attachment":[{"href":"https:\/\/www.scango.ch\/fr\/wp-json\/wp\/v2\/media?parent=3200"}],"curies":[{"name":"wp","href":"https:\/\/api.w.org\/{rel}","templated":true}]}}