{"id":3266,"date":"2025-12-13T14:19:23","date_gmt":"2025-12-13T13:19:23","guid":{"rendered":"https:\/\/www.scango.ch\/?page_id=3266"},"modified":"2025-12-13T14:25:24","modified_gmt":"2025-12-13T13:25:24","slug":"einsatz-im-dorfladen","status":"publish","type":"page","link":"https:\/\/www.scango.ch\/fr\/einsatz-im-dorfladen\/","title":{"rendered":"Emploi dans le magasin du village"},"content":{"rendered":"<div data-elementor-type=\"wp-page\" data-elementor-id=\"3266\" class=\"elementor elementor-3266\" data-elementor-post-type=\"page\">\n\t\t\t\t<div class=\"elementor-element elementor-element-401b5b1 e-flex e-con-boxed e-con e-parent\" data-id=\"401b5b1\" data-element_type=\"container\" data-e-type=\"container\" data-settings=\"{&quot;jet_parallax_layout_list&quot;:[]}\">\n\t\t\t\t\t<div class=\"e-con-inner\">\n\t\t<div class=\"elementor-element elementor-element-29f7d9e e-flex e-con-boxed e-con e-child\" data-id=\"29f7d9e\" data-element_type=\"container\" data-e-type=\"container\" data-settings=\"{&quot;jet_parallax_layout_list&quot;:[]}\">\n\t\t\t\t\t<div class=\"e-con-inner\">\n\t\t\t\t<div class=\"elementor-element elementor-element-f3af96a elementor-widget elementor-widget-heading\" data-id=\"f3af96a\" data-element_type=\"widget\" data-e-type=\"widget\" data-widget_type=\"heading.default\">\n\t\t\t\t<div class=\"elementor-widget-container\">\n\t\t\t\t\t<h2 class=\"elementor-heading-title elementor-size-default\"><h2 data-elementor-setting-key=\"title\" data-pen-placeholder=\"Eingabe hier...\" data-lt-tmp-id=\"lt-687934\" data-gramm=\"false\" style=\"font-family: Ubuntu, sans-serif;font-weight: 400;line-height: 67.2px;font-size: 48px;text-transform: none;letter-spacing: 1px\"><\/h2><h2 data-elementor-setting-key=\"title\" data-pen-placeholder=\"Eingabe hier...\" data-lt-tmp-id=\"lt-889936\" data-gramm=\"false\" style=\"font-family: Ubuntu, sans-serif;font-weight: 400;line-height: 67.2px;font-size: 48px;text-transform: none\"><div data-id=\"f3af96a\" data-element_type=\"widget\" data-widget_type=\"heading.default\" style=\"align-self: auto;flex: 0 1 auto;align-items: normal;flex-flow: row;gap: 20px;margin-bottom: 0px;--kit-widget-spacing: 0px;max-width: 100%;font-size: 16px;letter-spacing: normal\"><div style=\"height: 67.2031px\"><h2 style=\"font-family: Ubuntu, sans-serif;font-weight: 400;line-height: 67.2px;font-size: 48px;text-transform: none;letter-spacing: 1px\">Votre magasin de village avec scango.ch<span><\/span><\/h2><\/div><\/div><\/h2><\/h2>\t\t\t\t<\/div>\n\t\t\t\t<\/div>\n\t\t\t\t<div class=\"elementor-element elementor-element-fa288fc elementor-widget elementor-widget-text-editor\" data-id=\"fa288fc\" data-element_type=\"widget\" data-e-type=\"widget\" data-widget_type=\"text-editor.default\">\n\t\t\t\t<div class=\"elementor-widget-container\">\n\t\t\t\t\t\t\t\t\t<p>Notre solution est polyvalente et peut \u00eatre utilis\u00e9e pour des concepts de vente autonomes et semi-autonomes. Elle est particuli\u00e8rement adapt\u00e9e aux <strong>votre magasin de village <\/strong>scango.ch est la solution id\u00e9ale. En tant que propri\u00e9taire, vous aurez plus de temps pour vos passions en dehors de la gestion de votre boutique. Et vos clients profiteront d&#039;une exp\u00e9rience d&#039;achat moderne et ind\u00e9pendante.<\/p>\t\t\t\t\t\t\t\t<\/div>\n\t\t\t\t<\/div>\n\t\t\t\t<div class=\"elementor-element elementor-element-307d2f0 elementor-widget elementor-widget-text-editor\" data-id=\"307d2f0\" data-element_type=\"widget\" data-e-type=\"widget\" data-widget_type=\"text-editor.default\">\n\t\t\t\t<div class=\"elementor-widget-container\">\n\t\t\t\t\t\t\t\t\t<p><b>Particuli\u00e8rement int\u00e9ressant pour vous\u00a0:<\/b><\/p><ul><li><strong>Application d&#039;entrep\u00f4t et de commande<\/strong>, Cette solution vous permet de combiner facilement la gestion des stocks et le traitement des commandes. Gr\u00e2ce \u00e0 la fonction \u00ab\u00a0scanner-cliquer-envoyer\u00a0\u00bb, vous pouvez transmettre vos commandes \u00e0 vos fournisseurs en un clin d&#039;\u0153il par e-mail.<\/li><li><strong>application d&#039;imprimante d&#039;\u00e9tiquettes<\/strong>, ce qui vous permet d&#039;\u00e9tiqueter clairement vos rayons pour vos clients et de g\u00e9rer facilement vos r\u00e9approvisionnements.<\/li><li><a href=\"https:\/\/www.scango.ch\/fr\/produit\/scango-ch-scale-s2\/\"><strong>\u00c9chelle<\/strong><\/a>, Ces donn\u00e9es sont li\u00e9es aux informations produits de votre syst\u00e8me de caisse. Vous pouvez ainsi mettre \u00e0 jour les prix et les produits \u00e0 tout moment et o\u00f9 que vous soyez.<\/li><li><strong>S\u00e9lection manuelle simple via l&#039;\u00e9cran de la caisse enregistreuse<\/strong> pour vos produits de boulangerie et autres articles vendus ouvertement.<\/li><\/ul>\t\t\t\t\t\t\t\t<\/div>\n\t\t\t\t<\/div>\n\t\t\t\t<div class=\"elementor-element elementor-element-7fecee2 elementor-widget elementor-widget-text-editor\" data-id=\"7fecee2\" data-element_type=\"widget\" data-e-type=\"widget\" data-widget_type=\"text-editor.default\">\n\t\t\t\t<div class=\"elementor-widget-container\">\n\t\t\t\t\t\t\t\t\t<p><span style=\"font-weight: bolder;\">Envie d&#039;essayer vous-m\u00eame ?\u00a0<\/span>Venez d\u00e9couvrir par vous-m\u00eame notre syst\u00e8me libre-service dans certains points de vente.<br \/>Nous recommandons <a href=\"https:\/\/www.dorla.ch\/\" target=\"_blank\" rel=\"noopener\">Dorla \u00e0 G\u00e4hwil<\/a>.<\/p><p><b>Vous souhaitez faire \u00e9voluer votre projet ?<\/b>\u00a0<a style=\"background-color: rgba(78, 184, 206, 0.05);\" href=\"https:\/\/tally.so\/r\/3qJkok\" target=\"_blank\" rel=\"noopener\">Vous le d\u00e9couvrirez ici en 2 minutes.<\/a>, nos recommandations et les co\u00fbts \u00e0 pr\u00e9voir.<\/p>\t\t\t\t\t\t\t\t<\/div>\n\t\t\t\t<\/div>\n\t\t\t\t\t<\/div>\n\t\t\t\t<\/div>\n\t\t\t\t\t<\/div>\n\t\t\t\t<\/div>\n\t\t<div class=\"elementor-element elementor-element-46cc3bd e-flex e-con-boxed e-con e-parent\" data-id=\"46cc3bd\" data-element_type=\"container\" data-e-type=\"container\" data-settings=\"{&quot;jet_parallax_layout_list&quot;:[]}\">\n\t\t\t\t\t<div class=\"e-con-inner\">\n\t\t<div class=\"elementor-element elementor-element-b299f67 e-con-full e-flex e-con e-child\" data-id=\"b299f67\" data-element_type=\"container\" data-e-type=\"container\" data-settings=\"{&quot;background_background&quot;:&quot;classic&quot;,&quot;jet_parallax_layout_list&quot;:[]}\">\n\t\t<div class=\"elementor-element elementor-element-bd47ea9 e-con-full e-flex e-con e-child\" data-id=\"bd47ea9\" data-element_type=\"container\" data-e-type=\"container\" data-settings=\"{&quot;jet_parallax_layout_list&quot;:[]}\">\n\t\t\t\t<div class=\"elementor-element elementor-element-991f1f2 elementor-widget elementor-widget-heading\" data-id=\"991f1f2\" data-element_type=\"widget\" data-e-type=\"widget\" data-widget_type=\"heading.default\">\n\t\t\t\t<div class=\"elementor-widget-container\">\n\t\t\t\t\t<h2 class=\"elementor-heading-title elementor-size-default\">Boutique de village typique<\/h2>\t\t\t\t<\/div>\n\t\t\t\t<\/div>\n\t\t\t\t<div class=\"elementor-element elementor-element-27c9f00 elementor-widget elementor-widget-text-editor\" data-id=\"27c9f00\" data-element_type=\"widget\" data-e-type=\"widget\" data-widget_type=\"text-editor.default\">\n\t\t\t\t<div class=\"elementor-widget-container\">\n\t\t\t\t\t\t\t\t\t<p>Dorla a ouvert ses portes au printemps 2025. Situ\u00e9 au c\u0153ur du village de G\u00e4hwil, il est ouvert 24h\/24. Son offre, adapt\u00e9e aux besoins de la population du village, comprend des produits d&#039;\u00e9picerie et une s\u00e9lection de produits non alimentaires. Les produits proviennent autant que possible de producteurs r\u00e9gionaux. Dorla propose du pain frais tous les jours, des boissons fra\u00eeches et une cave \u00e0 bi\u00e8res et spiritueux, dont l&#039;acc\u00e8s est r\u00e9serv\u00e9 aux personnes \u00e2g\u00e9es.<\/p><p><span style=\"font-weight: 400;\">Gamme:<\/span>\u00a0<span style=\"font-weight: 400;\">2500 articles d&#039;usage quotidien<\/span><\/p><p><span style=\"font-weight: 400;\">Horaires d&#039;ouvertures:<\/span> <span style=\"font-weight: 400;\">quotidiennement 24 heures<\/span><\/p><p><span style=\"font-weight: 400;\">Se soucier:<\/span> <span style=\"font-weight: 400;\">continuellement sans surveillance<\/span><\/p><p><span style=\"font-weight: 400;\">Terminal de point de vente\u00a0:<\/span> <span style=\"font-weight: 400;\">K2 Commerce de d\u00e9tail (2x)<\/span><\/p><p><span style=\"font-weight: 400;\">Terminal de paiement :<\/span> <span style=\"font-weight: 400;\">PayTec UTP 1000F<\/span><\/p><p><span style=\"font-weight: 400;\">Syst\u00e8me d&#039;acc\u00e8s :<\/span> <span style=\"font-weight: 400;\">aucun (salle de bi\u00e8re et d&#039;alcool avec alcool et tabac s\u00e9curis\u00e9s via l&#039;identit\u00e9 scango.ch)<\/span><\/p><p><span style=\"font-weight: 400;\">autres infrastructures\u00a0:<\/span> <span style=\"font-weight: 400;\">Vid\u00e9osurveillance, climatisation<\/span><\/p><p><span style=\"font-weight: 400;\">Options de paiement:<\/span> <span style=\"font-weight: 400;\">toutes les cartes courantes ainsi que TWINT<\/span><\/p>\t\t\t\t\t\t\t\t<\/div>\n\t\t\t\t<\/div>\n\t\t\t\t<\/div>\n\t\t<div class=\"elementor-element elementor-element-4383cff e-con-full e-flex e-con e-child\" data-id=\"4383cff\" data-element_type=\"container\" data-e-type=\"container\" data-settings=\"{&quot;jet_parallax_layout_list&quot;:[]}\">\n\t\t\t\t<div class=\"elementor-element elementor-element-11591ff elementor-widget elementor-widget-google_maps\" data-id=\"11591ff\" data-element_type=\"widget\" data-e-type=\"widget\" data-widget_type=\"google_maps.default\">\n\t\t\t\t<div class=\"elementor-widget-container\">\n\t\t\t\t\t\t\t<div class=\"elementor-custom-embed\">\n\t\t\t<iframe loading=\"lazy\"\n\t\t\t\t\tsrc=\"https:\/\/www.google.com\/maps\/embed\/v1\/place?key=AIzaSyDymc0oWz_-QMZgiqss5DIQya7qs8N33ts&#038;q=Dorla%20G%C3%A4hwil&#038;zoom=10\"\n\t\t\t\t\ttitle=\"Dorla G\u00e4hwil\"\n\t\t\t\t\taria-label=\"Dorla G\u00e4hwil\"\n\t\t\t><\/iframe>\n\t\t<\/div>\n\t\t\t\t\t\t<\/div>\n\t\t\t\t<\/div>\n\t\t<div class=\"elementor-element elementor-element-673e5df e-flex e-con-boxed e-con e-child\" data-id=\"673e5df\" data-element_type=\"container\" data-e-type=\"container\" data-settings=\"{&quot;background_background&quot;:&quot;classic&quot;,&quot;jet_parallax_layout_list&quot;:[]}\">\n\t\t\t\t\t<div class=\"e-con-inner\">\n\t\t\t\t<div class=\"elementor-element elementor-element-513c9c4 elementor-widget__width-auto elementor-widget elementor-widget-heading\" data-id=\"513c9c4\" data-element_type=\"widget\" data-e-type=\"widget\" data-widget_type=\"heading.default\">\n\t\t\t\t<div class=\"elementor-widget-container\">\n\t\t\t\t\t<h2 class=\"elementor-heading-title elementor-size-default\">Dorla G\u00e4hwil<\/h2>\t\t\t\t<\/div>\n\t\t\t\t<\/div>\n\t\t\t\t<div class=\"elementor-element elementor-element-3395cc0 elementor-widget__width-auto elementor-widget elementor-widget-heading\" data-id=\"3395cc0\" data-element_type=\"widget\" data-e-type=\"widget\" data-widget_type=\"heading.default\">\n\t\t\t\t<div class=\"elementor-widget-container\">\n\t\t\t\t\t<p class=\"elementor-heading-title elementor-size-default\">Hulfteggstrasse 8<\/p>\t\t\t\t<\/div>\n\t\t\t\t<\/div>\n\t\t\t\t<div class=\"elementor-element elementor-element-724fec2 elementor-widget__width-auto elementor-widget elementor-widget-heading\" data-id=\"724fec2\" data-element_type=\"widget\" data-e-type=\"widget\" data-widget_type=\"heading.default\">\n\t\t\t\t<div class=\"elementor-widget-container\">\n\t\t\t\t\t<p class=\"elementor-heading-title elementor-size-default\">9534 G\u00e4hwil<\/p>\t\t\t\t<\/div>\n\t\t\t\t<\/div>\n\t\t\t\t<div class=\"elementor-element elementor-element-49b8501 elementor-widget__width-auto elementor-widget elementor-widget-heading\" data-id=\"49b8501\" data-element_type=\"widget\" data-e-type=\"widget\" data-widget_type=\"heading.default\">\n\t\t\t\t<div class=\"elementor-widget-container\">\n\t\t\t\t\t<p class=\"elementor-heading-title elementor-size-default\"><a href=\"https:\/\/www.dorla.ch\" target=\"_blank\" rel=\"noopener\">www.dorla.ch<\/a><\/p>\t\t\t\t<\/div>\n\t\t\t\t<\/div>\n\t\t\t\t\t<\/div>\n\t\t\t\t<\/div>\n\t\t\t\t<\/div>\n\t\t\t\t<\/div>\n\t\t\t\t\t<\/div>\n\t\t\t\t<\/div>\n\t\t\t\t<\/div>","protected":false},"excerpt":{"rendered":"<p>Dein Dorfladen mit scango.ch Unsere L\u00f6sung ist f\u00fcr autonome und teilautonome Verkaufskonzepte vielf\u00e4ltige einsetzbar.\u00a0Gerade f\u00fcr deinen Dorfladen ist scango.ch perfekt geeignet. Dir als Betreiberin bleibt mehr Zeit f\u00fcr deine Leidenschaften ausserhalb des Ladenbetriebs. Und deine Kundinnen und Kunden geniessen ein modernes und unabh\u00e4ngiges Einkaufserlebnis. F\u00fcr dich besonders spannend: Lager- und Bestell-App, mit der du eine [&hellip;]<\/p>\n","protected":false},"author":3,"featured_media":0,"parent":0,"menu_order":0,"comment_status":"closed","ping_status":"closed","template":"","meta":{"_jf_save_progress":"","footnotes":""},"class_list":["post-3266","page","type-page","status-publish","hentry"],"_links":{"self":[{"href":"https:\/\/www.scango.ch\/fr\/wp-json\/wp\/v2\/pages\/3266","targetHints":{"allow":["GET"]}}],"collection":[{"href":"https:\/\/www.scango.ch\/fr\/wp-json\/wp\/v2\/pages"}],"about":[{"href":"https:\/\/www.scango.ch\/fr\/wp-json\/wp\/v2\/types\/page"}],"author":[{"embeddable":true,"href":"https:\/\/www.scango.ch\/fr\/wp-json\/wp\/v2\/users\/3"}],"replies":[{"embeddable":true,"href":"https:\/\/www.scango.ch\/fr\/wp-json\/wp\/v2\/comments?post=3266"}],"version-history":[{"count":16,"href":"https:\/\/www.scango.ch\/fr\/wp-json\/wp\/v2\/pages\/3266\/revisions"}],"predecessor-version":[{"id":3287,"href":"https:\/\/www.scango.ch\/fr\/wp-json\/wp\/v2\/pages\/3266\/revisions\/3287"}],"wp:attachment":[{"href":"https:\/\/www.scango.ch\/fr\/wp-json\/wp\/v2\/media?parent=3266"}],"curies":[{"name":"wp","href":"https:\/\/api.w.org\/{rel}","templated":true}]}}